{"id":2109,"date":"2024-07-03T03:27:31","date_gmt":"2024-07-03T02:27:31","guid":{"rendered":"https:\/\/www.stockmanparis.fr\/?post_type=product&#038;p=2109"},"modified":"2025-06-30T01:18:41","modified_gmt":"2025-06-30T00:18:41","slug":"corset-b535-coton-ideal-mauve","status":"publish","type":"product","link":"https:\/\/www.stockmanparis.fr\/en\/product\/corset-b535-coton-ideal-mauve\/","title":{"rendered":"CORSET B535 COTTON IDEAL MAUVE"},"content":{"rendered":"<p><strong>Le Corset Haute-Couture avec cache bras vintage<\/strong><br \/>\nB535 finition Coton id\u00e9al n\u00b015 coloris mauve<br \/>\nNeck and armrests in dark red oak finish wood<br \/>\nNew York wood base 30x30x3cm P800 Beech dark red oak finish<br \/>\n1m10 chrome tube adjustable in height<br \/>\nThis corset allows you to put on pants, dresses and skirts (offset tube)<\/p>","protected":false},"excerpt":{"rendered":"<p>Le Corset Haute-Couture avec cache bras vintage B535 finition Coton id\u00e9al n\u00b015 coloris mauve Cou et cache bras bois finition Ch\u00eane fonc\u00e9 rouge Base bois New York 30x30x3cm P800 H\u00eatre finition Ch\u00eane fonc\u00e9 rouge Tube chrome 1m10 r\u00e9glable en hauteur Ce corset permet d\u2019enfiler des pantalons, des robes et des jupes (tube d\u00e9cal\u00e9)<\/p>","protected":false},"featured_media":137,"comment_status":"open","ping_status":"closed","template":"","meta":[],"product_cat":[75,77],"product_tag":[],"class_list":{"0":"post-2109","1":"product","2":"type-product","3":"status-publish","4":"has-post-thumbnail","6":"product_cat-femme","7":"product_cat-intemporel","9":"first","10":"instock","11":"shipping-taxable","12":"product-type-simple"},"yoast_head":"<!-- This site is optimized with the Yoast SEO plugin v23.3 - https:\/\/yoast.com\/wordpress\/plugins\/seo\/ -->\n<title>Corset B535 Coton Id\u00e9al Mauve | Stockman Paris<\/title>\n<meta name=\"robots\" content=\"index, follow, max-snippet:-1, max-image-preview:large, max-video-preview:-1\" \/>\n<link rel=\"canonical\" href=\"https:\/\/www.stockmanparis.fr\/en\/product\/corset-b535-coton-ideal-mauve\/\" \/>\n<meta property=\"og:locale\" content=\"en_US\" \/>\n<meta property=\"og:type\" content=\"article\" \/>\n<meta property=\"og:title\" content=\"Corset B535 Coton Id\u00e9al Mauve | Stockman Paris\" \/>\n<meta property=\"og:description\" content=\"Le Corset Haute-Couture avec cache bras vintage B535 finition Coton id\u00e9al n\u00b015 coloris mauve Cou et cache bras bois finition Ch\u00eane fonc\u00e9 rouge Base bois New York 30x30x3cm P800 H\u00eatre finition Ch\u00eane fonc\u00e9 rouge Tube chrome 1m10 r\u00e9glable en hauteur Ce corset permet d\u2019enfiler des pantalons, des robes et des jupes (tube d\u00e9cal\u00e9)\" \/>\n<meta property=\"og:url\" content=\"https:\/\/www.stockmanparis.fr\/en\/product\/corset-b535-coton-ideal-mauve\/\" \/>\n<meta property=\"og:site_name\" content=\"Stockman Paris\" \/>\n<meta property=\"article:modified_time\" content=\"2025-06-30T00:18:41+00:00\" \/>\n<meta property=\"og:image\" content=\"https:\/\/www.stockmanparis.fr\/wp-content\/uploads\/2013\/05\/Intemporels-9.jpg\" \/>\n\t<meta property=\"og:image:width\" content=\"456\" \/>\n\t<meta property=\"og:image:height\" content=\"700\" \/>\n\t<meta property=\"og:image:type\" content=\"image\/jpeg\" \/>\n<meta name=\"twitter:card\" content=\"summary_large_image\" \/>\n<script type=\"application\/ld+json\" class=\"yoast-schema-graph\">{\"@context\":\"https:\/\/schema.org\",\"@graph\":[{\"@type\":\"WebPage\",\"@id\":\"https:\/\/www.stockmanparis.fr\/product\/corset-b535-coton-ideal-mauve\/\",\"url\":\"https:\/\/www.stockmanparis.fr\/product\/corset-b535-coton-ideal-mauve\/\",\"name\":\"Corset B535 Coton Id\u00e9al Mauve | Stockman Paris\",\"isPartOf\":{\"@id\":\"https:\/\/www.stockmanparis.fr\/#website\"},\"primaryImageOfPage\":{\"@id\":\"https:\/\/www.stockmanparis.fr\/product\/corset-b535-coton-ideal-mauve\/#primaryimage\"},\"image\":{\"@id\":\"https:\/\/www.stockmanparis.fr\/product\/corset-b535-coton-ideal-mauve\/#primaryimage\"},\"thumbnailUrl\":\"https:\/\/www.stockmanparis.fr\/wp-content\/uploads\/2013\/05\/Intemporels-9.jpg\",\"datePublished\":\"2024-07-03T02:27:31+00:00\",\"dateModified\":\"2025-06-30T00:18:41+00:00\",\"breadcrumb\":{\"@id\":\"https:\/\/www.stockmanparis.fr\/product\/corset-b535-coton-ideal-mauve\/#breadcrumb\"},\"inLanguage\":\"en-US\",\"potentialAction\":[{\"@type\":\"ReadAction\",\"target\":[\"https:\/\/www.stockmanparis.fr\/product\/corset-b535-coton-ideal-mauve\/\"]}]},{\"@type\":\"ImageObject\",\"inLanguage\":\"en-US\",\"@id\":\"https:\/\/www.stockmanparis.fr\/product\/corset-b535-coton-ideal-mauve\/#primaryimage\",\"url\":\"https:\/\/www.stockmanparis.fr\/wp-content\/uploads\/2013\/05\/Intemporels-9.jpg\",\"contentUrl\":\"https:\/\/www.stockmanparis.fr\/wp-content\/uploads\/2013\/05\/Intemporels-9.jpg\",\"width\":456,\"height\":700},{\"@type\":\"BreadcrumbList\",\"@id\":\"https:\/\/www.stockmanparis.fr\/product\/corset-b535-coton-ideal-mauve\/#breadcrumb\",\"itemListElement\":[{\"@type\":\"ListItem\",\"position\":1,\"name\":\"Home\",\"item\":\"https:\/\/www.stockmanparis.fr\/\"},{\"@type\":\"ListItem\",\"position\":2,\"name\":\"Boutique\",\"item\":\"https:\/\/www.stockmanparis.fr\/boutique\/\"},{\"@type\":\"ListItem\",\"position\":3,\"name\":\"Corset B535 Coton Id\u00e9al Mauve\"}]},{\"@type\":\"WebSite\",\"@id\":\"https:\/\/www.stockmanparis.fr\/#website\",\"url\":\"https:\/\/www.stockmanparis.fr\/\",\"name\":\"Stockman Paris\",\"description\":\"Bustes et Mannequins Stockman pour la outure et les boutiques\",\"publisher\":{\"@id\":\"https:\/\/www.stockmanparis.fr\/#organization\"},\"potentialAction\":[{\"@type\":\"SearchAction\",\"target\":{\"@type\":\"EntryPoint\",\"urlTemplate\":\"https:\/\/www.stockmanparis.fr\/?s={search_term_string}\"},\"query-input\":\"required name=search_term_string\"}],\"inLanguage\":\"en-US\"},{\"@type\":\"Organization\",\"@id\":\"https:\/\/www.stockmanparis.fr\/#organization\",\"name\":\"Stockman Paris\",\"url\":\"https:\/\/www.stockmanparis.fr\/\",\"logo\":{\"@type\":\"ImageObject\",\"inLanguage\":\"en-US\",\"@id\":\"https:\/\/www.stockmanparis.fr\/#\/schema\/logo\/image\/\",\"url\":\"https:\/\/www.stockmanparis.fr\/wp-content\/uploads\/2013\/04\/logo.png\",\"contentUrl\":\"https:\/\/www.stockmanparis.fr\/wp-content\/uploads\/2013\/04\/logo.png\",\"width\":300,\"height\":132,\"caption\":\"Stockman Paris\"},\"image\":{\"@id\":\"https:\/\/www.stockmanparis.fr\/#\/schema\/logo\/image\/\"}}]}<\/script>\n<!-- \/ Yoast SEO plugin. -->","yoast_head_json":{"title":"Corset B535 Coton Id\u00e9al Mauve | Stockman Paris","robots":{"index":"index","follow":"follow","max-snippet":"max-snippet:-1","max-image-preview":"max-image-preview:large","max-video-preview":"max-video-preview:-1"},"canonical":"https:\/\/www.stockmanparis.fr\/en\/product\/corset-b535-coton-ideal-mauve\/","og_locale":"en_US","og_type":"article","og_title":"Corset B535 Coton Id\u00e9al Mauve | Stockman Paris","og_description":"Le Corset Haute-Couture avec cache bras vintage B535 finition Coton id\u00e9al n\u00b015 coloris mauve Cou et cache bras bois finition Ch\u00eane fonc\u00e9 rouge Base bois New York 30x30x3cm P800 H\u00eatre finition Ch\u00eane fonc\u00e9 rouge Tube chrome 1m10 r\u00e9glable en hauteur Ce corset permet d\u2019enfiler des pantalons, des robes et des jupes (tube d\u00e9cal\u00e9)","og_url":"https:\/\/www.stockmanparis.fr\/en\/product\/corset-b535-coton-ideal-mauve\/","og_site_name":"Stockman Paris","article_modified_time":"2025-06-30T00:18:41+00:00","og_image":[{"width":456,"height":700,"url":"https:\/\/www.stockmanparis.fr\/wp-content\/uploads\/2013\/05\/Intemporels-9.jpg","type":"image\/jpeg"}],"twitter_card":"summary_large_image","schema":{"@context":"https:\/\/schema.org","@graph":[{"@type":"WebPage","@id":"https:\/\/www.stockmanparis.fr\/product\/corset-b535-coton-ideal-mauve\/","url":"https:\/\/www.stockmanparis.fr\/product\/corset-b535-coton-ideal-mauve\/","name":"Corset B535 Coton Id\u00e9al Mauve | Stockman Paris","isPartOf":{"@id":"https:\/\/www.stockmanparis.fr\/#website"},"primaryImageOfPage":{"@id":"https:\/\/www.stockmanparis.fr\/product\/corset-b535-coton-ideal-mauve\/#primaryimage"},"image":{"@id":"https:\/\/www.stockmanparis.fr\/product\/corset-b535-coton-ideal-mauve\/#primaryimage"},"thumbnailUrl":"https:\/\/www.stockmanparis.fr\/wp-content\/uploads\/2013\/05\/Intemporels-9.jpg","datePublished":"2024-07-03T02:27:31+00:00","dateModified":"2025-06-30T00:18:41+00:00","breadcrumb":{"@id":"https:\/\/www.stockmanparis.fr\/product\/corset-b535-coton-ideal-mauve\/#breadcrumb"},"inLanguage":"en-US","potentialAction":[{"@type":"ReadAction","target":["https:\/\/www.stockmanparis.fr\/product\/corset-b535-coton-ideal-mauve\/"]}]},{"@type":"ImageObject","inLanguage":"en-US","@id":"https:\/\/www.stockmanparis.fr\/product\/corset-b535-coton-ideal-mauve\/#primaryimage","url":"https:\/\/www.stockmanparis.fr\/wp-content\/uploads\/2013\/05\/Intemporels-9.jpg","contentUrl":"https:\/\/www.stockmanparis.fr\/wp-content\/uploads\/2013\/05\/Intemporels-9.jpg","width":456,"height":700},{"@type":"BreadcrumbList","@id":"https:\/\/www.stockmanparis.fr\/product\/corset-b535-coton-ideal-mauve\/#breadcrumb","itemListElement":[{"@type":"ListItem","position":1,"name":"Home","item":"https:\/\/www.stockmanparis.fr\/"},{"@type":"ListItem","position":2,"name":"Boutique","item":"https:\/\/www.stockmanparis.fr\/boutique\/"},{"@type":"ListItem","position":3,"name":"Corset B535 Coton Id\u00e9al Mauve"}]},{"@type":"WebSite","@id":"https:\/\/www.stockmanparis.fr\/#website","url":"https:\/\/www.stockmanparis.fr\/","name":"Stockman Paris","description":"Bustes et Mannequins Stockman pour la outure et les boutiques","publisher":{"@id":"https:\/\/www.stockmanparis.fr\/#organization"},"potentialAction":[{"@type":"SearchAction","target":{"@type":"EntryPoint","urlTemplate":"https:\/\/www.stockmanparis.fr\/?s={search_term_string}"},"query-input":"required name=search_term_string"}],"inLanguage":"en-US"},{"@type":"Organization","@id":"https:\/\/www.stockmanparis.fr\/#organization","name":"Stockman Paris","url":"https:\/\/www.stockmanparis.fr\/","logo":{"@type":"ImageObject","inLanguage":"en-US","@id":"https:\/\/www.stockmanparis.fr\/#\/schema\/logo\/image\/","url":"https:\/\/www.stockmanparis.fr\/wp-content\/uploads\/2013\/04\/logo.png","contentUrl":"https:\/\/www.stockmanparis.fr\/wp-content\/uploads\/2013\/04\/logo.png","width":300,"height":132,"caption":"Stockman Paris"},"image":{"@id":"https:\/\/www.stockmanparis.fr\/#\/schema\/logo\/image\/"}}]}},"_links":{"self":[{"href":"https:\/\/www.stockmanparis.fr\/en\/wp-json\/wp\/v2\/product\/2109"}],"collection":[{"href":"https:\/\/www.stockmanparis.fr\/en\/wp-json\/wp\/v2\/product"}],"about":[{"href":"https:\/\/www.stockmanparis.fr\/en\/wp-json\/wp\/v2\/types\/product"}],"replies":[{"embeddable":true,"href":"https:\/\/www.stockmanparis.fr\/en\/wp-json\/wp\/v2\/comments?post=2109"}],"wp:featuredmedia":[{"embeddable":true,"href":"https:\/\/www.stockmanparis.fr\/en\/wp-json\/wp\/v2\/media\/137"}],"wp:attachment":[{"href":"https:\/\/www.stockmanparis.fr\/en\/wp-json\/wp\/v2\/media?parent=2109"}],"wp:term":[{"taxonomy":"product_cat","embeddable":true,"href":"https:\/\/www.stockmanparis.fr\/en\/wp-json\/wp\/v2\/product_cat?post=2109"},{"taxonomy":"product_tag","embeddable":true,"href":"https:\/\/www.stockmanparis.fr\/en\/wp-json\/wp\/v2\/product_tag?post=2109"}],"curies":[{"name":"wp","href":"https:\/\/api.w.org\/{rel}","templated":true}]}}