{"id":2107,"date":"2024-07-03T03:25:36","date_gmt":"2024-07-03T02:25:36","guid":{"rendered":"https:\/\/www.stockmanparis.fr\/?post_type=product&#038;p=2107"},"modified":"2025-01-16T16:54:34","modified_gmt":"2025-01-16T15:54:34","slug":"corset-b535-suspendu","status":"publish","type":"product","link":"https:\/\/www.stockmanparis.fr\/en\/product\/corset-b535-suspendu\/","title":{"rendered":"CORSET B535 SUSPENDED"},"content":{"rendered":"<p><strong>Le Corset Haute-Couture sur potence<\/strong><br \/>\nB535 finition Toile \u00e9crue 01<br \/>\nCou inox bross\u00e9<br \/>\nMarquage Stockman au cou<br \/>\nPotence inox bross\u00e9 P160 avec base 30x40x0,5cm et c\u00e2ble m\u00e9tal de suspension<br \/>\nHauteur r\u00e9glable de 1m50 \u00e0 2m<br \/>\nCe corset permet d\u2019enfiler des pantalons, des robes et des jupes.<\/p>\n<p><img fetchpriority=\"high\" decoding=\"async\" src=\"http:\/\/www.stockmanparis.fr\/wp-content\/uploads\/2013\/06\/Echantillon-Toile-Ecrue.jpg\" alt=\"Echantillon Toile Ecrue\" width=\"425\" height=\"425\" class=\"alignnone size-full wp-image-417\" srcset=\"https:\/\/www.stockmanparis.fr\/wp-content\/uploads\/2013\/06\/Echantillon-Toile-Ecrue.jpg 425w, https:\/\/www.stockmanparis.fr\/wp-content\/uploads\/2013\/06\/Echantillon-Toile-Ecrue-300x300.jpg 300w, https:\/\/www.stockmanparis.fr\/wp-content\/uploads\/2013\/06\/Echantillon-Toile-Ecrue-100x100.jpg 100w\" sizes=\"(max-width: 425px) 100vw, 425px\" \/><\/p>","protected":false},"excerpt":{"rendered":"<p>Le Corset Haute-Couture sur potence B535 finition Toile \u00e9crue 01 Cou inox bross\u00e9 Marquage Stockman au cou Potence inox bross\u00e9 P160 avec base 30x40x0,5cm et c\u00e2ble m\u00e9tal de suspension Hauteur r\u00e9glable de 1m50 \u00e0 2m Ce corset permet d\u2019enfiler des pantalons, des robes et des jupes.<\/p>","protected":false},"featured_media":141,"comment_status":"open","ping_status":"closed","template":"","meta":[],"product_cat":[75,77],"product_tag":[],"class_list":{"0":"post-2107","1":"product","2":"type-product","3":"status-publish","4":"has-post-thumbnail","6":"product_cat-femme","7":"product_cat-intemporel","9":"first","10":"instock","11":"shipping-taxable","12":"product-type-simple"},"yoast_head":"<!-- This site is optimized with the Yoast SEO plugin v23.3 - https:\/\/yoast.com\/wordpress\/plugins\/seo\/ -->\n<title>Corset B535 Suspendu | Stockman Paris<\/title>\n<meta name=\"robots\" content=\"index, follow, max-snippet:-1, max-image-preview:large, max-video-preview:-1\" \/>\n<link rel=\"canonical\" href=\"https:\/\/www.stockmanparis.fr\/en\/product\/corset-b535-suspendu\/\" \/>\n<meta property=\"og:locale\" content=\"en_US\" \/>\n<meta property=\"og:type\" content=\"article\" \/>\n<meta property=\"og:title\" content=\"Corset B535 Suspendu | Stockman Paris\" \/>\n<meta property=\"og:description\" content=\"Le Corset Haute-Couture sur potence B535 finition Toile \u00e9crue 01 Cou inox bross\u00e9 Marquage Stockman au cou Potence inox bross\u00e9 P160 avec base 30x40x0,5cm et c\u00e2ble m\u00e9tal de suspension Hauteur r\u00e9glable de 1m50 \u00e0 2m Ce corset permet d\u2019enfiler des pantalons, des robes et des jupes.\" \/>\n<meta property=\"og:url\" content=\"https:\/\/www.stockmanparis.fr\/en\/product\/corset-b535-suspendu\/\" \/>\n<meta property=\"og:site_name\" content=\"Stockman Paris\" \/>\n<meta property=\"article:modified_time\" content=\"2025-01-16T15:54:34+00:00\" \/>\n<meta property=\"og:image\" content=\"https:\/\/www.stockmanparis.fr\/wp-content\/uploads\/2013\/05\/Intemporels-11.jpg\" \/>\n\t<meta property=\"og:image:width\" content=\"456\" \/>\n\t<meta property=\"og:image:height\" content=\"700\" \/>\n\t<meta property=\"og:image:type\" content=\"image\/jpeg\" \/>\n<meta name=\"twitter:card\" content=\"summary_large_image\" \/>\n<script type=\"application\/ld+json\" class=\"yoast-schema-graph\">{\"@context\":\"https:\/\/schema.org\",\"@graph\":[{\"@type\":\"WebPage\",\"@id\":\"https:\/\/www.stockmanparis.fr\/product\/corset-b535-suspendu\/\",\"url\":\"https:\/\/www.stockmanparis.fr\/product\/corset-b535-suspendu\/\",\"name\":\"Corset B535 Suspendu | Stockman Paris\",\"isPartOf\":{\"@id\":\"https:\/\/www.stockmanparis.fr\/#website\"},\"primaryImageOfPage\":{\"@id\":\"https:\/\/www.stockmanparis.fr\/product\/corset-b535-suspendu\/#primaryimage\"},\"image\":{\"@id\":\"https:\/\/www.stockmanparis.fr\/product\/corset-b535-suspendu\/#primaryimage\"},\"thumbnailUrl\":\"https:\/\/www.stockmanparis.fr\/wp-content\/uploads\/2013\/05\/Intemporels-11.jpg\",\"datePublished\":\"2024-07-03T02:25:36+00:00\",\"dateModified\":\"2025-01-16T15:54:34+00:00\",\"breadcrumb\":{\"@id\":\"https:\/\/www.stockmanparis.fr\/product\/corset-b535-suspendu\/#breadcrumb\"},\"inLanguage\":\"en-US\",\"potentialAction\":[{\"@type\":\"ReadAction\",\"target\":[\"https:\/\/www.stockmanparis.fr\/product\/corset-b535-suspendu\/\"]}]},{\"@type\":\"ImageObject\",\"inLanguage\":\"en-US\",\"@id\":\"https:\/\/www.stockmanparis.fr\/product\/corset-b535-suspendu\/#primaryimage\",\"url\":\"https:\/\/www.stockmanparis.fr\/wp-content\/uploads\/2013\/05\/Intemporels-11.jpg\",\"contentUrl\":\"https:\/\/www.stockmanparis.fr\/wp-content\/uploads\/2013\/05\/Intemporels-11.jpg\",\"width\":456,\"height\":700},{\"@type\":\"BreadcrumbList\",\"@id\":\"https:\/\/www.stockmanparis.fr\/product\/corset-b535-suspendu\/#breadcrumb\",\"itemListElement\":[{\"@type\":\"ListItem\",\"position\":1,\"name\":\"Home\",\"item\":\"https:\/\/www.stockmanparis.fr\/\"},{\"@type\":\"ListItem\",\"position\":2,\"name\":\"Boutique\",\"item\":\"https:\/\/www.stockmanparis.fr\/boutique\/\"},{\"@type\":\"ListItem\",\"position\":3,\"name\":\"Corset B535 Suspendu\"}]},{\"@type\":\"WebSite\",\"@id\":\"https:\/\/www.stockmanparis.fr\/#website\",\"url\":\"https:\/\/www.stockmanparis.fr\/\",\"name\":\"Stockman Paris\",\"description\":\"Bustes et Mannequins Stockman pour la outure et les boutiques\",\"publisher\":{\"@id\":\"https:\/\/www.stockmanparis.fr\/#organization\"},\"potentialAction\":[{\"@type\":\"SearchAction\",\"target\":{\"@type\":\"EntryPoint\",\"urlTemplate\":\"https:\/\/www.stockmanparis.fr\/?s={search_term_string}\"},\"query-input\":\"required name=search_term_string\"}],\"inLanguage\":\"en-US\"},{\"@type\":\"Organization\",\"@id\":\"https:\/\/www.stockmanparis.fr\/#organization\",\"name\":\"Stockman Paris\",\"url\":\"https:\/\/www.stockmanparis.fr\/\",\"logo\":{\"@type\":\"ImageObject\",\"inLanguage\":\"en-US\",\"@id\":\"https:\/\/www.stockmanparis.fr\/#\/schema\/logo\/image\/\",\"url\":\"https:\/\/www.stockmanparis.fr\/wp-content\/uploads\/2013\/04\/logo.png\",\"contentUrl\":\"https:\/\/www.stockmanparis.fr\/wp-content\/uploads\/2013\/04\/logo.png\",\"width\":300,\"height\":132,\"caption\":\"Stockman Paris\"},\"image\":{\"@id\":\"https:\/\/www.stockmanparis.fr\/#\/schema\/logo\/image\/\"}}]}<\/script>\n<!-- \/ Yoast SEO plugin. -->","yoast_head_json":{"title":"Corset B535 Suspendu | Stockman Paris","robots":{"index":"index","follow":"follow","max-snippet":"max-snippet:-1","max-image-preview":"max-image-preview:large","max-video-preview":"max-video-preview:-1"},"canonical":"https:\/\/www.stockmanparis.fr\/en\/product\/corset-b535-suspendu\/","og_locale":"en_US","og_type":"article","og_title":"Corset B535 Suspendu | Stockman Paris","og_description":"Le Corset Haute-Couture sur potence B535 finition Toile \u00e9crue 01 Cou inox bross\u00e9 Marquage Stockman au cou Potence inox bross\u00e9 P160 avec base 30x40x0,5cm et c\u00e2ble m\u00e9tal de suspension Hauteur r\u00e9glable de 1m50 \u00e0 2m Ce corset permet d\u2019enfiler des pantalons, des robes et des jupes.","og_url":"https:\/\/www.stockmanparis.fr\/en\/product\/corset-b535-suspendu\/","og_site_name":"Stockman Paris","article_modified_time":"2025-01-16T15:54:34+00:00","og_image":[{"width":456,"height":700,"url":"https:\/\/www.stockmanparis.fr\/wp-content\/uploads\/2013\/05\/Intemporels-11.jpg","type":"image\/jpeg"}],"twitter_card":"summary_large_image","schema":{"@context":"https:\/\/schema.org","@graph":[{"@type":"WebPage","@id":"https:\/\/www.stockmanparis.fr\/product\/corset-b535-suspendu\/","url":"https:\/\/www.stockmanparis.fr\/product\/corset-b535-suspendu\/","name":"Corset B535 Suspendu | Stockman Paris","isPartOf":{"@id":"https:\/\/www.stockmanparis.fr\/#website"},"primaryImageOfPage":{"@id":"https:\/\/www.stockmanparis.fr\/product\/corset-b535-suspendu\/#primaryimage"},"image":{"@id":"https:\/\/www.stockmanparis.fr\/product\/corset-b535-suspendu\/#primaryimage"},"thumbnailUrl":"https:\/\/www.stockmanparis.fr\/wp-content\/uploads\/2013\/05\/Intemporels-11.jpg","datePublished":"2024-07-03T02:25:36+00:00","dateModified":"2025-01-16T15:54:34+00:00","breadcrumb":{"@id":"https:\/\/www.stockmanparis.fr\/product\/corset-b535-suspendu\/#breadcrumb"},"inLanguage":"en-US","potentialAction":[{"@type":"ReadAction","target":["https:\/\/www.stockmanparis.fr\/product\/corset-b535-suspendu\/"]}]},{"@type":"ImageObject","inLanguage":"en-US","@id":"https:\/\/www.stockmanparis.fr\/product\/corset-b535-suspendu\/#primaryimage","url":"https:\/\/www.stockmanparis.fr\/wp-content\/uploads\/2013\/05\/Intemporels-11.jpg","contentUrl":"https:\/\/www.stockmanparis.fr\/wp-content\/uploads\/2013\/05\/Intemporels-11.jpg","width":456,"height":700},{"@type":"BreadcrumbList","@id":"https:\/\/www.stockmanparis.fr\/product\/corset-b535-suspendu\/#breadcrumb","itemListElement":[{"@type":"ListItem","position":1,"name":"Home","item":"https:\/\/www.stockmanparis.fr\/"},{"@type":"ListItem","position":2,"name":"Boutique","item":"https:\/\/www.stockmanparis.fr\/boutique\/"},{"@type":"ListItem","position":3,"name":"Corset B535 Suspendu"}]},{"@type":"WebSite","@id":"https:\/\/www.stockmanparis.fr\/#website","url":"https:\/\/www.stockmanparis.fr\/","name":"Stockman Paris","description":"Bustes et Mannequins Stockman pour la outure et les boutiques","publisher":{"@id":"https:\/\/www.stockmanparis.fr\/#organization"},"potentialAction":[{"@type":"SearchAction","target":{"@type":"EntryPoint","urlTemplate":"https:\/\/www.stockmanparis.fr\/?s={search_term_string}"},"query-input":"required name=search_term_string"}],"inLanguage":"en-US"},{"@type":"Organization","@id":"https:\/\/www.stockmanparis.fr\/#organization","name":"Stockman Paris","url":"https:\/\/www.stockmanparis.fr\/","logo":{"@type":"ImageObject","inLanguage":"en-US","@id":"https:\/\/www.stockmanparis.fr\/#\/schema\/logo\/image\/","url":"https:\/\/www.stockmanparis.fr\/wp-content\/uploads\/2013\/04\/logo.png","contentUrl":"https:\/\/www.stockmanparis.fr\/wp-content\/uploads\/2013\/04\/logo.png","width":300,"height":132,"caption":"Stockman Paris"},"image":{"@id":"https:\/\/www.stockmanparis.fr\/#\/schema\/logo\/image\/"}}]}},"_links":{"self":[{"href":"https:\/\/www.stockmanparis.fr\/en\/wp-json\/wp\/v2\/product\/2107"}],"collection":[{"href":"https:\/\/www.stockmanparis.fr\/en\/wp-json\/wp\/v2\/product"}],"about":[{"href":"https:\/\/www.stockmanparis.fr\/en\/wp-json\/wp\/v2\/types\/product"}],"replies":[{"embeddable":true,"href":"https:\/\/www.stockmanparis.fr\/en\/wp-json\/wp\/v2\/comments?post=2107"}],"wp:featuredmedia":[{"embeddable":true,"href":"https:\/\/www.stockmanparis.fr\/en\/wp-json\/wp\/v2\/media\/141"}],"wp:attachment":[{"href":"https:\/\/www.stockmanparis.fr\/en\/wp-json\/wp\/v2\/media?parent=2107"}],"wp:term":[{"taxonomy":"product_cat","embeddable":true,"href":"https:\/\/www.stockmanparis.fr\/en\/wp-json\/wp\/v2\/product_cat?post=2107"},{"taxonomy":"product_tag","embeddable":true,"href":"https:\/\/www.stockmanparis.fr\/en\/wp-json\/wp\/v2\/product_tag?post=2107"}],"curies":[{"name":"wp","href":"https:\/\/api.w.org\/{rel}","templated":true}]}}