{"id":2099,"date":"2024-07-03T02:53:30","date_gmt":"2024-07-03T01:53:30","guid":{"rendered":"https:\/\/www.stockmanparis.fr\/?post_type=product&#038;p=2099"},"modified":"2024-10-18T12:49:05","modified_gmt":"2024-10-18T11:49:05","slug":"buste-b306-blanc-vieilli-avec-bras-bois-lasures","status":"publish","type":"product","link":"https:\/\/www.stockmanparis.fr\/en\/product\/buste-b306-blanc-vieilli-avec-bras-bois-lasures\/","title":{"rendered":"BUST B306 AGED WHITE WITH STAINED WOODEN ARMS"},"content":{"rendered":"<p>Le Buste Haute-Couture Blanc vieilli avec bras bois blancs<br \/>\nB306\/38 finition Lin Blanc vieilli n\u00b0 33<br \/>\nTone on tone neck<br \/>\nBras bois articul\u00e9s lasur\u00e9s blancs<br \/>\nBase H\u00eatre 30X30X3 cm P201 finition lasure blanc<br \/>\n1m10 tube adjustable in height<br \/>\nThis bust does not allow you to put on pants, presentation only pinned.<br \/>\n<img fetchpriority=\"high\" decoding=\"async\" src=\"http:\/\/www.stockmanparis.fr\/wp-content\/uploads\/2013\/05\/Detail-Vintage-8.jpg\" alt=\"Detail Vintage 8\" width=\"425\" height=\"425\" class=\"alignnone size-full wp-image-634\" srcset=\"https:\/\/www.stockmanparis.fr\/wp-content\/uploads\/2013\/05\/Detail-Vintage-8.jpg 425w, https:\/\/www.stockmanparis.fr\/wp-content\/uploads\/2013\/05\/Detail-Vintage-8-300x300.jpg 300w, https:\/\/www.stockmanparis.fr\/wp-content\/uploads\/2013\/05\/Detail-Vintage-8-100x100.jpg 100w\" sizes=\"(max-width: 425px) 100vw, 425px\" \/><\/p>","protected":false},"excerpt":{"rendered":"<p>Le Buste Haute-Couture Blanc vieilli avec bras bois blancs B306\/38 finition Lin Blanc vieilli n\u00b0 33 Cou ton sur ton Bras bois articul\u00e9s lasur\u00e9s blancs Base H\u00eatre 30X30X3 cm P201 finition lasure blanc Tube 1m10 r\u00e9glable en hauteur Ce buste ne permet pas d\u2019enfiler des pantalons, pr\u00e9sentation uniquement \u00e9pingl\u00e9e.<\/p>","protected":false},"featured_media":200,"comment_status":"open","ping_status":"closed","template":"","meta":[],"product_cat":[75,87],"product_tag":[],"class_list":{"0":"post-2099","1":"product","2":"type-product","3":"status-publish","4":"has-post-thumbnail","6":"product_cat-femme","7":"product_cat-vintage","9":"first","10":"instock","11":"shipping-taxable","12":"product-type-simple"},"yoast_head":"<!-- This site is optimized with the Yoast SEO plugin v23.3 - https:\/\/yoast.com\/wordpress\/plugins\/seo\/ -->\n<title>Buste B306 Blanc vieilli avec bras bois lasures | Stockman Paris<\/title>\n<meta name=\"robots\" content=\"index, follow, max-snippet:-1, max-image-preview:large, max-video-preview:-1\" \/>\n<link rel=\"canonical\" href=\"https:\/\/www.stockmanparis.fr\/en\/product\/buste-b306-blanc-vieilli-avec-bras-bois-lasures\/\" \/>\n<meta property=\"og:locale\" content=\"en_US\" \/>\n<meta property=\"og:type\" content=\"article\" \/>\n<meta property=\"og:title\" content=\"Buste B306 Blanc vieilli avec bras bois lasures | Stockman Paris\" \/>\n<meta property=\"og:description\" content=\"Le Buste Haute-Couture Blanc vieilli avec bras bois blancs B306\/38 finition Lin Blanc vieilli n\u00b0 33 Cou ton sur ton Bras bois articul\u00e9s lasur\u00e9s blancs Base H\u00eatre 30X30X3 cm P201 finition lasure blanc Tube 1m10 r\u00e9glable en hauteur Ce buste ne permet pas d\u2019enfiler des pantalons, pr\u00e9sentation uniquement \u00e9pingl\u00e9e.\" \/>\n<meta property=\"og:url\" content=\"https:\/\/www.stockmanparis.fr\/en\/product\/buste-b306-blanc-vieilli-avec-bras-bois-lasures\/\" \/>\n<meta property=\"og:site_name\" content=\"Stockman Paris\" \/>\n<meta property=\"article:modified_time\" content=\"2024-10-18T11:49:05+00:00\" \/>\n<meta property=\"og:image\" content=\"https:\/\/www.stockmanparis.fr\/wp-content\/uploads\/2013\/05\/mannequin-stockman-vintage-8.jpg\" \/>\n\t<meta property=\"og:image:width\" content=\"456\" \/>\n\t<meta property=\"og:image:height\" content=\"700\" \/>\n\t<meta property=\"og:image:type\" content=\"image\/jpeg\" \/>\n<meta name=\"twitter:card\" content=\"summary_large_image\" \/>\n<script type=\"application\/ld+json\" class=\"yoast-schema-graph\">{\"@context\":\"https:\/\/schema.org\",\"@graph\":[{\"@type\":\"WebPage\",\"@id\":\"https:\/\/www.stockmanparis.fr\/product\/buste-b306-blanc-vieilli-avec-bras-bois-lasures\/\",\"url\":\"https:\/\/www.stockmanparis.fr\/product\/buste-b306-blanc-vieilli-avec-bras-bois-lasures\/\",\"name\":\"Buste B306 Blanc vieilli avec bras bois lasures | Stockman Paris\",\"isPartOf\":{\"@id\":\"https:\/\/www.stockmanparis.fr\/#website\"},\"primaryImageOfPage\":{\"@id\":\"https:\/\/www.stockmanparis.fr\/product\/buste-b306-blanc-vieilli-avec-bras-bois-lasures\/#primaryimage\"},\"image\":{\"@id\":\"https:\/\/www.stockmanparis.fr\/product\/buste-b306-blanc-vieilli-avec-bras-bois-lasures\/#primaryimage\"},\"thumbnailUrl\":\"https:\/\/www.stockmanparis.fr\/wp-content\/uploads\/2013\/05\/mannequin-stockman-vintage-8.jpg\",\"datePublished\":\"2024-07-03T01:53:30+00:00\",\"dateModified\":\"2024-10-18T11:49:05+00:00\",\"breadcrumb\":{\"@id\":\"https:\/\/www.stockmanparis.fr\/product\/buste-b306-blanc-vieilli-avec-bras-bois-lasures\/#breadcrumb\"},\"inLanguage\":\"en-US\",\"potentialAction\":[{\"@type\":\"ReadAction\",\"target\":[\"https:\/\/www.stockmanparis.fr\/product\/buste-b306-blanc-vieilli-avec-bras-bois-lasures\/\"]}]},{\"@type\":\"ImageObject\",\"inLanguage\":\"en-US\",\"@id\":\"https:\/\/www.stockmanparis.fr\/product\/buste-b306-blanc-vieilli-avec-bras-bois-lasures\/#primaryimage\",\"url\":\"https:\/\/www.stockmanparis.fr\/wp-content\/uploads\/2013\/05\/mannequin-stockman-vintage-8.jpg\",\"contentUrl\":\"https:\/\/www.stockmanparis.fr\/wp-content\/uploads\/2013\/05\/mannequin-stockman-vintage-8.jpg\",\"width\":456,\"height\":700,\"caption\":\"Mannequin Stockman Vintage 8\"},{\"@type\":\"BreadcrumbList\",\"@id\":\"https:\/\/www.stockmanparis.fr\/product\/buste-b306-blanc-vieilli-avec-bras-bois-lasures\/#breadcrumb\",\"itemListElement\":[{\"@type\":\"ListItem\",\"position\":1,\"name\":\"Home\",\"item\":\"https:\/\/www.stockmanparis.fr\/\"},{\"@type\":\"ListItem\",\"position\":2,\"name\":\"Boutique\",\"item\":\"https:\/\/www.stockmanparis.fr\/boutique\/\"},{\"@type\":\"ListItem\",\"position\":3,\"name\":\"Buste B306 Blanc vieilli avec bras bois lasures\"}]},{\"@type\":\"WebSite\",\"@id\":\"https:\/\/www.stockmanparis.fr\/#website\",\"url\":\"https:\/\/www.stockmanparis.fr\/\",\"name\":\"Stockman Paris\",\"description\":\"Bustes et Mannequins Stockman pour la outure et les boutiques\",\"publisher\":{\"@id\":\"https:\/\/www.stockmanparis.fr\/#organization\"},\"potentialAction\":[{\"@type\":\"SearchAction\",\"target\":{\"@type\":\"EntryPoint\",\"urlTemplate\":\"https:\/\/www.stockmanparis.fr\/?s={search_term_string}\"},\"query-input\":\"required name=search_term_string\"}],\"inLanguage\":\"en-US\"},{\"@type\":\"Organization\",\"@id\":\"https:\/\/www.stockmanparis.fr\/#organization\",\"name\":\"Stockman Paris\",\"url\":\"https:\/\/www.stockmanparis.fr\/\",\"logo\":{\"@type\":\"ImageObject\",\"inLanguage\":\"en-US\",\"@id\":\"https:\/\/www.stockmanparis.fr\/#\/schema\/logo\/image\/\",\"url\":\"https:\/\/www.stockmanparis.fr\/wp-content\/uploads\/2013\/04\/logo.png\",\"contentUrl\":\"https:\/\/www.stockmanparis.fr\/wp-content\/uploads\/2013\/04\/logo.png\",\"width\":300,\"height\":132,\"caption\":\"Stockman Paris\"},\"image\":{\"@id\":\"https:\/\/www.stockmanparis.fr\/#\/schema\/logo\/image\/\"}}]}<\/script>\n<!-- \/ Yoast SEO plugin. -->","yoast_head_json":{"title":"Buste B306 Blanc vieilli avec bras bois lasures | Stockman Paris","robots":{"index":"index","follow":"follow","max-snippet":"max-snippet:-1","max-image-preview":"max-image-preview:large","max-video-preview":"max-video-preview:-1"},"canonical":"https:\/\/www.stockmanparis.fr\/en\/product\/buste-b306-blanc-vieilli-avec-bras-bois-lasures\/","og_locale":"en_US","og_type":"article","og_title":"Buste B306 Blanc vieilli avec bras bois lasures | Stockman Paris","og_description":"Le Buste Haute-Couture Blanc vieilli avec bras bois blancs B306\/38 finition Lin Blanc vieilli n\u00b0 33 Cou ton sur ton Bras bois articul\u00e9s lasur\u00e9s blancs Base H\u00eatre 30X30X3 cm P201 finition lasure blanc Tube 1m10 r\u00e9glable en hauteur Ce buste ne permet pas d\u2019enfiler des pantalons, pr\u00e9sentation uniquement \u00e9pingl\u00e9e.","og_url":"https:\/\/www.stockmanparis.fr\/en\/product\/buste-b306-blanc-vieilli-avec-bras-bois-lasures\/","og_site_name":"Stockman Paris","article_modified_time":"2024-10-18T11:49:05+00:00","og_image":[{"width":456,"height":700,"url":"https:\/\/www.stockmanparis.fr\/wp-content\/uploads\/2013\/05\/mannequin-stockman-vintage-8.jpg","type":"image\/jpeg"}],"twitter_card":"summary_large_image","schema":{"@context":"https:\/\/schema.org","@graph":[{"@type":"WebPage","@id":"https:\/\/www.stockmanparis.fr\/product\/buste-b306-blanc-vieilli-avec-bras-bois-lasures\/","url":"https:\/\/www.stockmanparis.fr\/product\/buste-b306-blanc-vieilli-avec-bras-bois-lasures\/","name":"Buste B306 Blanc vieilli avec bras bois lasures | Stockman Paris","isPartOf":{"@id":"https:\/\/www.stockmanparis.fr\/#website"},"primaryImageOfPage":{"@id":"https:\/\/www.stockmanparis.fr\/product\/buste-b306-blanc-vieilli-avec-bras-bois-lasures\/#primaryimage"},"image":{"@id":"https:\/\/www.stockmanparis.fr\/product\/buste-b306-blanc-vieilli-avec-bras-bois-lasures\/#primaryimage"},"thumbnailUrl":"https:\/\/www.stockmanparis.fr\/wp-content\/uploads\/2013\/05\/mannequin-stockman-vintage-8.jpg","datePublished":"2024-07-03T01:53:30+00:00","dateModified":"2024-10-18T11:49:05+00:00","breadcrumb":{"@id":"https:\/\/www.stockmanparis.fr\/product\/buste-b306-blanc-vieilli-avec-bras-bois-lasures\/#breadcrumb"},"inLanguage":"en-US","potentialAction":[{"@type":"ReadAction","target":["https:\/\/www.stockmanparis.fr\/product\/buste-b306-blanc-vieilli-avec-bras-bois-lasures\/"]}]},{"@type":"ImageObject","inLanguage":"en-US","@id":"https:\/\/www.stockmanparis.fr\/product\/buste-b306-blanc-vieilli-avec-bras-bois-lasures\/#primaryimage","url":"https:\/\/www.stockmanparis.fr\/wp-content\/uploads\/2013\/05\/mannequin-stockman-vintage-8.jpg","contentUrl":"https:\/\/www.stockmanparis.fr\/wp-content\/uploads\/2013\/05\/mannequin-stockman-vintage-8.jpg","width":456,"height":700,"caption":"Mannequin Stockman Vintage 8"},{"@type":"BreadcrumbList","@id":"https:\/\/www.stockmanparis.fr\/product\/buste-b306-blanc-vieilli-avec-bras-bois-lasures\/#breadcrumb","itemListElement":[{"@type":"ListItem","position":1,"name":"Home","item":"https:\/\/www.stockmanparis.fr\/"},{"@type":"ListItem","position":2,"name":"Boutique","item":"https:\/\/www.stockmanparis.fr\/boutique\/"},{"@type":"ListItem","position":3,"name":"Buste B306 Blanc vieilli avec bras bois lasures"}]},{"@type":"WebSite","@id":"https:\/\/www.stockmanparis.fr\/#website","url":"https:\/\/www.stockmanparis.fr\/","name":"Stockman Paris","description":"Bustes et Mannequins Stockman pour la outure et les boutiques","publisher":{"@id":"https:\/\/www.stockmanparis.fr\/#organization"},"potentialAction":[{"@type":"SearchAction","target":{"@type":"EntryPoint","urlTemplate":"https:\/\/www.stockmanparis.fr\/?s={search_term_string}"},"query-input":"required name=search_term_string"}],"inLanguage":"en-US"},{"@type":"Organization","@id":"https:\/\/www.stockmanparis.fr\/#organization","name":"Stockman Paris","url":"https:\/\/www.stockmanparis.fr\/","logo":{"@type":"ImageObject","inLanguage":"en-US","@id":"https:\/\/www.stockmanparis.fr\/#\/schema\/logo\/image\/","url":"https:\/\/www.stockmanparis.fr\/wp-content\/uploads\/2013\/04\/logo.png","contentUrl":"https:\/\/www.stockmanparis.fr\/wp-content\/uploads\/2013\/04\/logo.png","width":300,"height":132,"caption":"Stockman Paris"},"image":{"@id":"https:\/\/www.stockmanparis.fr\/#\/schema\/logo\/image\/"}}]}},"_links":{"self":[{"href":"https:\/\/www.stockmanparis.fr\/en\/wp-json\/wp\/v2\/product\/2099"}],"collection":[{"href":"https:\/\/www.stockmanparis.fr\/en\/wp-json\/wp\/v2\/product"}],"about":[{"href":"https:\/\/www.stockmanparis.fr\/en\/wp-json\/wp\/v2\/types\/product"}],"replies":[{"embeddable":true,"href":"https:\/\/www.stockmanparis.fr\/en\/wp-json\/wp\/v2\/comments?post=2099"}],"wp:featuredmedia":[{"embeddable":true,"href":"https:\/\/www.stockmanparis.fr\/en\/wp-json\/wp\/v2\/media\/200"}],"wp:attachment":[{"href":"https:\/\/www.stockmanparis.fr\/en\/wp-json\/wp\/v2\/media?parent=2099"}],"wp:term":[{"taxonomy":"product_cat","embeddable":true,"href":"https:\/\/www.stockmanparis.fr\/en\/wp-json\/wp\/v2\/product_cat?post=2099"},{"taxonomy":"product_tag","embeddable":true,"href":"https:\/\/www.stockmanparis.fr\/en\/wp-json\/wp\/v2\/product_tag?post=2099"}],"curies":[{"name":"wp","href":"https:\/\/api.w.org\/{rel}","templated":true}]}}