{"id":2098,"date":"2024-07-03T02:52:36","date_gmt":"2024-07-03T01:52:36","guid":{"rendered":"https:\/\/www.stockmanparis.fr\/?post_type=product&#038;p=2098"},"modified":"2025-04-12T11:39:12","modified_gmt":"2025-04-12T10:39:12","slug":"buste-b516-lin-moyen","status":"publish","type":"product","link":"https:\/\/www.stockmanparis.fr\/en\/product\/buste-b516-lin-moyen\/","title":{"rendered":"BUST B516 MEDIUM LINEN"},"content":{"rendered":"<p>Le Buste R\u00e9aliste Lin moyen<br \/>\nB516 finition Lin moyen n\u00b025<br \/>\nCou poign\u00e9e coll\u00e9e Frak\u00e9<br \/>\nBase Bois Frak\u00e9 sabl\u00e9 30x40x4 cm P813<br \/>\n1m10 tube adjustable in height<br \/>\nThis bust does not allow you to put on pants, presentation only pinned.<br \/>\n<img fetchpriority=\"high\" decoding=\"async\" src=\"http:\/\/www.stockmanparis.fr\/wp-content\/uploads\/2013\/05\/Detail-Vintage-9.jpg\" alt=\"Detail Vintage 9\" width=\"425\" height=\"425\" class=\"alignnone size-full wp-image-636\" srcset=\"https:\/\/www.stockmanparis.fr\/wp-content\/uploads\/2013\/05\/Detail-Vintage-9.jpg 425w, https:\/\/www.stockmanparis.fr\/wp-content\/uploads\/2013\/05\/Detail-Vintage-9-300x300.jpg 300w, https:\/\/www.stockmanparis.fr\/wp-content\/uploads\/2013\/05\/Detail-Vintage-9-100x100.jpg 100w\" sizes=\"(max-width: 425px) 100vw, 425px\" \/><\/p>","protected":false},"excerpt":{"rendered":"<p>Le Buste R\u00e9aliste Lin moyen B516 finition Lin moyen n\u00b025 Cou poign\u00e9e coll\u00e9e Frak\u00e9 Base Bois Frak\u00e9 sabl\u00e9 30x40x4 cm P813 Tube 1m10 r\u00e9glable en hauteur Ce buste ne permet pas d\u2019enfiler des pantalons, pr\u00e9sentation uniquement \u00e9pingl\u00e9e.<\/p>","protected":false},"featured_media":202,"comment_status":"open","ping_status":"closed","template":"","meta":[],"product_cat":[75,87],"product_tag":[],"class_list":{"0":"post-2098","1":"product","2":"type-product","3":"status-publish","4":"has-post-thumbnail","6":"product_cat-femme","7":"product_cat-vintage","9":"first","10":"instock","11":"shipping-taxable","12":"product-type-simple"},"yoast_head":"<!-- This site is optimized with the Yoast SEO plugin v23.3 - https:\/\/yoast.com\/wordpress\/plugins\/seo\/ -->\n<title>Buste B516 Lin moyen | Stockman Paris<\/title>\n<meta name=\"robots\" content=\"index, follow, max-snippet:-1, max-image-preview:large, max-video-preview:-1\" \/>\n<link rel=\"canonical\" href=\"https:\/\/www.stockmanparis.fr\/en\/product\/buste-b516-lin-moyen\/\" \/>\n<meta property=\"og:locale\" content=\"en_US\" \/>\n<meta property=\"og:type\" content=\"article\" \/>\n<meta property=\"og:title\" content=\"Buste B516 Lin moyen | Stockman Paris\" \/>\n<meta property=\"og:description\" content=\"Le Buste R\u00e9aliste Lin moyen B516 finition Lin moyen n\u00b025 Cou poign\u00e9e coll\u00e9e Frak\u00e9 Base Bois Frak\u00e9 sabl\u00e9 30x40x4 cm P813 Tube 1m10 r\u00e9glable en hauteur Ce buste ne permet pas d\u2019enfiler des pantalons, pr\u00e9sentation uniquement \u00e9pingl\u00e9e.\" \/>\n<meta property=\"og:url\" content=\"https:\/\/www.stockmanparis.fr\/en\/product\/buste-b516-lin-moyen\/\" \/>\n<meta property=\"og:site_name\" content=\"Stockman Paris\" \/>\n<meta property=\"article:modified_time\" content=\"2025-04-12T10:39:12+00:00\" \/>\n<meta property=\"og:image\" content=\"https:\/\/www.stockmanparis.fr\/wp-content\/uploads\/2013\/05\/mannequin-stockman-vintage-9.jpg\" \/>\n\t<meta property=\"og:image:width\" content=\"456\" \/>\n\t<meta property=\"og:image:height\" content=\"700\" \/>\n\t<meta property=\"og:image:type\" content=\"image\/jpeg\" \/>\n<meta name=\"twitter:card\" content=\"summary_large_image\" \/>\n<script type=\"application\/ld+json\" class=\"yoast-schema-graph\">{\"@context\":\"https:\/\/schema.org\",\"@graph\":[{\"@type\":\"WebPage\",\"@id\":\"https:\/\/www.stockmanparis.fr\/product\/buste-b516-lin-moyen\/\",\"url\":\"https:\/\/www.stockmanparis.fr\/product\/buste-b516-lin-moyen\/\",\"name\":\"Buste B516 Lin moyen | Stockman Paris\",\"isPartOf\":{\"@id\":\"https:\/\/www.stockmanparis.fr\/#website\"},\"primaryImageOfPage\":{\"@id\":\"https:\/\/www.stockmanparis.fr\/product\/buste-b516-lin-moyen\/#primaryimage\"},\"image\":{\"@id\":\"https:\/\/www.stockmanparis.fr\/product\/buste-b516-lin-moyen\/#primaryimage\"},\"thumbnailUrl\":\"https:\/\/www.stockmanparis.fr\/wp-content\/uploads\/2013\/05\/mannequin-stockman-vintage-9.jpg\",\"datePublished\":\"2024-07-03T01:52:36+00:00\",\"dateModified\":\"2025-04-12T10:39:12+00:00\",\"breadcrumb\":{\"@id\":\"https:\/\/www.stockmanparis.fr\/product\/buste-b516-lin-moyen\/#breadcrumb\"},\"inLanguage\":\"en-US\",\"potentialAction\":[{\"@type\":\"ReadAction\",\"target\":[\"https:\/\/www.stockmanparis.fr\/product\/buste-b516-lin-moyen\/\"]}]},{\"@type\":\"ImageObject\",\"inLanguage\":\"en-US\",\"@id\":\"https:\/\/www.stockmanparis.fr\/product\/buste-b516-lin-moyen\/#primaryimage\",\"url\":\"https:\/\/www.stockmanparis.fr\/wp-content\/uploads\/2013\/05\/mannequin-stockman-vintage-9.jpg\",\"contentUrl\":\"https:\/\/www.stockmanparis.fr\/wp-content\/uploads\/2013\/05\/mannequin-stockman-vintage-9.jpg\",\"width\":456,\"height\":700,\"caption\":\"Mannequin Stockman Vintage 9\"},{\"@type\":\"BreadcrumbList\",\"@id\":\"https:\/\/www.stockmanparis.fr\/product\/buste-b516-lin-moyen\/#breadcrumb\",\"itemListElement\":[{\"@type\":\"ListItem\",\"position\":1,\"name\":\"Home\",\"item\":\"https:\/\/www.stockmanparis.fr\/\"},{\"@type\":\"ListItem\",\"position\":2,\"name\":\"Boutique\",\"item\":\"https:\/\/www.stockmanparis.fr\/boutique\/\"},{\"@type\":\"ListItem\",\"position\":3,\"name\":\"Buste B516 Lin moyen\"}]},{\"@type\":\"WebSite\",\"@id\":\"https:\/\/www.stockmanparis.fr\/#website\",\"url\":\"https:\/\/www.stockmanparis.fr\/\",\"name\":\"Stockman Paris\",\"description\":\"Bustes et Mannequins Stockman pour la outure et les boutiques\",\"publisher\":{\"@id\":\"https:\/\/www.stockmanparis.fr\/#organization\"},\"potentialAction\":[{\"@type\":\"SearchAction\",\"target\":{\"@type\":\"EntryPoint\",\"urlTemplate\":\"https:\/\/www.stockmanparis.fr\/?s={search_term_string}\"},\"query-input\":\"required name=search_term_string\"}],\"inLanguage\":\"en-US\"},{\"@type\":\"Organization\",\"@id\":\"https:\/\/www.stockmanparis.fr\/#organization\",\"name\":\"Stockman Paris\",\"url\":\"https:\/\/www.stockmanparis.fr\/\",\"logo\":{\"@type\":\"ImageObject\",\"inLanguage\":\"en-US\",\"@id\":\"https:\/\/www.stockmanparis.fr\/#\/schema\/logo\/image\/\",\"url\":\"https:\/\/www.stockmanparis.fr\/wp-content\/uploads\/2013\/04\/logo.png\",\"contentUrl\":\"https:\/\/www.stockmanparis.fr\/wp-content\/uploads\/2013\/04\/logo.png\",\"width\":300,\"height\":132,\"caption\":\"Stockman Paris\"},\"image\":{\"@id\":\"https:\/\/www.stockmanparis.fr\/#\/schema\/logo\/image\/\"}}]}<\/script>\n<!-- \/ Yoast SEO plugin. -->","yoast_head_json":{"title":"Buste B516 Lin moyen | Stockman Paris","robots":{"index":"index","follow":"follow","max-snippet":"max-snippet:-1","max-image-preview":"max-image-preview:large","max-video-preview":"max-video-preview:-1"},"canonical":"https:\/\/www.stockmanparis.fr\/en\/product\/buste-b516-lin-moyen\/","og_locale":"en_US","og_type":"article","og_title":"Buste B516 Lin moyen | Stockman Paris","og_description":"Le Buste R\u00e9aliste Lin moyen B516 finition Lin moyen n\u00b025 Cou poign\u00e9e coll\u00e9e Frak\u00e9 Base Bois Frak\u00e9 sabl\u00e9 30x40x4 cm P813 Tube 1m10 r\u00e9glable en hauteur Ce buste ne permet pas d\u2019enfiler des pantalons, pr\u00e9sentation uniquement \u00e9pingl\u00e9e.","og_url":"https:\/\/www.stockmanparis.fr\/en\/product\/buste-b516-lin-moyen\/","og_site_name":"Stockman Paris","article_modified_time":"2025-04-12T10:39:12+00:00","og_image":[{"width":456,"height":700,"url":"https:\/\/www.stockmanparis.fr\/wp-content\/uploads\/2013\/05\/mannequin-stockman-vintage-9.jpg","type":"image\/jpeg"}],"twitter_card":"summary_large_image","schema":{"@context":"https:\/\/schema.org","@graph":[{"@type":"WebPage","@id":"https:\/\/www.stockmanparis.fr\/product\/buste-b516-lin-moyen\/","url":"https:\/\/www.stockmanparis.fr\/product\/buste-b516-lin-moyen\/","name":"Buste B516 Lin moyen | Stockman Paris","isPartOf":{"@id":"https:\/\/www.stockmanparis.fr\/#website"},"primaryImageOfPage":{"@id":"https:\/\/www.stockmanparis.fr\/product\/buste-b516-lin-moyen\/#primaryimage"},"image":{"@id":"https:\/\/www.stockmanparis.fr\/product\/buste-b516-lin-moyen\/#primaryimage"},"thumbnailUrl":"https:\/\/www.stockmanparis.fr\/wp-content\/uploads\/2013\/05\/mannequin-stockman-vintage-9.jpg","datePublished":"2024-07-03T01:52:36+00:00","dateModified":"2025-04-12T10:39:12+00:00","breadcrumb":{"@id":"https:\/\/www.stockmanparis.fr\/product\/buste-b516-lin-moyen\/#breadcrumb"},"inLanguage":"en-US","potentialAction":[{"@type":"ReadAction","target":["https:\/\/www.stockmanparis.fr\/product\/buste-b516-lin-moyen\/"]}]},{"@type":"ImageObject","inLanguage":"en-US","@id":"https:\/\/www.stockmanparis.fr\/product\/buste-b516-lin-moyen\/#primaryimage","url":"https:\/\/www.stockmanparis.fr\/wp-content\/uploads\/2013\/05\/mannequin-stockman-vintage-9.jpg","contentUrl":"https:\/\/www.stockmanparis.fr\/wp-content\/uploads\/2013\/05\/mannequin-stockman-vintage-9.jpg","width":456,"height":700,"caption":"Mannequin Stockman Vintage 9"},{"@type":"BreadcrumbList","@id":"https:\/\/www.stockmanparis.fr\/product\/buste-b516-lin-moyen\/#breadcrumb","itemListElement":[{"@type":"ListItem","position":1,"name":"Home","item":"https:\/\/www.stockmanparis.fr\/"},{"@type":"ListItem","position":2,"name":"Boutique","item":"https:\/\/www.stockmanparis.fr\/boutique\/"},{"@type":"ListItem","position":3,"name":"Buste B516 Lin moyen"}]},{"@type":"WebSite","@id":"https:\/\/www.stockmanparis.fr\/#website","url":"https:\/\/www.stockmanparis.fr\/","name":"Stockman Paris","description":"Bustes et Mannequins Stockman pour la outure et les boutiques","publisher":{"@id":"https:\/\/www.stockmanparis.fr\/#organization"},"potentialAction":[{"@type":"SearchAction","target":{"@type":"EntryPoint","urlTemplate":"https:\/\/www.stockmanparis.fr\/?s={search_term_string}"},"query-input":"required name=search_term_string"}],"inLanguage":"en-US"},{"@type":"Organization","@id":"https:\/\/www.stockmanparis.fr\/#organization","name":"Stockman Paris","url":"https:\/\/www.stockmanparis.fr\/","logo":{"@type":"ImageObject","inLanguage":"en-US","@id":"https:\/\/www.stockmanparis.fr\/#\/schema\/logo\/image\/","url":"https:\/\/www.stockmanparis.fr\/wp-content\/uploads\/2013\/04\/logo.png","contentUrl":"https:\/\/www.stockmanparis.fr\/wp-content\/uploads\/2013\/04\/logo.png","width":300,"height":132,"caption":"Stockman Paris"},"image":{"@id":"https:\/\/www.stockmanparis.fr\/#\/schema\/logo\/image\/"}}]}},"_links":{"self":[{"href":"https:\/\/www.stockmanparis.fr\/en\/wp-json\/wp\/v2\/product\/2098"}],"collection":[{"href":"https:\/\/www.stockmanparis.fr\/en\/wp-json\/wp\/v2\/product"}],"about":[{"href":"https:\/\/www.stockmanparis.fr\/en\/wp-json\/wp\/v2\/types\/product"}],"replies":[{"embeddable":true,"href":"https:\/\/www.stockmanparis.fr\/en\/wp-json\/wp\/v2\/comments?post=2098"}],"wp:featuredmedia":[{"embeddable":true,"href":"https:\/\/www.stockmanparis.fr\/en\/wp-json\/wp\/v2\/media\/202"}],"wp:attachment":[{"href":"https:\/\/www.stockmanparis.fr\/en\/wp-json\/wp\/v2\/media?parent=2098"}],"wp:term":[{"taxonomy":"product_cat","embeddable":true,"href":"https:\/\/www.stockmanparis.fr\/en\/wp-json\/wp\/v2\/product_cat?post=2098"},{"taxonomy":"product_tag","embeddable":true,"href":"https:\/\/www.stockmanparis.fr\/en\/wp-json\/wp\/v2\/product_tag?post=2098"}],"curies":[{"name":"wp","href":"https:\/\/api.w.org\/{rel}","templated":true}]}}