{"id":2052,"date":"2024-07-02T08:12:11","date_gmt":"2024-07-02T07:12:11","guid":{"rendered":"https:\/\/www.stockmanparis.fr\/?post_type=product&#038;p=2052"},"modified":"2024-11-28T10:32:37","modified_gmt":"2024-11-28T09:32:37","slug":"buste-b306-argent-geant","status":"publish","type":"product","link":"https:\/\/www.stockmanparis.fr\/en\/product\/buste-b306-argent-geant\/","title":{"rendered":"BUST B306 GIANT SILVER"},"content":{"rendered":"<p>Le Buste D\u00e9co iris\u00e9<br \/>\nB306\/38 finition Argent g\u00e9ant n\u00b022<br \/>\nTone on tone neck<br \/>\nBase Cloche P741 Chrome satin\u00e9<br \/>\n1m10 tube adjustable in height<br \/>\nThis bust does not allow you to put on pants, presentation only pinned.<br \/>\n&lt;img src=&quot;&nbsp;&raquo;http:\/\/www.stockmanparis.fr\/wp-content\/uploads\/2013\/05\/Detail-Luxe-4.jpg&nbsp;&raquo;&quot; alt=&quot;&nbsp;&raquo;Detail&quot; luxe 4&Prime; width=&quot;&nbsp;&raquo;425&Prime;&quot; height=&quot;&nbsp;&raquo;425&Prime;&quot; class=&quot;&nbsp;&raquo;alignnone&quot; size-full wp-image-641&Prime; \/&gt;<\/p>","protected":false},"excerpt":{"rendered":"<p>Le Buste D&eacute;co iris&eacute; B306\/38 finition Argent g&eacute;ant n&deg;22 Cou ton sur ton Base Cloche P741 Chrome satin&eacute; Tube 1m10 r&eacute;glable en hauteur Ce buste ne permet pas d&rsquo;enfiler des pantalons, pr&eacute;sentation uniquement &eacute;pingl&eacute;e. &lt;img src=&quot;&nbsp;&raquo;http:\/\/www.stockmanparis.fr\/wp-content\/uploads\/2013\/05\/Detail-Luxe-4.jpg&nbsp;&raquo;&quot; alt=&quot;&nbsp;&raquo;Detail&quot; luxe 4&Prime; width=&quot;&nbsp;&raquo;425&Prime;&quot; height=&quot;&nbsp;&raquo;425&Prime;&quot; class=&quot;&nbsp;&raquo;alignnone&quot; size-full wp-image-641&Prime; \/&gt;<\/p>","protected":false},"featured_media":216,"comment_status":"open","ping_status":"closed","template":"","meta":[],"product_cat":[75,79],"product_tag":[],"class_list":{"0":"post-2052","1":"product","2":"type-product","3":"status-publish","4":"has-post-thumbnail","6":"product_cat-femme","7":"product_cat-luxe","9":"first","10":"instock","11":"shipping-taxable","12":"product-type-simple"},"yoast_head":"<!-- This site is optimized with the Yoast SEO plugin v23.3 - https:\/\/yoast.com\/wordpress\/plugins\/seo\/ -->\n<title>Buste B306 Argent G\u00e9ant | Stockman Paris<\/title>\n<meta name=\"robots\" content=\"index, follow, max-snippet:-1, max-image-preview:large, max-video-preview:-1\" \/>\n<link rel=\"canonical\" href=\"https:\/\/www.stockmanparis.fr\/en\/product\/buste-b306-argent-geant\/\" \/>\n<meta property=\"og:locale\" content=\"en_US\" \/>\n<meta property=\"og:type\" content=\"article\" \/>\n<meta property=\"og:title\" content=\"Buste B306 Argent G\u00e9ant | Stockman Paris\" \/>\n<meta property=\"og:description\" content=\"Le Buste D\u00e9co iris\u00e9 B306\/38 finition Argent g\u00e9ant n\u00b022 Cou ton sur ton Base Cloche P741 Chrome satin\u00e9 Tube 1m10 r\u00e9glable en hauteur Ce buste ne permet pas d\u2019enfiler des pantalons, pr\u00e9sentation uniquement \u00e9pingl\u00e9e. &lt;img src=\u00a0\u00bbhttp:\/\/www.stockmanparis.fr\/wp-content\/uploads\/2013\/05\/Detail-Luxe-4.jpg\u00a0\u00bb alt=\u00a0\u00bbDetail Luxe 4&Prime; width=\u00a0\u00bb425&Prime; height=\u00a0\u00bb425&Prime; class=\u00a0\u00bbalignnone size-full wp-image-641&Prime; \/&gt;\" \/>\n<meta property=\"og:url\" content=\"https:\/\/www.stockmanparis.fr\/en\/product\/buste-b306-argent-geant\/\" \/>\n<meta property=\"og:site_name\" content=\"Stockman Paris\" \/>\n<meta property=\"article:modified_time\" content=\"2024-11-28T09:32:37+00:00\" \/>\n<meta property=\"og:image\" content=\"https:\/\/www.stockmanparis.fr\/wp-content\/uploads\/2013\/05\/mannequin-stockman-luxe-4.jpg\" \/>\n\t<meta property=\"og:image:width\" content=\"458\" \/>\n\t<meta property=\"og:image:height\" content=\"700\" \/>\n\t<meta property=\"og:image:type\" content=\"image\/jpeg\" \/>\n<meta name=\"twitter:card\" content=\"summary_large_image\" \/>\n<script type=\"application\/ld+json\" class=\"yoast-schema-graph\">{\"@context\":\"https:\/\/schema.org\",\"@graph\":[{\"@type\":\"WebPage\",\"@id\":\"https:\/\/www.stockmanparis.fr\/product\/buste-b306-argent-geant\/\",\"url\":\"https:\/\/www.stockmanparis.fr\/product\/buste-b306-argent-geant\/\",\"name\":\"Buste B306 Argent G\u00e9ant | Stockman Paris\",\"isPartOf\":{\"@id\":\"https:\/\/www.stockmanparis.fr\/#website\"},\"primaryImageOfPage\":{\"@id\":\"https:\/\/www.stockmanparis.fr\/product\/buste-b306-argent-geant\/#primaryimage\"},\"image\":{\"@id\":\"https:\/\/www.stockmanparis.fr\/product\/buste-b306-argent-geant\/#primaryimage\"},\"thumbnailUrl\":\"https:\/\/www.stockmanparis.fr\/wp-content\/uploads\/2013\/05\/mannequin-stockman-luxe-4.jpg\",\"datePublished\":\"2024-07-02T07:12:11+00:00\",\"dateModified\":\"2024-11-28T09:32:37+00:00\",\"breadcrumb\":{\"@id\":\"https:\/\/www.stockmanparis.fr\/product\/buste-b306-argent-geant\/#breadcrumb\"},\"inLanguage\":\"en-US\",\"potentialAction\":[{\"@type\":\"ReadAction\",\"target\":[\"https:\/\/www.stockmanparis.fr\/product\/buste-b306-argent-geant\/\"]}]},{\"@type\":\"ImageObject\",\"inLanguage\":\"en-US\",\"@id\":\"https:\/\/www.stockmanparis.fr\/product\/buste-b306-argent-geant\/#primaryimage\",\"url\":\"https:\/\/www.stockmanparis.fr\/wp-content\/uploads\/2013\/05\/mannequin-stockman-luxe-4.jpg\",\"contentUrl\":\"https:\/\/www.stockmanparis.fr\/wp-content\/uploads\/2013\/05\/mannequin-stockman-luxe-4.jpg\",\"width\":458,\"height\":700,\"caption\":\"Mannequin Stockman Luxe 4\"},{\"@type\":\"BreadcrumbList\",\"@id\":\"https:\/\/www.stockmanparis.fr\/product\/buste-b306-argent-geant\/#breadcrumb\",\"itemListElement\":[{\"@type\":\"ListItem\",\"position\":1,\"name\":\"Home\",\"item\":\"https:\/\/www.stockmanparis.fr\/\"},{\"@type\":\"ListItem\",\"position\":2,\"name\":\"Boutique\",\"item\":\"https:\/\/www.stockmanparis.fr\/boutique\/\"},{\"@type\":\"ListItem\",\"position\":3,\"name\":\"Buste B306 Argent G\u00e9ant\"}]},{\"@type\":\"WebSite\",\"@id\":\"https:\/\/www.stockmanparis.fr\/#website\",\"url\":\"https:\/\/www.stockmanparis.fr\/\",\"name\":\"Stockman Paris\",\"description\":\"Bustes et Mannequins Stockman pour la outure et les boutiques\",\"publisher\":{\"@id\":\"https:\/\/www.stockmanparis.fr\/#organization\"},\"potentialAction\":[{\"@type\":\"SearchAction\",\"target\":{\"@type\":\"EntryPoint\",\"urlTemplate\":\"https:\/\/www.stockmanparis.fr\/?s={search_term_string}\"},\"query-input\":\"required name=search_term_string\"}],\"inLanguage\":\"en-US\"},{\"@type\":\"Organization\",\"@id\":\"https:\/\/www.stockmanparis.fr\/#organization\",\"name\":\"Stockman Paris\",\"url\":\"https:\/\/www.stockmanparis.fr\/\",\"logo\":{\"@type\":\"ImageObject\",\"inLanguage\":\"en-US\",\"@id\":\"https:\/\/www.stockmanparis.fr\/#\/schema\/logo\/image\/\",\"url\":\"https:\/\/www.stockmanparis.fr\/wp-content\/uploads\/2013\/04\/logo.png\",\"contentUrl\":\"https:\/\/www.stockmanparis.fr\/wp-content\/uploads\/2013\/04\/logo.png\",\"width\":300,\"height\":132,\"caption\":\"Stockman Paris\"},\"image\":{\"@id\":\"https:\/\/www.stockmanparis.fr\/#\/schema\/logo\/image\/\"}}]}<\/script>\n<!-- \/ Yoast SEO plugin. -->","yoast_head_json":{"title":"Buste B306 Argent G\u00e9ant | Stockman Paris","robots":{"index":"index","follow":"follow","max-snippet":"max-snippet:-1","max-image-preview":"max-image-preview:large","max-video-preview":"max-video-preview:-1"},"canonical":"https:\/\/www.stockmanparis.fr\/en\/product\/buste-b306-argent-geant\/","og_locale":"en_US","og_type":"article","og_title":"Buste B306 Argent G\u00e9ant | Stockman Paris","og_description":"Le Buste D\u00e9co iris\u00e9 B306\/38 finition Argent g\u00e9ant n\u00b022 Cou ton sur ton Base Cloche P741 Chrome satin\u00e9 Tube 1m10 r\u00e9glable en hauteur Ce buste ne permet pas d\u2019enfiler des pantalons, pr\u00e9sentation uniquement \u00e9pingl\u00e9e. &lt;img src=\u00a0\u00bbhttp:\/\/www.stockmanparis.fr\/wp-content\/uploads\/2013\/05\/Detail-Luxe-4.jpg\u00a0\u00bb alt=\u00a0\u00bbDetail Luxe 4&Prime; width=\u00a0\u00bb425&Prime; height=\u00a0\u00bb425&Prime; class=\u00a0\u00bbalignnone size-full wp-image-641&Prime; \/&gt;","og_url":"https:\/\/www.stockmanparis.fr\/en\/product\/buste-b306-argent-geant\/","og_site_name":"Stockman Paris","article_modified_time":"2024-11-28T09:32:37+00:00","og_image":[{"width":458,"height":700,"url":"https:\/\/www.stockmanparis.fr\/wp-content\/uploads\/2013\/05\/mannequin-stockman-luxe-4.jpg","type":"image\/jpeg"}],"twitter_card":"summary_large_image","schema":{"@context":"https:\/\/schema.org","@graph":[{"@type":"WebPage","@id":"https:\/\/www.stockmanparis.fr\/product\/buste-b306-argent-geant\/","url":"https:\/\/www.stockmanparis.fr\/product\/buste-b306-argent-geant\/","name":"Buste B306 Argent G\u00e9ant | Stockman Paris","isPartOf":{"@id":"https:\/\/www.stockmanparis.fr\/#website"},"primaryImageOfPage":{"@id":"https:\/\/www.stockmanparis.fr\/product\/buste-b306-argent-geant\/#primaryimage"},"image":{"@id":"https:\/\/www.stockmanparis.fr\/product\/buste-b306-argent-geant\/#primaryimage"},"thumbnailUrl":"https:\/\/www.stockmanparis.fr\/wp-content\/uploads\/2013\/05\/mannequin-stockman-luxe-4.jpg","datePublished":"2024-07-02T07:12:11+00:00","dateModified":"2024-11-28T09:32:37+00:00","breadcrumb":{"@id":"https:\/\/www.stockmanparis.fr\/product\/buste-b306-argent-geant\/#breadcrumb"},"inLanguage":"en-US","potentialAction":[{"@type":"ReadAction","target":["https:\/\/www.stockmanparis.fr\/product\/buste-b306-argent-geant\/"]}]},{"@type":"ImageObject","inLanguage":"en-US","@id":"https:\/\/www.stockmanparis.fr\/product\/buste-b306-argent-geant\/#primaryimage","url":"https:\/\/www.stockmanparis.fr\/wp-content\/uploads\/2013\/05\/mannequin-stockman-luxe-4.jpg","contentUrl":"https:\/\/www.stockmanparis.fr\/wp-content\/uploads\/2013\/05\/mannequin-stockman-luxe-4.jpg","width":458,"height":700,"caption":"Mannequin Stockman Luxe 4"},{"@type":"BreadcrumbList","@id":"https:\/\/www.stockmanparis.fr\/product\/buste-b306-argent-geant\/#breadcrumb","itemListElement":[{"@type":"ListItem","position":1,"name":"Home","item":"https:\/\/www.stockmanparis.fr\/"},{"@type":"ListItem","position":2,"name":"Boutique","item":"https:\/\/www.stockmanparis.fr\/boutique\/"},{"@type":"ListItem","position":3,"name":"Buste B306 Argent G\u00e9ant"}]},{"@type":"WebSite","@id":"https:\/\/www.stockmanparis.fr\/#website","url":"https:\/\/www.stockmanparis.fr\/","name":"Stockman Paris","description":"Bustes et Mannequins Stockman pour la outure et les boutiques","publisher":{"@id":"https:\/\/www.stockmanparis.fr\/#organization"},"potentialAction":[{"@type":"SearchAction","target":{"@type":"EntryPoint","urlTemplate":"https:\/\/www.stockmanparis.fr\/?s={search_term_string}"},"query-input":"required name=search_term_string"}],"inLanguage":"en-US"},{"@type":"Organization","@id":"https:\/\/www.stockmanparis.fr\/#organization","name":"Stockman Paris","url":"https:\/\/www.stockmanparis.fr\/","logo":{"@type":"ImageObject","inLanguage":"en-US","@id":"https:\/\/www.stockmanparis.fr\/#\/schema\/logo\/image\/","url":"https:\/\/www.stockmanparis.fr\/wp-content\/uploads\/2013\/04\/logo.png","contentUrl":"https:\/\/www.stockmanparis.fr\/wp-content\/uploads\/2013\/04\/logo.png","width":300,"height":132,"caption":"Stockman Paris"},"image":{"@id":"https:\/\/www.stockmanparis.fr\/#\/schema\/logo\/image\/"}}]}},"_links":{"self":[{"href":"https:\/\/www.stockmanparis.fr\/en\/wp-json\/wp\/v2\/product\/2052"}],"collection":[{"href":"https:\/\/www.stockmanparis.fr\/en\/wp-json\/wp\/v2\/product"}],"about":[{"href":"https:\/\/www.stockmanparis.fr\/en\/wp-json\/wp\/v2\/types\/product"}],"replies":[{"embeddable":true,"href":"https:\/\/www.stockmanparis.fr\/en\/wp-json\/wp\/v2\/comments?post=2052"}],"wp:featuredmedia":[{"embeddable":true,"href":"https:\/\/www.stockmanparis.fr\/en\/wp-json\/wp\/v2\/media\/216"}],"wp:attachment":[{"href":"https:\/\/www.stockmanparis.fr\/en\/wp-json\/wp\/v2\/media?parent=2052"}],"wp:term":[{"taxonomy":"product_cat","embeddable":true,"href":"https:\/\/www.stockmanparis.fr\/en\/wp-json\/wp\/v2\/product_cat?post=2052"},{"taxonomy":"product_tag","embeddable":true,"href":"https:\/\/www.stockmanparis.fr\/en\/wp-json\/wp\/v2\/product_tag?post=2052"}],"curies":[{"name":"wp","href":"https:\/\/api.w.org\/{rel}","templated":true}]}}