{"id":2040,"date":"2024-07-02T07:52:36","date_gmt":"2024-07-02T06:52:36","guid":{"rendered":"https:\/\/www.stockmanparis.fr\/?post_type=product&#038;p=2040"},"modified":"2025-06-26T13:11:05","modified_gmt":"2025-06-26T12:11:05","slug":"buste-b305-liberty","status":"publish","type":"product","link":"https:\/\/www.stockmanparis.fr\/en\/product\/buste-b305-liberty\/","title":{"rendered":"Buste B305 Liberty"},"content":{"rendered":"<p><strong>Le Buste Haute Couture Fleurs vieillies<\/strong><\/p>\n<ul>\n<li>B305 Finition D\u00e9co \u00ab\u00a0Fleurs vieillies \u00bb<\/li>\n<li>Tone on tone neck<\/li>\n<li>Aged steel base 30x30x0.5cm P159<\/li>\n<li>Aged steel tube 1m10 adjustable in height<\/li>\n<\/ul>\n<p>This bust is intended for decoration or the presentation of accessories. Its 19th century morphology does not allow it to be worn with contemporary clothing.<br \/>\n<img fetchpriority=\"high\" decoding=\"async\" src=\"http:\/\/www.stockmanparis.fr\/wp-content\/uploads\/2013\/05\/Detail-Deco-5.jpg\" alt=\"Detail Deco 5\" width=\"425\" height=\"425\" class=\"alignnone size-full wp-image-670\" srcset=\"https:\/\/www.stockmanparis.fr\/wp-content\/uploads\/2013\/05\/Detail-Deco-5.jpg 425w, https:\/\/www.stockmanparis.fr\/wp-content\/uploads\/2013\/05\/Detail-Deco-5-300x300.jpg 300w, https:\/\/www.stockmanparis.fr\/wp-content\/uploads\/2013\/05\/Detail-Deco-5-100x100.jpg 100w\" sizes=\"(max-width: 425px) 100vw, 425px\" \/><\/p>","protected":false},"excerpt":{"rendered":"<p>Le Buste Haute Couture Fleurs vieillies B305 Finition D\u00e9co \u00ab\u00a0Fleurs vieillies \u00bb Cou ton sur ton Base Acier vieilli 30x30x0,5cm P159 Tube Acier vieilli1m10 r\u00e9glable en hauteur Ce buste est destin\u00e9 \u00e0 la d\u00e9coration ou \u00e0 la pr\u00e9sentation d\u2019accessoires. Sa morphologie XIX\u00e8me si\u00e8cle ne permet pas d\u2019enfiler des v\u00eatements contemporains.<\/p>","protected":false},"featured_media":257,"comment_status":"open","ping_status":"closed","template":"","meta":[],"product_cat":[73,75],"product_tag":[],"class_list":{"0":"post-2040","1":"product","2":"type-product","3":"status-publish","4":"has-post-thumbnail","6":"product_cat-deco","7":"product_cat-femme","9":"first","10":"instock","11":"shipping-taxable","12":"product-type-simple"},"yoast_head":"<!-- This site is optimized with the Yoast SEO plugin v23.3 - https:\/\/yoast.com\/wordpress\/plugins\/seo\/ -->\n<title>Buste B305 Liberty | Stockman Paris<\/title>\n<meta name=\"robots\" content=\"index, follow, max-snippet:-1, max-image-preview:large, max-video-preview:-1\" \/>\n<link rel=\"canonical\" href=\"https:\/\/www.stockmanparis.fr\/en\/product\/buste-b305-liberty\/\" \/>\n<meta property=\"og:locale\" content=\"en_US\" \/>\n<meta property=\"og:type\" content=\"article\" \/>\n<meta property=\"og:title\" content=\"Buste B305 Liberty | Stockman Paris\" \/>\n<meta property=\"og:description\" content=\"Le Buste Haute Couture Fleurs vieillies B305 Finition D\u00e9co \u00ab\u00a0Fleurs vieillies \u00bb Cou ton sur ton Base Acier vieilli 30x30x0,5cm P159 Tube Acier vieilli1m10 r\u00e9glable en hauteur Ce buste est destin\u00e9 \u00e0 la d\u00e9coration ou \u00e0 la pr\u00e9sentation d\u2019accessoires. Sa morphologie XIX\u00e8me si\u00e8cle ne permet pas d\u2019enfiler des v\u00eatements contemporains.\" \/>\n<meta property=\"og:url\" content=\"https:\/\/www.stockmanparis.fr\/en\/product\/buste-b305-liberty\/\" \/>\n<meta property=\"og:site_name\" content=\"Stockman Paris\" \/>\n<meta property=\"article:modified_time\" content=\"2025-06-26T12:11:05+00:00\" \/>\n<meta property=\"og:image\" content=\"https:\/\/www.stockmanparis.fr\/wp-content\/uploads\/2013\/05\/mannequin-deco-liberty-5.jpg\" \/>\n\t<meta property=\"og:image:width\" content=\"456\" \/>\n\t<meta property=\"og:image:height\" content=\"700\" \/>\n\t<meta property=\"og:image:type\" content=\"image\/jpeg\" \/>\n<meta name=\"twitter:card\" content=\"summary_large_image\" \/>\n<script type=\"application\/ld+json\" class=\"yoast-schema-graph\">{\"@context\":\"https:\/\/schema.org\",\"@graph\":[{\"@type\":\"WebPage\",\"@id\":\"https:\/\/www.stockmanparis.fr\/product\/buste-b305-liberty\/\",\"url\":\"https:\/\/www.stockmanparis.fr\/product\/buste-b305-liberty\/\",\"name\":\"Buste B305 Liberty | Stockman Paris\",\"isPartOf\":{\"@id\":\"https:\/\/www.stockmanparis.fr\/#website\"},\"primaryImageOfPage\":{\"@id\":\"https:\/\/www.stockmanparis.fr\/product\/buste-b305-liberty\/#primaryimage\"},\"image\":{\"@id\":\"https:\/\/www.stockmanparis.fr\/product\/buste-b305-liberty\/#primaryimage\"},\"thumbnailUrl\":\"https:\/\/www.stockmanparis.fr\/wp-content\/uploads\/2013\/05\/mannequin-deco-liberty-5.jpg\",\"datePublished\":\"2024-07-02T06:52:36+00:00\",\"dateModified\":\"2025-06-26T12:11:05+00:00\",\"breadcrumb\":{\"@id\":\"https:\/\/www.stockmanparis.fr\/product\/buste-b305-liberty\/#breadcrumb\"},\"inLanguage\":\"en-US\",\"potentialAction\":[{\"@type\":\"ReadAction\",\"target\":[\"https:\/\/www.stockmanparis.fr\/product\/buste-b305-liberty\/\"]}]},{\"@type\":\"ImageObject\",\"inLanguage\":\"en-US\",\"@id\":\"https:\/\/www.stockmanparis.fr\/product\/buste-b305-liberty\/#primaryimage\",\"url\":\"https:\/\/www.stockmanparis.fr\/wp-content\/uploads\/2013\/05\/mannequin-deco-liberty-5.jpg\",\"contentUrl\":\"https:\/\/www.stockmanparis.fr\/wp-content\/uploads\/2013\/05\/mannequin-deco-liberty-5.jpg\",\"width\":456,\"height\":700},{\"@type\":\"BreadcrumbList\",\"@id\":\"https:\/\/www.stockmanparis.fr\/product\/buste-b305-liberty\/#breadcrumb\",\"itemListElement\":[{\"@type\":\"ListItem\",\"position\":1,\"name\":\"Home\",\"item\":\"https:\/\/www.stockmanparis.fr\/\"},{\"@type\":\"ListItem\",\"position\":2,\"name\":\"Boutique\",\"item\":\"https:\/\/www.stockmanparis.fr\/boutique\/\"},{\"@type\":\"ListItem\",\"position\":3,\"name\":\"Buste B305 Liberty\"}]},{\"@type\":\"WebSite\",\"@id\":\"https:\/\/www.stockmanparis.fr\/#website\",\"url\":\"https:\/\/www.stockmanparis.fr\/\",\"name\":\"Stockman Paris\",\"description\":\"Bustes et Mannequins Stockman pour la outure et les boutiques\",\"publisher\":{\"@id\":\"https:\/\/www.stockmanparis.fr\/#organization\"},\"potentialAction\":[{\"@type\":\"SearchAction\",\"target\":{\"@type\":\"EntryPoint\",\"urlTemplate\":\"https:\/\/www.stockmanparis.fr\/?s={search_term_string}\"},\"query-input\":\"required name=search_term_string\"}],\"inLanguage\":\"en-US\"},{\"@type\":\"Organization\",\"@id\":\"https:\/\/www.stockmanparis.fr\/#organization\",\"name\":\"Stockman Paris\",\"url\":\"https:\/\/www.stockmanparis.fr\/\",\"logo\":{\"@type\":\"ImageObject\",\"inLanguage\":\"en-US\",\"@id\":\"https:\/\/www.stockmanparis.fr\/#\/schema\/logo\/image\/\",\"url\":\"https:\/\/www.stockmanparis.fr\/wp-content\/uploads\/2013\/04\/logo.png\",\"contentUrl\":\"https:\/\/www.stockmanparis.fr\/wp-content\/uploads\/2013\/04\/logo.png\",\"width\":300,\"height\":132,\"caption\":\"Stockman Paris\"},\"image\":{\"@id\":\"https:\/\/www.stockmanparis.fr\/#\/schema\/logo\/image\/\"}}]}<\/script>\n<!-- \/ Yoast SEO plugin. -->","yoast_head_json":{"title":"Buste B305 Liberty | Stockman Paris","robots":{"index":"index","follow":"follow","max-snippet":"max-snippet:-1","max-image-preview":"max-image-preview:large","max-video-preview":"max-video-preview:-1"},"canonical":"https:\/\/www.stockmanparis.fr\/en\/product\/buste-b305-liberty\/","og_locale":"en_US","og_type":"article","og_title":"Buste B305 Liberty | Stockman Paris","og_description":"Le Buste Haute Couture Fleurs vieillies B305 Finition D\u00e9co \u00ab\u00a0Fleurs vieillies \u00bb Cou ton sur ton Base Acier vieilli 30x30x0,5cm P159 Tube Acier vieilli1m10 r\u00e9glable en hauteur Ce buste est destin\u00e9 \u00e0 la d\u00e9coration ou \u00e0 la pr\u00e9sentation d\u2019accessoires. Sa morphologie XIX\u00e8me si\u00e8cle ne permet pas d\u2019enfiler des v\u00eatements contemporains.","og_url":"https:\/\/www.stockmanparis.fr\/en\/product\/buste-b305-liberty\/","og_site_name":"Stockman Paris","article_modified_time":"2025-06-26T12:11:05+00:00","og_image":[{"width":456,"height":700,"url":"https:\/\/www.stockmanparis.fr\/wp-content\/uploads\/2013\/05\/mannequin-deco-liberty-5.jpg","type":"image\/jpeg"}],"twitter_card":"summary_large_image","schema":{"@context":"https:\/\/schema.org","@graph":[{"@type":"WebPage","@id":"https:\/\/www.stockmanparis.fr\/product\/buste-b305-liberty\/","url":"https:\/\/www.stockmanparis.fr\/product\/buste-b305-liberty\/","name":"Buste B305 Liberty | Stockman Paris","isPartOf":{"@id":"https:\/\/www.stockmanparis.fr\/#website"},"primaryImageOfPage":{"@id":"https:\/\/www.stockmanparis.fr\/product\/buste-b305-liberty\/#primaryimage"},"image":{"@id":"https:\/\/www.stockmanparis.fr\/product\/buste-b305-liberty\/#primaryimage"},"thumbnailUrl":"https:\/\/www.stockmanparis.fr\/wp-content\/uploads\/2013\/05\/mannequin-deco-liberty-5.jpg","datePublished":"2024-07-02T06:52:36+00:00","dateModified":"2025-06-26T12:11:05+00:00","breadcrumb":{"@id":"https:\/\/www.stockmanparis.fr\/product\/buste-b305-liberty\/#breadcrumb"},"inLanguage":"en-US","potentialAction":[{"@type":"ReadAction","target":["https:\/\/www.stockmanparis.fr\/product\/buste-b305-liberty\/"]}]},{"@type":"ImageObject","inLanguage":"en-US","@id":"https:\/\/www.stockmanparis.fr\/product\/buste-b305-liberty\/#primaryimage","url":"https:\/\/www.stockmanparis.fr\/wp-content\/uploads\/2013\/05\/mannequin-deco-liberty-5.jpg","contentUrl":"https:\/\/www.stockmanparis.fr\/wp-content\/uploads\/2013\/05\/mannequin-deco-liberty-5.jpg","width":456,"height":700},{"@type":"BreadcrumbList","@id":"https:\/\/www.stockmanparis.fr\/product\/buste-b305-liberty\/#breadcrumb","itemListElement":[{"@type":"ListItem","position":1,"name":"Home","item":"https:\/\/www.stockmanparis.fr\/"},{"@type":"ListItem","position":2,"name":"Boutique","item":"https:\/\/www.stockmanparis.fr\/boutique\/"},{"@type":"ListItem","position":3,"name":"Buste B305 Liberty"}]},{"@type":"WebSite","@id":"https:\/\/www.stockmanparis.fr\/#website","url":"https:\/\/www.stockmanparis.fr\/","name":"Stockman Paris","description":"Bustes et Mannequins Stockman pour la outure et les boutiques","publisher":{"@id":"https:\/\/www.stockmanparis.fr\/#organization"},"potentialAction":[{"@type":"SearchAction","target":{"@type":"EntryPoint","urlTemplate":"https:\/\/www.stockmanparis.fr\/?s={search_term_string}"},"query-input":"required name=search_term_string"}],"inLanguage":"en-US"},{"@type":"Organization","@id":"https:\/\/www.stockmanparis.fr\/#organization","name":"Stockman Paris","url":"https:\/\/www.stockmanparis.fr\/","logo":{"@type":"ImageObject","inLanguage":"en-US","@id":"https:\/\/www.stockmanparis.fr\/#\/schema\/logo\/image\/","url":"https:\/\/www.stockmanparis.fr\/wp-content\/uploads\/2013\/04\/logo.png","contentUrl":"https:\/\/www.stockmanparis.fr\/wp-content\/uploads\/2013\/04\/logo.png","width":300,"height":132,"caption":"Stockman Paris"},"image":{"@id":"https:\/\/www.stockmanparis.fr\/#\/schema\/logo\/image\/"}}]}},"_links":{"self":[{"href":"https:\/\/www.stockmanparis.fr\/en\/wp-json\/wp\/v2\/product\/2040"}],"collection":[{"href":"https:\/\/www.stockmanparis.fr\/en\/wp-json\/wp\/v2\/product"}],"about":[{"href":"https:\/\/www.stockmanparis.fr\/en\/wp-json\/wp\/v2\/types\/product"}],"replies":[{"embeddable":true,"href":"https:\/\/www.stockmanparis.fr\/en\/wp-json\/wp\/v2\/comments?post=2040"}],"wp:featuredmedia":[{"embeddable":true,"href":"https:\/\/www.stockmanparis.fr\/en\/wp-json\/wp\/v2\/media\/257"}],"wp:attachment":[{"href":"https:\/\/www.stockmanparis.fr\/en\/wp-json\/wp\/v2\/media?parent=2040"}],"wp:term":[{"taxonomy":"product_cat","embeddable":true,"href":"https:\/\/www.stockmanparis.fr\/en\/wp-json\/wp\/v2\/product_cat?post=2040"},{"taxonomy":"product_tag","embeddable":true,"href":"https:\/\/www.stockmanparis.fr\/en\/wp-json\/wp\/v2\/product_tag?post=2040"}],"curies":[{"name":"wp","href":"https:\/\/api.w.org\/{rel}","templated":true}]}}