{"id":1781,"date":"2024-06-29T03:16:07","date_gmt":"2024-06-29T02:16:07","guid":{"rendered":"https:\/\/www.stockmanparis.fr\/?post_type=product&#038;p=1781"},"modified":"2024-06-29T03:16:07","modified_gmt":"2024-06-29T02:16:07","slug":"base-acier-vieilli-avec-soudures-p407-19","status":"publish","type":"product","link":"https:\/\/www.stockmanparis.fr\/en\/product\/base-acier-vieilli-avec-soudures-p407-19\/","title":{"rendered":"BASE AGED STEEL WITH WELD P407\/19"},"content":{"rendered":"<p>Finition Acier vieilli irr\u00e9gulier mat avec effets de rouille et soudures irr\u00e9guli\u00e8res<br \/>\n20 x 20 x 2 cm<br \/>\nTube carr\u00e9 acier vieilli 1m10 r\u00e9glable en hauteur<\/p>","protected":false},"excerpt":{"rendered":"<p>Finition Acier vieilli irr\u00e9gulier mat avec effets de rouille et soudures irr\u00e9guli\u00e8res 20 x 20 x 2 cm Tube carr\u00e9 acier vieilli 1m10 r\u00e9glable en hauteur<\/p>","protected":false},"featured_media":458,"comment_status":"open","ping_status":"closed","template":"","meta":[],"product_cat":[67,70],"product_tag":[],"class_list":{"0":"post-1781","1":"product","2":"type-product","3":"status-publish","4":"has-post-thumbnail","6":"product_cat-acier","7":"product_cat-bases","9":"first","10":"instock","11":"shipping-taxable","12":"product-type-simple"},"yoast_head":"<!-- This site is optimized with the Yoast SEO plugin v23.3 - https:\/\/yoast.com\/wordpress\/plugins\/seo\/ -->\n<title>Base Acier vieilli avec soudures P407\/19 | Stockman Paris<\/title>\n<meta name=\"robots\" content=\"index, follow, max-snippet:-1, max-image-preview:large, max-video-preview:-1\" \/>\n<link rel=\"canonical\" href=\"https:\/\/www.stockmanparis.fr\/en\/product\/base-acier-vieilli-avec-soudures-p407-19\/\" \/>\n<meta property=\"og:locale\" content=\"en_US\" \/>\n<meta property=\"og:type\" content=\"article\" \/>\n<meta property=\"og:title\" content=\"Base Acier vieilli avec soudures P407\/19 | Stockman Paris\" \/>\n<meta property=\"og:description\" content=\"Finition Acier vieilli irr\u00e9gulier mat avec effets de rouille et soudures irr\u00e9guli\u00e8res 20 x 20 x 2 cm Tube carr\u00e9 acier vieilli 1m10 r\u00e9glable en hauteur\" \/>\n<meta property=\"og:url\" content=\"https:\/\/www.stockmanparis.fr\/en\/product\/base-acier-vieilli-avec-soudures-p407-19\/\" \/>\n<meta property=\"og:site_name\" content=\"Stockman Paris\" \/>\n<meta property=\"og:image\" content=\"https:\/\/www.stockmanparis.fr\/wp-content\/uploads\/2013\/06\/Vieilli-6.jpg\" \/>\n\t<meta property=\"og:image:width\" content=\"456\" \/>\n\t<meta property=\"og:image:height\" content=\"700\" \/>\n\t<meta property=\"og:image:type\" content=\"image\/jpeg\" \/>\n<meta name=\"twitter:card\" content=\"summary_large_image\" \/>\n<script type=\"application\/ld+json\" class=\"yoast-schema-graph\">{\"@context\":\"https:\/\/schema.org\",\"@graph\":[{\"@type\":\"WebPage\",\"@id\":\"https:\/\/www.stockmanparis.fr\/product\/base-acier-vieilli-avec-soudures-p407-19\/\",\"url\":\"https:\/\/www.stockmanparis.fr\/product\/base-acier-vieilli-avec-soudures-p407-19\/\",\"name\":\"Base Acier vieilli avec soudures P407\/19 | Stockman Paris\",\"isPartOf\":{\"@id\":\"https:\/\/www.stockmanparis.fr\/#website\"},\"primaryImageOfPage\":{\"@id\":\"https:\/\/www.stockmanparis.fr\/product\/base-acier-vieilli-avec-soudures-p407-19\/#primaryimage\"},\"image\":{\"@id\":\"https:\/\/www.stockmanparis.fr\/product\/base-acier-vieilli-avec-soudures-p407-19\/#primaryimage\"},\"thumbnailUrl\":\"https:\/\/www.stockmanparis.fr\/wp-content\/uploads\/2013\/06\/Vieilli-6.jpg\",\"datePublished\":\"2024-06-29T02:16:07+00:00\",\"dateModified\":\"2024-06-29T02:16:07+00:00\",\"breadcrumb\":{\"@id\":\"https:\/\/www.stockmanparis.fr\/product\/base-acier-vieilli-avec-soudures-p407-19\/#breadcrumb\"},\"inLanguage\":\"en-US\",\"potentialAction\":[{\"@type\":\"ReadAction\",\"target\":[\"https:\/\/www.stockmanparis.fr\/product\/base-acier-vieilli-avec-soudures-p407-19\/\"]}]},{\"@type\":\"ImageObject\",\"inLanguage\":\"en-US\",\"@id\":\"https:\/\/www.stockmanparis.fr\/product\/base-acier-vieilli-avec-soudures-p407-19\/#primaryimage\",\"url\":\"https:\/\/www.stockmanparis.fr\/wp-content\/uploads\/2013\/06\/Vieilli-6.jpg\",\"contentUrl\":\"https:\/\/www.stockmanparis.fr\/wp-content\/uploads\/2013\/06\/Vieilli-6.jpg\",\"width\":456,\"height\":700},{\"@type\":\"BreadcrumbList\",\"@id\":\"https:\/\/www.stockmanparis.fr\/product\/base-acier-vieilli-avec-soudures-p407-19\/#breadcrumb\",\"itemListElement\":[{\"@type\":\"ListItem\",\"position\":1,\"name\":\"Home\",\"item\":\"https:\/\/www.stockmanparis.fr\/\"},{\"@type\":\"ListItem\",\"position\":2,\"name\":\"Boutique\",\"item\":\"https:\/\/www.stockmanparis.fr\/boutique\/\"},{\"@type\":\"ListItem\",\"position\":3,\"name\":\"Base Acier vieilli avec soudures P407\/19\"}]},{\"@type\":\"WebSite\",\"@id\":\"https:\/\/www.stockmanparis.fr\/#website\",\"url\":\"https:\/\/www.stockmanparis.fr\/\",\"name\":\"Stockman Paris\",\"description\":\"Bustes et Mannequins Stockman pour la outure et les boutiques\",\"publisher\":{\"@id\":\"https:\/\/www.stockmanparis.fr\/#organization\"},\"potentialAction\":[{\"@type\":\"SearchAction\",\"target\":{\"@type\":\"EntryPoint\",\"urlTemplate\":\"https:\/\/www.stockmanparis.fr\/?s={search_term_string}\"},\"query-input\":\"required name=search_term_string\"}],\"inLanguage\":\"en-US\"},{\"@type\":\"Organization\",\"@id\":\"https:\/\/www.stockmanparis.fr\/#organization\",\"name\":\"Stockman Paris\",\"url\":\"https:\/\/www.stockmanparis.fr\/\",\"logo\":{\"@type\":\"ImageObject\",\"inLanguage\":\"en-US\",\"@id\":\"https:\/\/www.stockmanparis.fr\/#\/schema\/logo\/image\/\",\"url\":\"https:\/\/www.stockmanparis.fr\/wp-content\/uploads\/2013\/04\/logo.png\",\"contentUrl\":\"https:\/\/www.stockmanparis.fr\/wp-content\/uploads\/2013\/04\/logo.png\",\"width\":300,\"height\":132,\"caption\":\"Stockman Paris\"},\"image\":{\"@id\":\"https:\/\/www.stockmanparis.fr\/#\/schema\/logo\/image\/\"}}]}<\/script>\n<!-- \/ Yoast SEO plugin. -->","yoast_head_json":{"title":"Base Acier vieilli avec soudures P407\/19 | Stockman Paris","robots":{"index":"index","follow":"follow","max-snippet":"max-snippet:-1","max-image-preview":"max-image-preview:large","max-video-preview":"max-video-preview:-1"},"canonical":"https:\/\/www.stockmanparis.fr\/en\/product\/base-acier-vieilli-avec-soudures-p407-19\/","og_locale":"en_US","og_type":"article","og_title":"Base Acier vieilli avec soudures P407\/19 | Stockman Paris","og_description":"Finition Acier vieilli irr\u00e9gulier mat avec effets de rouille et soudures irr\u00e9guli\u00e8res 20 x 20 x 2 cm Tube carr\u00e9 acier vieilli 1m10 r\u00e9glable en hauteur","og_url":"https:\/\/www.stockmanparis.fr\/en\/product\/base-acier-vieilli-avec-soudures-p407-19\/","og_site_name":"Stockman Paris","og_image":[{"width":456,"height":700,"url":"https:\/\/www.stockmanparis.fr\/wp-content\/uploads\/2013\/06\/Vieilli-6.jpg","type":"image\/jpeg"}],"twitter_card":"summary_large_image","schema":{"@context":"https:\/\/schema.org","@graph":[{"@type":"WebPage","@id":"https:\/\/www.stockmanparis.fr\/product\/base-acier-vieilli-avec-soudures-p407-19\/","url":"https:\/\/www.stockmanparis.fr\/product\/base-acier-vieilli-avec-soudures-p407-19\/","name":"Base Acier vieilli avec soudures P407\/19 | Stockman Paris","isPartOf":{"@id":"https:\/\/www.stockmanparis.fr\/#website"},"primaryImageOfPage":{"@id":"https:\/\/www.stockmanparis.fr\/product\/base-acier-vieilli-avec-soudures-p407-19\/#primaryimage"},"image":{"@id":"https:\/\/www.stockmanparis.fr\/product\/base-acier-vieilli-avec-soudures-p407-19\/#primaryimage"},"thumbnailUrl":"https:\/\/www.stockmanparis.fr\/wp-content\/uploads\/2013\/06\/Vieilli-6.jpg","datePublished":"2024-06-29T02:16:07+00:00","dateModified":"2024-06-29T02:16:07+00:00","breadcrumb":{"@id":"https:\/\/www.stockmanparis.fr\/product\/base-acier-vieilli-avec-soudures-p407-19\/#breadcrumb"},"inLanguage":"en-US","potentialAction":[{"@type":"ReadAction","target":["https:\/\/www.stockmanparis.fr\/product\/base-acier-vieilli-avec-soudures-p407-19\/"]}]},{"@type":"ImageObject","inLanguage":"en-US","@id":"https:\/\/www.stockmanparis.fr\/product\/base-acier-vieilli-avec-soudures-p407-19\/#primaryimage","url":"https:\/\/www.stockmanparis.fr\/wp-content\/uploads\/2013\/06\/Vieilli-6.jpg","contentUrl":"https:\/\/www.stockmanparis.fr\/wp-content\/uploads\/2013\/06\/Vieilli-6.jpg","width":456,"height":700},{"@type":"BreadcrumbList","@id":"https:\/\/www.stockmanparis.fr\/product\/base-acier-vieilli-avec-soudures-p407-19\/#breadcrumb","itemListElement":[{"@type":"ListItem","position":1,"name":"Home","item":"https:\/\/www.stockmanparis.fr\/"},{"@type":"ListItem","position":2,"name":"Boutique","item":"https:\/\/www.stockmanparis.fr\/boutique\/"},{"@type":"ListItem","position":3,"name":"Base Acier vieilli avec soudures P407\/19"}]},{"@type":"WebSite","@id":"https:\/\/www.stockmanparis.fr\/#website","url":"https:\/\/www.stockmanparis.fr\/","name":"Stockman Paris","description":"Bustes et Mannequins Stockman pour la outure et les boutiques","publisher":{"@id":"https:\/\/www.stockmanparis.fr\/#organization"},"potentialAction":[{"@type":"SearchAction","target":{"@type":"EntryPoint","urlTemplate":"https:\/\/www.stockmanparis.fr\/?s={search_term_string}"},"query-input":"required name=search_term_string"}],"inLanguage":"en-US"},{"@type":"Organization","@id":"https:\/\/www.stockmanparis.fr\/#organization","name":"Stockman Paris","url":"https:\/\/www.stockmanparis.fr\/","logo":{"@type":"ImageObject","inLanguage":"en-US","@id":"https:\/\/www.stockmanparis.fr\/#\/schema\/logo\/image\/","url":"https:\/\/www.stockmanparis.fr\/wp-content\/uploads\/2013\/04\/logo.png","contentUrl":"https:\/\/www.stockmanparis.fr\/wp-content\/uploads\/2013\/04\/logo.png","width":300,"height":132,"caption":"Stockman Paris"},"image":{"@id":"https:\/\/www.stockmanparis.fr\/#\/schema\/logo\/image\/"}}]}},"_links":{"self":[{"href":"https:\/\/www.stockmanparis.fr\/en\/wp-json\/wp\/v2\/product\/1781"}],"collection":[{"href":"https:\/\/www.stockmanparis.fr\/en\/wp-json\/wp\/v2\/product"}],"about":[{"href":"https:\/\/www.stockmanparis.fr\/en\/wp-json\/wp\/v2\/types\/product"}],"replies":[{"embeddable":true,"href":"https:\/\/www.stockmanparis.fr\/en\/wp-json\/wp\/v2\/comments?post=1781"}],"wp:featuredmedia":[{"embeddable":true,"href":"https:\/\/www.stockmanparis.fr\/en\/wp-json\/wp\/v2\/media\/458"}],"wp:attachment":[{"href":"https:\/\/www.stockmanparis.fr\/en\/wp-json\/wp\/v2\/media?parent=1781"}],"wp:term":[{"taxonomy":"product_cat","embeddable":true,"href":"https:\/\/www.stockmanparis.fr\/en\/wp-json\/wp\/v2\/product_cat?post=1781"},{"taxonomy":"product_tag","embeddable":true,"href":"https:\/\/www.stockmanparis.fr\/en\/wp-json\/wp\/v2\/product_tag?post=1781"}],"curies":[{"name":"wp","href":"https:\/\/api.w.org\/{rel}","templated":true}]}}