{"id":1607,"date":"2024-06-28T03:57:07","date_gmt":"2024-06-28T02:57:07","guid":{"rendered":"https:\/\/www.stockmanparis.fr\/?post_type=product&#038;p=1607"},"modified":"2024-11-28T18:36:00","modified_gmt":"2024-11-28T17:36:00","slug":"tete-marotte-ab212","status":"publish","type":"product","link":"https:\/\/www.stockmanparis.fr\/en\/product\/tete-marotte-ab212\/","title":{"rendered":"MAROTTE HEAD AB212"},"content":{"rendered":"<p>La t\u00eate marotte AB212 s\u2019utilise pour la cr\u00e9ation et la r\u00e9alisation de chapeaux et de bijoux de t\u00eate.<br \/>\nFabriqu\u00e9e en papier m\u00e2ch\u00e9, elle se d\u00e9cline de la taille 54 \u00e0 la taille 60.<\/p>","protected":false},"excerpt":{"rendered":"<p>La t\u00eate marotte AB212 s\u2019utilise pour la cr\u00e9ation et la r\u00e9alisation de chapeaux et de bijoux de t\u00eate. Fabriqu\u00e9e en papier m\u00e2ch\u00e9, elle se d\u00e9cline de la taille 54 \u00e0 la taille 60.<\/p>","protected":false},"featured_media":430,"comment_status":"open","ping_status":"closed","template":"","meta":[],"product_cat":[68,75],"product_tag":[],"class_list":{"0":"post-1607","1":"product","2":"type-product","3":"status-publish","4":"has-post-thumbnail","6":"product_cat-atelier","7":"product_cat-femme","9":"first","10":"instock","11":"shipping-taxable","12":"product-type-simple"},"yoast_head":"<!-- This site is optimized with the Yoast SEO plugin v23.3 - https:\/\/yoast.com\/wordpress\/plugins\/seo\/ -->\n<title>T\u00caTE MAROTTE AB212 | Stockman Paris<\/title>\n<meta name=\"robots\" content=\"index, follow, max-snippet:-1, max-image-preview:large, max-video-preview:-1\" \/>\n<link rel=\"canonical\" href=\"https:\/\/www.stockmanparis.fr\/en\/product\/tete-marotte-ab212\/\" \/>\n<meta property=\"og:locale\" content=\"en_US\" \/>\n<meta property=\"og:type\" content=\"article\" \/>\n<meta property=\"og:title\" content=\"T\u00caTE MAROTTE AB212 | Stockman Paris\" \/>\n<meta property=\"og:description\" content=\"La t\u00eate marotte AB212 s\u2019utilise pour la cr\u00e9ation et la r\u00e9alisation de chapeaux et de bijoux de t\u00eate. Fabriqu\u00e9e en papier m\u00e2ch\u00e9, elle se d\u00e9cline de la taille 54 \u00e0 la taille 60.\" \/>\n<meta property=\"og:url\" content=\"https:\/\/www.stockmanparis.fr\/en\/product\/tete-marotte-ab212\/\" \/>\n<meta property=\"og:site_name\" content=\"Stockman Paris\" \/>\n<meta property=\"article:modified_time\" content=\"2024-11-28T17:36:00+00:00\" \/>\n<meta property=\"og:image\" content=\"https:\/\/www.stockmanparis.fr\/wp-content\/uploads\/2013\/06\/Tete-marotte-AB212.jpg\" \/>\n\t<meta property=\"og:image:width\" content=\"456\" \/>\n\t<meta property=\"og:image:height\" content=\"700\" \/>\n\t<meta property=\"og:image:type\" content=\"image\/jpeg\" \/>\n<meta name=\"twitter:card\" content=\"summary_large_image\" \/>\n<script type=\"application\/ld+json\" class=\"yoast-schema-graph\">{\"@context\":\"https:\/\/schema.org\",\"@graph\":[{\"@type\":\"WebPage\",\"@id\":\"https:\/\/www.stockmanparis.fr\/product\/tete-marotte-ab212\/\",\"url\":\"https:\/\/www.stockmanparis.fr\/product\/tete-marotte-ab212\/\",\"name\":\"T\u00caTE MAROTTE AB212 | Stockman Paris\",\"isPartOf\":{\"@id\":\"https:\/\/www.stockmanparis.fr\/#website\"},\"primaryImageOfPage\":{\"@id\":\"https:\/\/www.stockmanparis.fr\/product\/tete-marotte-ab212\/#primaryimage\"},\"image\":{\"@id\":\"https:\/\/www.stockmanparis.fr\/product\/tete-marotte-ab212\/#primaryimage\"},\"thumbnailUrl\":\"https:\/\/www.stockmanparis.fr\/wp-content\/uploads\/2013\/06\/Tete-marotte-AB212.jpg\",\"datePublished\":\"2024-06-28T02:57:07+00:00\",\"dateModified\":\"2024-11-28T17:36:00+00:00\",\"breadcrumb\":{\"@id\":\"https:\/\/www.stockmanparis.fr\/product\/tete-marotte-ab212\/#breadcrumb\"},\"inLanguage\":\"en-US\",\"potentialAction\":[{\"@type\":\"ReadAction\",\"target\":[\"https:\/\/www.stockmanparis.fr\/product\/tete-marotte-ab212\/\"]}]},{\"@type\":\"ImageObject\",\"inLanguage\":\"en-US\",\"@id\":\"https:\/\/www.stockmanparis.fr\/product\/tete-marotte-ab212\/#primaryimage\",\"url\":\"https:\/\/www.stockmanparis.fr\/wp-content\/uploads\/2013\/06\/Tete-marotte-AB212.jpg\",\"contentUrl\":\"https:\/\/www.stockmanparis.fr\/wp-content\/uploads\/2013\/06\/Tete-marotte-AB212.jpg\",\"width\":456,\"height\":700},{\"@type\":\"BreadcrumbList\",\"@id\":\"https:\/\/www.stockmanparis.fr\/product\/tete-marotte-ab212\/#breadcrumb\",\"itemListElement\":[{\"@type\":\"ListItem\",\"position\":1,\"name\":\"Home\",\"item\":\"https:\/\/www.stockmanparis.fr\/\"},{\"@type\":\"ListItem\",\"position\":2,\"name\":\"Boutique\",\"item\":\"https:\/\/www.stockmanparis.fr\/boutique\/\"},{\"@type\":\"ListItem\",\"position\":3,\"name\":\"T\u00caTE MAROTTE AB212\"}]},{\"@type\":\"WebSite\",\"@id\":\"https:\/\/www.stockmanparis.fr\/#website\",\"url\":\"https:\/\/www.stockmanparis.fr\/\",\"name\":\"Stockman Paris\",\"description\":\"Bustes et Mannequins Stockman pour la outure et les boutiques\",\"publisher\":{\"@id\":\"https:\/\/www.stockmanparis.fr\/#organization\"},\"potentialAction\":[{\"@type\":\"SearchAction\",\"target\":{\"@type\":\"EntryPoint\",\"urlTemplate\":\"https:\/\/www.stockmanparis.fr\/?s={search_term_string}\"},\"query-input\":\"required name=search_term_string\"}],\"inLanguage\":\"en-US\"},{\"@type\":\"Organization\",\"@id\":\"https:\/\/www.stockmanparis.fr\/#organization\",\"name\":\"Stockman Paris\",\"url\":\"https:\/\/www.stockmanparis.fr\/\",\"logo\":{\"@type\":\"ImageObject\",\"inLanguage\":\"en-US\",\"@id\":\"https:\/\/www.stockmanparis.fr\/#\/schema\/logo\/image\/\",\"url\":\"https:\/\/www.stockmanparis.fr\/wp-content\/uploads\/2013\/04\/logo.png\",\"contentUrl\":\"https:\/\/www.stockmanparis.fr\/wp-content\/uploads\/2013\/04\/logo.png\",\"width\":300,\"height\":132,\"caption\":\"Stockman Paris\"},\"image\":{\"@id\":\"https:\/\/www.stockmanparis.fr\/#\/schema\/logo\/image\/\"}}]}<\/script>\n<!-- \/ Yoast SEO plugin. -->","yoast_head_json":{"title":"T\u00caTE MAROTTE AB212 | Stockman Paris","robots":{"index":"index","follow":"follow","max-snippet":"max-snippet:-1","max-image-preview":"max-image-preview:large","max-video-preview":"max-video-preview:-1"},"canonical":"https:\/\/www.stockmanparis.fr\/en\/product\/tete-marotte-ab212\/","og_locale":"en_US","og_type":"article","og_title":"T\u00caTE MAROTTE AB212 | Stockman Paris","og_description":"La t\u00eate marotte AB212 s\u2019utilise pour la cr\u00e9ation et la r\u00e9alisation de chapeaux et de bijoux de t\u00eate. Fabriqu\u00e9e en papier m\u00e2ch\u00e9, elle se d\u00e9cline de la taille 54 \u00e0 la taille 60.","og_url":"https:\/\/www.stockmanparis.fr\/en\/product\/tete-marotte-ab212\/","og_site_name":"Stockman Paris","article_modified_time":"2024-11-28T17:36:00+00:00","og_image":[{"width":456,"height":700,"url":"https:\/\/www.stockmanparis.fr\/wp-content\/uploads\/2013\/06\/Tete-marotte-AB212.jpg","type":"image\/jpeg"}],"twitter_card":"summary_large_image","schema":{"@context":"https:\/\/schema.org","@graph":[{"@type":"WebPage","@id":"https:\/\/www.stockmanparis.fr\/product\/tete-marotte-ab212\/","url":"https:\/\/www.stockmanparis.fr\/product\/tete-marotte-ab212\/","name":"T\u00caTE MAROTTE AB212 | Stockman Paris","isPartOf":{"@id":"https:\/\/www.stockmanparis.fr\/#website"},"primaryImageOfPage":{"@id":"https:\/\/www.stockmanparis.fr\/product\/tete-marotte-ab212\/#primaryimage"},"image":{"@id":"https:\/\/www.stockmanparis.fr\/product\/tete-marotte-ab212\/#primaryimage"},"thumbnailUrl":"https:\/\/www.stockmanparis.fr\/wp-content\/uploads\/2013\/06\/Tete-marotte-AB212.jpg","datePublished":"2024-06-28T02:57:07+00:00","dateModified":"2024-11-28T17:36:00+00:00","breadcrumb":{"@id":"https:\/\/www.stockmanparis.fr\/product\/tete-marotte-ab212\/#breadcrumb"},"inLanguage":"en-US","potentialAction":[{"@type":"ReadAction","target":["https:\/\/www.stockmanparis.fr\/product\/tete-marotte-ab212\/"]}]},{"@type":"ImageObject","inLanguage":"en-US","@id":"https:\/\/www.stockmanparis.fr\/product\/tete-marotte-ab212\/#primaryimage","url":"https:\/\/www.stockmanparis.fr\/wp-content\/uploads\/2013\/06\/Tete-marotte-AB212.jpg","contentUrl":"https:\/\/www.stockmanparis.fr\/wp-content\/uploads\/2013\/06\/Tete-marotte-AB212.jpg","width":456,"height":700},{"@type":"BreadcrumbList","@id":"https:\/\/www.stockmanparis.fr\/product\/tete-marotte-ab212\/#breadcrumb","itemListElement":[{"@type":"ListItem","position":1,"name":"Home","item":"https:\/\/www.stockmanparis.fr\/"},{"@type":"ListItem","position":2,"name":"Boutique","item":"https:\/\/www.stockmanparis.fr\/boutique\/"},{"@type":"ListItem","position":3,"name":"T\u00caTE MAROTTE AB212"}]},{"@type":"WebSite","@id":"https:\/\/www.stockmanparis.fr\/#website","url":"https:\/\/www.stockmanparis.fr\/","name":"Stockman Paris","description":"Bustes et Mannequins Stockman pour la outure et les boutiques","publisher":{"@id":"https:\/\/www.stockmanparis.fr\/#organization"},"potentialAction":[{"@type":"SearchAction","target":{"@type":"EntryPoint","urlTemplate":"https:\/\/www.stockmanparis.fr\/?s={search_term_string}"},"query-input":"required name=search_term_string"}],"inLanguage":"en-US"},{"@type":"Organization","@id":"https:\/\/www.stockmanparis.fr\/#organization","name":"Stockman Paris","url":"https:\/\/www.stockmanparis.fr\/","logo":{"@type":"ImageObject","inLanguage":"en-US","@id":"https:\/\/www.stockmanparis.fr\/#\/schema\/logo\/image\/","url":"https:\/\/www.stockmanparis.fr\/wp-content\/uploads\/2013\/04\/logo.png","contentUrl":"https:\/\/www.stockmanparis.fr\/wp-content\/uploads\/2013\/04\/logo.png","width":300,"height":132,"caption":"Stockman Paris"},"image":{"@id":"https:\/\/www.stockmanparis.fr\/#\/schema\/logo\/image\/"}}]}},"_links":{"self":[{"href":"https:\/\/www.stockmanparis.fr\/en\/wp-json\/wp\/v2\/product\/1607"}],"collection":[{"href":"https:\/\/www.stockmanparis.fr\/en\/wp-json\/wp\/v2\/product"}],"about":[{"href":"https:\/\/www.stockmanparis.fr\/en\/wp-json\/wp\/v2\/types\/product"}],"replies":[{"embeddable":true,"href":"https:\/\/www.stockmanparis.fr\/en\/wp-json\/wp\/v2\/comments?post=1607"}],"wp:featuredmedia":[{"embeddable":true,"href":"https:\/\/www.stockmanparis.fr\/en\/wp-json\/wp\/v2\/media\/430"}],"wp:attachment":[{"href":"https:\/\/www.stockmanparis.fr\/en\/wp-json\/wp\/v2\/media?parent=1607"}],"wp:term":[{"taxonomy":"product_cat","embeddable":true,"href":"https:\/\/www.stockmanparis.fr\/en\/wp-json\/wp\/v2\/product_cat?post=1607"},{"taxonomy":"product_tag","embeddable":true,"href":"https:\/\/www.stockmanparis.fr\/en\/wp-json\/wp\/v2\/product_tag?post=1607"}],"curies":[{"name":"wp","href":"https:\/\/api.w.org\/{rel}","templated":true}]}}