{"id":1603,"date":"2024-06-28T03:53:45","date_gmt":"2024-06-28T02:53:45","guid":{"rendered":"https:\/\/www.stockmanparis.fr\/?post_type=product&#038;p=1603"},"modified":"2024-11-21T02:52:17","modified_gmt":"2024-11-21T01:52:17","slug":"buste-miniature-b293","status":"publish","type":"product","link":"https:\/\/www.stockmanparis.fr\/en\/product\/buste-miniature-b293\/","title":{"rendered":"MINIATURE BUST B293"},"content":{"rendered":"<p>Le Buste miniature s\u2019utilise pour le travail de recherche pour lequel il permet d\u2019utiliser moins de tissu. Ses proportions, m\u00eame grad\u00e9es, ne peuvent servir \u00e0 la r\u00e9alisation de prototypes de taille r\u00e9elle.<br \/>\nFabriqu\u00e9 en papier m\u00e2ch\u00e9 (B393) ou fibre de verre polyester, le buste miniature est vendu avec son pied rond en bois vernis.<br \/>\n<img fetchpriority=\"high\" decoding=\"async\" src=\"http:\/\/www.stockmanparis.fr\/wp-content\/uploads\/2013\/06\/Detail-Miniature-B293.jpg\" alt=\"Detail Miniature B293\" width=\"330\" height=\"430\" class=\"alignnone size-full wp-image-439\" srcset=\"https:\/\/www.stockmanparis.fr\/wp-content\/uploads\/2013\/06\/Detail-Miniature-B293.jpg 330w, https:\/\/www.stockmanparis.fr\/wp-content\/uploads\/2013\/06\/Detail-Miniature-B293-300x391.jpg 300w\" sizes=\"(max-width: 330px) 100vw, 330px\" \/><br \/>\n<img decoding=\"async\" src=\"http:\/\/www.stockmanparis.fr\/wp-content\/uploads\/2013\/06\/mensurations-B293.png\" alt=\"mensurations-B293\" width=\"337\" height=\"49\" class=\"alignnone size-full wp-image-441\" srcset=\"https:\/\/www.stockmanparis.fr\/wp-content\/uploads\/2013\/06\/mensurations-B293.png 337w, https:\/\/www.stockmanparis.fr\/wp-content\/uploads\/2013\/06\/mensurations-B293-300x44.png 300w\" sizes=\"(max-width: 337px) 100vw, 337px\" \/><\/p>","protected":false},"excerpt":{"rendered":"<p>Le Buste miniature s\u2019utilise pour le travail de recherche pour lequel il permet d\u2019utiliser moins de tissu. Ses proportions, m\u00eame grad\u00e9es, ne peuvent servir \u00e0 la r\u00e9alisation de prototypes de taille r\u00e9elle. Fabriqu\u00e9 en papier m\u00e2ch\u00e9 (B393) ou fibre de verre polyester, le buste miniature est vendu avec son pied rond en bois vernis.<\/p>","protected":false},"featured_media":428,"comment_status":"open","ping_status":"closed","template":"","meta":[],"product_cat":[68,75],"product_tag":[],"class_list":{"0":"post-1603","1":"product","2":"type-product","3":"status-publish","4":"has-post-thumbnail","6":"product_cat-atelier","7":"product_cat-femme","9":"first","10":"instock","11":"shipping-taxable","12":"product-type-simple"},"yoast_head":"<!-- This site is optimized with the Yoast SEO plugin v23.3 - https:\/\/yoast.com\/wordpress\/plugins\/seo\/ -->\n<title>BUSTE MINIATURE B293 | Stockman Paris<\/title>\n<meta name=\"robots\" content=\"index, follow, max-snippet:-1, max-image-preview:large, max-video-preview:-1\" \/>\n<link rel=\"canonical\" href=\"https:\/\/www.stockmanparis.fr\/en\/product\/buste-miniature-b293\/\" \/>\n<meta property=\"og:locale\" content=\"en_US\" \/>\n<meta property=\"og:type\" content=\"article\" \/>\n<meta property=\"og:title\" content=\"BUSTE MINIATURE B293 | Stockman Paris\" \/>\n<meta property=\"og:description\" content=\"Le Buste miniature s\u2019utilise pour le travail de recherche pour lequel il permet d\u2019utiliser moins de tissu. Ses proportions, m\u00eame grad\u00e9es, ne peuvent servir \u00e0 la r\u00e9alisation de prototypes de taille r\u00e9elle. Fabriqu\u00e9 en papier m\u00e2ch\u00e9 (B393) ou fibre de verre polyester, le buste miniature est vendu avec son pied rond en bois vernis.\" \/>\n<meta property=\"og:url\" content=\"https:\/\/www.stockmanparis.fr\/en\/product\/buste-miniature-b293\/\" \/>\n<meta property=\"og:site_name\" content=\"Stockman Paris\" \/>\n<meta property=\"article:modified_time\" content=\"2024-11-21T01:52:17+00:00\" \/>\n<meta property=\"og:image\" content=\"https:\/\/www.stockmanparis.fr\/wp-content\/uploads\/2013\/06\/Buste-miniature-B293.jpg\" \/>\n\t<meta property=\"og:image:width\" content=\"456\" \/>\n\t<meta property=\"og:image:height\" content=\"700\" \/>\n\t<meta property=\"og:image:type\" content=\"image\/jpeg\" \/>\n<meta name=\"twitter:card\" content=\"summary_large_image\" \/>\n<script type=\"application\/ld+json\" class=\"yoast-schema-graph\">{\"@context\":\"https:\/\/schema.org\",\"@graph\":[{\"@type\":\"WebPage\",\"@id\":\"https:\/\/www.stockmanparis.fr\/product\/buste-miniature-b293\/\",\"url\":\"https:\/\/www.stockmanparis.fr\/product\/buste-miniature-b293\/\",\"name\":\"BUSTE MINIATURE B293 | Stockman Paris\",\"isPartOf\":{\"@id\":\"https:\/\/www.stockmanparis.fr\/#website\"},\"primaryImageOfPage\":{\"@id\":\"https:\/\/www.stockmanparis.fr\/product\/buste-miniature-b293\/#primaryimage\"},\"image\":{\"@id\":\"https:\/\/www.stockmanparis.fr\/product\/buste-miniature-b293\/#primaryimage\"},\"thumbnailUrl\":\"https:\/\/www.stockmanparis.fr\/wp-content\/uploads\/2013\/06\/Buste-miniature-B293.jpg\",\"datePublished\":\"2024-06-28T02:53:45+00:00\",\"dateModified\":\"2024-11-21T01:52:17+00:00\",\"breadcrumb\":{\"@id\":\"https:\/\/www.stockmanparis.fr\/product\/buste-miniature-b293\/#breadcrumb\"},\"inLanguage\":\"en-US\",\"potentialAction\":[{\"@type\":\"ReadAction\",\"target\":[\"https:\/\/www.stockmanparis.fr\/product\/buste-miniature-b293\/\"]}]},{\"@type\":\"ImageObject\",\"inLanguage\":\"en-US\",\"@id\":\"https:\/\/www.stockmanparis.fr\/product\/buste-miniature-b293\/#primaryimage\",\"url\":\"https:\/\/www.stockmanparis.fr\/wp-content\/uploads\/2013\/06\/Buste-miniature-B293.jpg\",\"contentUrl\":\"https:\/\/www.stockmanparis.fr\/wp-content\/uploads\/2013\/06\/Buste-miniature-B293.jpg\",\"width\":456,\"height\":700},{\"@type\":\"BreadcrumbList\",\"@id\":\"https:\/\/www.stockmanparis.fr\/product\/buste-miniature-b293\/#breadcrumb\",\"itemListElement\":[{\"@type\":\"ListItem\",\"position\":1,\"name\":\"Home\",\"item\":\"https:\/\/www.stockmanparis.fr\/\"},{\"@type\":\"ListItem\",\"position\":2,\"name\":\"Boutique\",\"item\":\"https:\/\/www.stockmanparis.fr\/boutique\/\"},{\"@type\":\"ListItem\",\"position\":3,\"name\":\"BUSTE MINIATURE B293\"}]},{\"@type\":\"WebSite\",\"@id\":\"https:\/\/www.stockmanparis.fr\/#website\",\"url\":\"https:\/\/www.stockmanparis.fr\/\",\"name\":\"Stockman Paris\",\"description\":\"Bustes et Mannequins Stockman pour la outure et les boutiques\",\"publisher\":{\"@id\":\"https:\/\/www.stockmanparis.fr\/#organization\"},\"potentialAction\":[{\"@type\":\"SearchAction\",\"target\":{\"@type\":\"EntryPoint\",\"urlTemplate\":\"https:\/\/www.stockmanparis.fr\/?s={search_term_string}\"},\"query-input\":\"required name=search_term_string\"}],\"inLanguage\":\"en-US\"},{\"@type\":\"Organization\",\"@id\":\"https:\/\/www.stockmanparis.fr\/#organization\",\"name\":\"Stockman Paris\",\"url\":\"https:\/\/www.stockmanparis.fr\/\",\"logo\":{\"@type\":\"ImageObject\",\"inLanguage\":\"en-US\",\"@id\":\"https:\/\/www.stockmanparis.fr\/#\/schema\/logo\/image\/\",\"url\":\"https:\/\/www.stockmanparis.fr\/wp-content\/uploads\/2013\/04\/logo.png\",\"contentUrl\":\"https:\/\/www.stockmanparis.fr\/wp-content\/uploads\/2013\/04\/logo.png\",\"width\":300,\"height\":132,\"caption\":\"Stockman Paris\"},\"image\":{\"@id\":\"https:\/\/www.stockmanparis.fr\/#\/schema\/logo\/image\/\"}}]}<\/script>\n<!-- \/ Yoast SEO plugin. -->","yoast_head_json":{"title":"BUSTE MINIATURE B293 | Stockman Paris","robots":{"index":"index","follow":"follow","max-snippet":"max-snippet:-1","max-image-preview":"max-image-preview:large","max-video-preview":"max-video-preview:-1"},"canonical":"https:\/\/www.stockmanparis.fr\/en\/product\/buste-miniature-b293\/","og_locale":"en_US","og_type":"article","og_title":"BUSTE MINIATURE B293 | Stockman Paris","og_description":"Le Buste miniature s\u2019utilise pour le travail de recherche pour lequel il permet d\u2019utiliser moins de tissu. Ses proportions, m\u00eame grad\u00e9es, ne peuvent servir \u00e0 la r\u00e9alisation de prototypes de taille r\u00e9elle. Fabriqu\u00e9 en papier m\u00e2ch\u00e9 (B393) ou fibre de verre polyester, le buste miniature est vendu avec son pied rond en bois vernis.","og_url":"https:\/\/www.stockmanparis.fr\/en\/product\/buste-miniature-b293\/","og_site_name":"Stockman Paris","article_modified_time":"2024-11-21T01:52:17+00:00","og_image":[{"width":456,"height":700,"url":"https:\/\/www.stockmanparis.fr\/wp-content\/uploads\/2013\/06\/Buste-miniature-B293.jpg","type":"image\/jpeg"}],"twitter_card":"summary_large_image","schema":{"@context":"https:\/\/schema.org","@graph":[{"@type":"WebPage","@id":"https:\/\/www.stockmanparis.fr\/product\/buste-miniature-b293\/","url":"https:\/\/www.stockmanparis.fr\/product\/buste-miniature-b293\/","name":"BUSTE MINIATURE B293 | Stockman Paris","isPartOf":{"@id":"https:\/\/www.stockmanparis.fr\/#website"},"primaryImageOfPage":{"@id":"https:\/\/www.stockmanparis.fr\/product\/buste-miniature-b293\/#primaryimage"},"image":{"@id":"https:\/\/www.stockmanparis.fr\/product\/buste-miniature-b293\/#primaryimage"},"thumbnailUrl":"https:\/\/www.stockmanparis.fr\/wp-content\/uploads\/2013\/06\/Buste-miniature-B293.jpg","datePublished":"2024-06-28T02:53:45+00:00","dateModified":"2024-11-21T01:52:17+00:00","breadcrumb":{"@id":"https:\/\/www.stockmanparis.fr\/product\/buste-miniature-b293\/#breadcrumb"},"inLanguage":"en-US","potentialAction":[{"@type":"ReadAction","target":["https:\/\/www.stockmanparis.fr\/product\/buste-miniature-b293\/"]}]},{"@type":"ImageObject","inLanguage":"en-US","@id":"https:\/\/www.stockmanparis.fr\/product\/buste-miniature-b293\/#primaryimage","url":"https:\/\/www.stockmanparis.fr\/wp-content\/uploads\/2013\/06\/Buste-miniature-B293.jpg","contentUrl":"https:\/\/www.stockmanparis.fr\/wp-content\/uploads\/2013\/06\/Buste-miniature-B293.jpg","width":456,"height":700},{"@type":"BreadcrumbList","@id":"https:\/\/www.stockmanparis.fr\/product\/buste-miniature-b293\/#breadcrumb","itemListElement":[{"@type":"ListItem","position":1,"name":"Home","item":"https:\/\/www.stockmanparis.fr\/"},{"@type":"ListItem","position":2,"name":"Boutique","item":"https:\/\/www.stockmanparis.fr\/boutique\/"},{"@type":"ListItem","position":3,"name":"BUSTE MINIATURE B293"}]},{"@type":"WebSite","@id":"https:\/\/www.stockmanparis.fr\/#website","url":"https:\/\/www.stockmanparis.fr\/","name":"Stockman Paris","description":"Bustes et Mannequins Stockman pour la outure et les boutiques","publisher":{"@id":"https:\/\/www.stockmanparis.fr\/#organization"},"potentialAction":[{"@type":"SearchAction","target":{"@type":"EntryPoint","urlTemplate":"https:\/\/www.stockmanparis.fr\/?s={search_term_string}"},"query-input":"required name=search_term_string"}],"inLanguage":"en-US"},{"@type":"Organization","@id":"https:\/\/www.stockmanparis.fr\/#organization","name":"Stockman Paris","url":"https:\/\/www.stockmanparis.fr\/","logo":{"@type":"ImageObject","inLanguage":"en-US","@id":"https:\/\/www.stockmanparis.fr\/#\/schema\/logo\/image\/","url":"https:\/\/www.stockmanparis.fr\/wp-content\/uploads\/2013\/04\/logo.png","contentUrl":"https:\/\/www.stockmanparis.fr\/wp-content\/uploads\/2013\/04\/logo.png","width":300,"height":132,"caption":"Stockman Paris"},"image":{"@id":"https:\/\/www.stockmanparis.fr\/#\/schema\/logo\/image\/"}}]}},"_links":{"self":[{"href":"https:\/\/www.stockmanparis.fr\/en\/wp-json\/wp\/v2\/product\/1603"}],"collection":[{"href":"https:\/\/www.stockmanparis.fr\/en\/wp-json\/wp\/v2\/product"}],"about":[{"href":"https:\/\/www.stockmanparis.fr\/en\/wp-json\/wp\/v2\/types\/product"}],"replies":[{"embeddable":true,"href":"https:\/\/www.stockmanparis.fr\/en\/wp-json\/wp\/v2\/comments?post=1603"}],"wp:featuredmedia":[{"embeddable":true,"href":"https:\/\/www.stockmanparis.fr\/en\/wp-json\/wp\/v2\/media\/428"}],"wp:attachment":[{"href":"https:\/\/www.stockmanparis.fr\/en\/wp-json\/wp\/v2\/media?parent=1603"}],"wp:term":[{"taxonomy":"product_cat","embeddable":true,"href":"https:\/\/www.stockmanparis.fr\/en\/wp-json\/wp\/v2\/product_cat?post=1603"},{"taxonomy":"product_tag","embeddable":true,"href":"https:\/\/www.stockmanparis.fr\/en\/wp-json\/wp\/v2\/product_tag?post=1603"}],"curies":[{"name":"wp","href":"https:\/\/api.w.org\/{rel}","templated":true}]}}