{"id":1602,"date":"2024-06-28T03:52:40","date_gmt":"2024-06-28T02:52:40","guid":{"rendered":"https:\/\/www.stockmanparis.fr\/?post_type=product&#038;p=1602"},"modified":"2025-01-16T07:53:49","modified_gmt":"2025-01-16T06:53:49","slug":"buste-b497","status":"publish","type":"product","link":"https:\/\/www.stockmanparis.fr\/en\/product\/buste-b497\/","title":{"rendered":"BUST B497"},"content":{"rendered":"<p style=\"text-align: justify;\">Created in 2006 following an interpretation of the European measurement campaign led by the IFTH, the B497 bust is the most current in the Stockman range. With its thickened waist, it corresponds perfectly to the evolution of female morphology at the beginning of the 21st century.<\/p>\n<p style=\"text-align: justify;\">It is now acclaimed by a majority of sewing workshops in Europe. Available in 6 sizes, it is suitable for almost all of today's Ready-to-Wear collections.<\/p>\n<p style=\"text-align: justify;\"><a href=\"http:\/\/www.stockmanparis.fr\/wp-content\/uploads\/2013\/04\/B497-cotations.png\"><img fetchpriority=\"high\" decoding=\"async\" class=\"alignnone  wp-image-144\" style=\"margin-top: 20px; margin-bottom: 0px;\" alt=\"Cotations du Buste Stockman B497\" src=\"http:\/\/www.stockmanparis.fr\/wp-content\/uploads\/2013\/04\/B497-cotations1.png\" width=\"458\" height=\"181\" \/><\/a><br \/>\n<span style=\"font-size:10px;Line-Height: 0.5;\"><em>* Considering the reactions of the paper and the work by hand, a deviation of approximately 1 cm can be observed compared to these measurements.<\/em><\/span><\/p>","protected":false},"excerpt":{"rendered":"<p>Cr\u00e9\u00e9 en 2006 suite \u00e0 une interpr\u00e9tation de la campagne europ\u00e9enne de mensurations pilot\u00e9e par l\u2019IFTH, le buste B497 est le plus actuel de la gamme Stockman. Avec sa taille \u00e9paissie, il correspond tout \u00e0 fait \u00e0 l\u2019\u00e9volution de la morphologie f\u00e9minine de ce d\u00e9but de XXI\u00e8me si\u00e8cle. Il est d\u2019ailleurs aujourd\u2019hui pl\u00e9biscit\u00e9 par une [&hellip;]<\/p>","protected":false},"featured_media":44,"comment_status":"open","ping_status":"closed","template":"","meta":[],"product_cat":[68,75],"product_tag":[],"class_list":{"0":"post-1602","1":"product","2":"type-product","3":"status-publish","4":"has-post-thumbnail","6":"product_cat-atelier","7":"product_cat-femme","9":"first","10":"instock","11":"shipping-taxable","12":"product-type-simple"},"yoast_head":"<!-- This site is optimized with the Yoast SEO plugin v23.3 - https:\/\/yoast.com\/wordpress\/plugins\/seo\/ -->\n<title>Buste B497 | Stockman Paris<\/title>\n<meta name=\"robots\" content=\"index, follow, max-snippet:-1, max-image-preview:large, max-video-preview:-1\" \/>\n<link rel=\"canonical\" href=\"https:\/\/www.stockmanparis.fr\/en\/product\/buste-b497\/\" \/>\n<meta property=\"og:locale\" content=\"en_US\" \/>\n<meta property=\"og:type\" content=\"article\" \/>\n<meta property=\"og:title\" content=\"Buste B497 | Stockman Paris\" \/>\n<meta property=\"og:description\" content=\"Cr\u00e9\u00e9 en 2006 suite \u00e0 une interpr\u00e9tation de la campagne europ\u00e9enne de mensurations pilot\u00e9e par l\u2019IFTH, le buste B497 est le plus actuel de la gamme Stockman. Avec sa taille \u00e9paissie, il correspond tout \u00e0 fait \u00e0 l\u2019\u00e9volution de la morphologie f\u00e9minine de ce d\u00e9but de XXI\u00e8me si\u00e8cle. Il est d\u2019ailleurs aujourd\u2019hui pl\u00e9biscit\u00e9 par une [&hellip;]\" \/>\n<meta property=\"og:url\" content=\"https:\/\/www.stockmanparis.fr\/en\/product\/buste-b497\/\" \/>\n<meta property=\"og:site_name\" content=\"Stockman Paris\" \/>\n<meta property=\"article:modified_time\" content=\"2025-01-16T06:53:49+00:00\" \/>\n<meta property=\"og:image\" content=\"https:\/\/www.stockmanparis.fr\/wp-content\/uploads\/2013\/04\/B497.png\" \/>\n\t<meta property=\"og:image:width\" content=\"456\" \/>\n\t<meta property=\"og:image:height\" content=\"700\" \/>\n\t<meta property=\"og:image:type\" content=\"image\/png\" \/>\n<meta name=\"twitter:card\" content=\"summary_large_image\" \/>\n<meta name=\"twitter:label1\" content=\"Est. reading time\" \/>\n\t<meta name=\"twitter:data1\" content=\"1 minute\" \/>\n<script type=\"application\/ld+json\" class=\"yoast-schema-graph\">{\"@context\":\"https:\/\/schema.org\",\"@graph\":[{\"@type\":\"WebPage\",\"@id\":\"https:\/\/www.stockmanparis.fr\/product\/buste-b497\/\",\"url\":\"https:\/\/www.stockmanparis.fr\/product\/buste-b497\/\",\"name\":\"Buste B497 | Stockman Paris\",\"isPartOf\":{\"@id\":\"https:\/\/www.stockmanparis.fr\/#website\"},\"primaryImageOfPage\":{\"@id\":\"https:\/\/www.stockmanparis.fr\/product\/buste-b497\/#primaryimage\"},\"image\":{\"@id\":\"https:\/\/www.stockmanparis.fr\/product\/buste-b497\/#primaryimage\"},\"thumbnailUrl\":\"https:\/\/www.stockmanparis.fr\/wp-content\/uploads\/2013\/04\/B497.png\",\"datePublished\":\"2024-06-28T02:52:40+00:00\",\"dateModified\":\"2025-01-16T06:53:49+00:00\",\"breadcrumb\":{\"@id\":\"https:\/\/www.stockmanparis.fr\/product\/buste-b497\/#breadcrumb\"},\"inLanguage\":\"en-US\",\"potentialAction\":[{\"@type\":\"ReadAction\",\"target\":[\"https:\/\/www.stockmanparis.fr\/product\/buste-b497\/\"]}]},{\"@type\":\"ImageObject\",\"inLanguage\":\"en-US\",\"@id\":\"https:\/\/www.stockmanparis.fr\/product\/buste-b497\/#primaryimage\",\"url\":\"https:\/\/www.stockmanparis.fr\/wp-content\/uploads\/2013\/04\/B497.png\",\"contentUrl\":\"https:\/\/www.stockmanparis.fr\/wp-content\/uploads\/2013\/04\/B497.png\",\"width\":456,\"height\":700},{\"@type\":\"BreadcrumbList\",\"@id\":\"https:\/\/www.stockmanparis.fr\/product\/buste-b497\/#breadcrumb\",\"itemListElement\":[{\"@type\":\"ListItem\",\"position\":1,\"name\":\"Home\",\"item\":\"https:\/\/www.stockmanparis.fr\/\"},{\"@type\":\"ListItem\",\"position\":2,\"name\":\"Boutique\",\"item\":\"https:\/\/www.stockmanparis.fr\/boutique\/\"},{\"@type\":\"ListItem\",\"position\":3,\"name\":\"Buste B497\"}]},{\"@type\":\"WebSite\",\"@id\":\"https:\/\/www.stockmanparis.fr\/#website\",\"url\":\"https:\/\/www.stockmanparis.fr\/\",\"name\":\"Stockman Paris\",\"description\":\"Bustes et Mannequins Stockman pour la outure et les boutiques\",\"publisher\":{\"@id\":\"https:\/\/www.stockmanparis.fr\/#organization\"},\"potentialAction\":[{\"@type\":\"SearchAction\",\"target\":{\"@type\":\"EntryPoint\",\"urlTemplate\":\"https:\/\/www.stockmanparis.fr\/?s={search_term_string}\"},\"query-input\":\"required name=search_term_string\"}],\"inLanguage\":\"en-US\"},{\"@type\":\"Organization\",\"@id\":\"https:\/\/www.stockmanparis.fr\/#organization\",\"name\":\"Stockman Paris\",\"url\":\"https:\/\/www.stockmanparis.fr\/\",\"logo\":{\"@type\":\"ImageObject\",\"inLanguage\":\"en-US\",\"@id\":\"https:\/\/www.stockmanparis.fr\/#\/schema\/logo\/image\/\",\"url\":\"https:\/\/www.stockmanparis.fr\/wp-content\/uploads\/2013\/04\/logo.png\",\"contentUrl\":\"https:\/\/www.stockmanparis.fr\/wp-content\/uploads\/2013\/04\/logo.png\",\"width\":300,\"height\":132,\"caption\":\"Stockman Paris\"},\"image\":{\"@id\":\"https:\/\/www.stockmanparis.fr\/#\/schema\/logo\/image\/\"}}]}<\/script>\n<!-- \/ Yoast SEO plugin. -->","yoast_head_json":{"title":"Buste B497 | Stockman Paris","robots":{"index":"index","follow":"follow","max-snippet":"max-snippet:-1","max-image-preview":"max-image-preview:large","max-video-preview":"max-video-preview:-1"},"canonical":"https:\/\/www.stockmanparis.fr\/en\/product\/buste-b497\/","og_locale":"en_US","og_type":"article","og_title":"Buste B497 | Stockman Paris","og_description":"Cr\u00e9\u00e9 en 2006 suite \u00e0 une interpr\u00e9tation de la campagne europ\u00e9enne de mensurations pilot\u00e9e par l\u2019IFTH, le buste B497 est le plus actuel de la gamme Stockman. Avec sa taille \u00e9paissie, il correspond tout \u00e0 fait \u00e0 l\u2019\u00e9volution de la morphologie f\u00e9minine de ce d\u00e9but de XXI\u00e8me si\u00e8cle. Il est d\u2019ailleurs aujourd\u2019hui pl\u00e9biscit\u00e9 par une [&hellip;]","og_url":"https:\/\/www.stockmanparis.fr\/en\/product\/buste-b497\/","og_site_name":"Stockman Paris","article_modified_time":"2025-01-16T06:53:49+00:00","og_image":[{"width":456,"height":700,"url":"https:\/\/www.stockmanparis.fr\/wp-content\/uploads\/2013\/04\/B497.png","type":"image\/png"}],"twitter_card":"summary_large_image","twitter_misc":{"Est. reading time":"1 minute"},"schema":{"@context":"https:\/\/schema.org","@graph":[{"@type":"WebPage","@id":"https:\/\/www.stockmanparis.fr\/product\/buste-b497\/","url":"https:\/\/www.stockmanparis.fr\/product\/buste-b497\/","name":"Buste B497 | Stockman Paris","isPartOf":{"@id":"https:\/\/www.stockmanparis.fr\/#website"},"primaryImageOfPage":{"@id":"https:\/\/www.stockmanparis.fr\/product\/buste-b497\/#primaryimage"},"image":{"@id":"https:\/\/www.stockmanparis.fr\/product\/buste-b497\/#primaryimage"},"thumbnailUrl":"https:\/\/www.stockmanparis.fr\/wp-content\/uploads\/2013\/04\/B497.png","datePublished":"2024-06-28T02:52:40+00:00","dateModified":"2025-01-16T06:53:49+00:00","breadcrumb":{"@id":"https:\/\/www.stockmanparis.fr\/product\/buste-b497\/#breadcrumb"},"inLanguage":"en-US","potentialAction":[{"@type":"ReadAction","target":["https:\/\/www.stockmanparis.fr\/product\/buste-b497\/"]}]},{"@type":"ImageObject","inLanguage":"en-US","@id":"https:\/\/www.stockmanparis.fr\/product\/buste-b497\/#primaryimage","url":"https:\/\/www.stockmanparis.fr\/wp-content\/uploads\/2013\/04\/B497.png","contentUrl":"https:\/\/www.stockmanparis.fr\/wp-content\/uploads\/2013\/04\/B497.png","width":456,"height":700},{"@type":"BreadcrumbList","@id":"https:\/\/www.stockmanparis.fr\/product\/buste-b497\/#breadcrumb","itemListElement":[{"@type":"ListItem","position":1,"name":"Home","item":"https:\/\/www.stockmanparis.fr\/"},{"@type":"ListItem","position":2,"name":"Boutique","item":"https:\/\/www.stockmanparis.fr\/boutique\/"},{"@type":"ListItem","position":3,"name":"Buste B497"}]},{"@type":"WebSite","@id":"https:\/\/www.stockmanparis.fr\/#website","url":"https:\/\/www.stockmanparis.fr\/","name":"Stockman Paris","description":"Bustes et Mannequins Stockman pour la outure et les boutiques","publisher":{"@id":"https:\/\/www.stockmanparis.fr\/#organization"},"potentialAction":[{"@type":"SearchAction","target":{"@type":"EntryPoint","urlTemplate":"https:\/\/www.stockmanparis.fr\/?s={search_term_string}"},"query-input":"required name=search_term_string"}],"inLanguage":"en-US"},{"@type":"Organization","@id":"https:\/\/www.stockmanparis.fr\/#organization","name":"Stockman Paris","url":"https:\/\/www.stockmanparis.fr\/","logo":{"@type":"ImageObject","inLanguage":"en-US","@id":"https:\/\/www.stockmanparis.fr\/#\/schema\/logo\/image\/","url":"https:\/\/www.stockmanparis.fr\/wp-content\/uploads\/2013\/04\/logo.png","contentUrl":"https:\/\/www.stockmanparis.fr\/wp-content\/uploads\/2013\/04\/logo.png","width":300,"height":132,"caption":"Stockman Paris"},"image":{"@id":"https:\/\/www.stockmanparis.fr\/#\/schema\/logo\/image\/"}}]}},"_links":{"self":[{"href":"https:\/\/www.stockmanparis.fr\/en\/wp-json\/wp\/v2\/product\/1602"}],"collection":[{"href":"https:\/\/www.stockmanparis.fr\/en\/wp-json\/wp\/v2\/product"}],"about":[{"href":"https:\/\/www.stockmanparis.fr\/en\/wp-json\/wp\/v2\/types\/product"}],"replies":[{"embeddable":true,"href":"https:\/\/www.stockmanparis.fr\/en\/wp-json\/wp\/v2\/comments?post=1602"}],"wp:featuredmedia":[{"embeddable":true,"href":"https:\/\/www.stockmanparis.fr\/en\/wp-json\/wp\/v2\/media\/44"}],"wp:attachment":[{"href":"https:\/\/www.stockmanparis.fr\/en\/wp-json\/wp\/v2\/media?parent=1602"}],"wp:term":[{"taxonomy":"product_cat","embeddable":true,"href":"https:\/\/www.stockmanparis.fr\/en\/wp-json\/wp\/v2\/product_cat?post=1602"},{"taxonomy":"product_tag","embeddable":true,"href":"https:\/\/www.stockmanparis.fr\/en\/wp-json\/wp\/v2\/product_tag?post=1602"}],"curies":[{"name":"wp","href":"https:\/\/api.w.org\/{rel}","templated":true}]}}