{"id":1601,"date":"2024-06-28T03:50:21","date_gmt":"2024-06-28T02:50:21","guid":{"rendered":"https:\/\/www.stockmanparis.fr\/?post_type=product&#038;p=1601"},"modified":"2024-12-05T21:14:47","modified_gmt":"2024-12-05T20:14:47","slug":"buste-b485","status":"publish","type":"product","link":"https:\/\/www.stockmanparis.fr\/en\/product\/buste-b485\/","title":{"rendered":"BUST B485"},"content":{"rendered":"<p>Created in 2009 in collaboration with a large number of studios of high-end men's brands in Paris, the B485 bust is particularly suitable for collections intended for men aged 20 to 35. Its particularity is to have a relatively slim waist and hips and a very long waist-back length (45 cm in size 50) corresponding well to the taller man of the new generations.<\/p>\n<p><img fetchpriority=\"high\" decoding=\"async\" class=\"alignnone size-full wp-image-419\" alt=\"mensurations-B485\" src=\"http:\/\/www.stockmanparis.fr\/wp-content\/uploads\/2013\/04\/mensurations-B485.png\" width=\"425\" height=\"205\" srcset=\"https:\/\/www.stockmanparis.fr\/wp-content\/uploads\/2013\/04\/mensurations-B485.png 425w, https:\/\/www.stockmanparis.fr\/wp-content\/uploads\/2013\/04\/mensurations-B485-300x145.png 300w\" sizes=\"(max-width: 425px) 100vw, 425px\" \/><br \/>\n<span style=\"font-size: 10px; line-height: 0.5;\"><em>* Considering the reactions of the paper and the work by hand, a deviation of approximately 1 cm can be observed compared to these measurements.<\/em><\/span><\/p>","protected":false},"excerpt":{"rendered":"<p>Cr\u00e9\u00e9 en 2009 en collaboration avec un grande nombre de studios des marques Homme haut de gamme de Paris, le buste B485 convient particuli\u00e8rement aux collections destin\u00e9es aux hommes \u00e2g\u00e9s de 20 \u00e0 35 ans. Sa particularit\u00e9 est d\u2018avoir une taille et des hanches relativement fines et une longueur taille dos tr\u00e8s importante (45 cm [&hellip;]<\/p>","protected":false},"featured_media":47,"comment_status":"open","ping_status":"closed","template":"","meta":[],"product_cat":[68,76],"product_tag":[],"class_list":{"0":"post-1601","1":"product","2":"type-product","3":"status-publish","4":"has-post-thumbnail","6":"product_cat-atelier","7":"product_cat-homme","9":"first","10":"instock","11":"shipping-taxable","12":"product-type-simple"},"yoast_head":"<!-- This site is optimized with the Yoast SEO plugin v23.3 - https:\/\/yoast.com\/wordpress\/plugins\/seo\/ -->\n<title>Buste B485 | Stockman Paris<\/title>\n<meta name=\"robots\" content=\"index, follow, max-snippet:-1, max-image-preview:large, max-video-preview:-1\" \/>\n<link rel=\"canonical\" href=\"https:\/\/www.stockmanparis.fr\/en\/product\/buste-b485\/\" \/>\n<meta property=\"og:locale\" content=\"en_US\" \/>\n<meta property=\"og:type\" content=\"article\" \/>\n<meta property=\"og:title\" content=\"Buste B485 | Stockman Paris\" \/>\n<meta property=\"og:description\" content=\"Cr\u00e9\u00e9 en 2009 en collaboration avec un grande nombre de studios des marques Homme haut de gamme de Paris, le buste B485 convient particuli\u00e8rement aux collections destin\u00e9es aux hommes \u00e2g\u00e9s de 20 \u00e0 35 ans. Sa particularit\u00e9 est d\u2018avoir une taille et des hanches relativement fines et une longueur taille dos tr\u00e8s importante (45 cm [&hellip;]\" \/>\n<meta property=\"og:url\" content=\"https:\/\/www.stockmanparis.fr\/en\/product\/buste-b485\/\" \/>\n<meta property=\"og:site_name\" content=\"Stockman Paris\" \/>\n<meta property=\"article:modified_time\" content=\"2024-12-05T20:14:47+00:00\" \/>\n<meta property=\"og:image\" content=\"https:\/\/www.stockmanparis.fr\/wp-content\/uploads\/2013\/04\/B485.png\" \/>\n\t<meta property=\"og:image:width\" content=\"456\" \/>\n\t<meta property=\"og:image:height\" content=\"700\" \/>\n\t<meta property=\"og:image:type\" content=\"image\/png\" \/>\n<meta name=\"twitter:card\" content=\"summary_large_image\" \/>\n<script type=\"application\/ld+json\" class=\"yoast-schema-graph\">{\"@context\":\"https:\/\/schema.org\",\"@graph\":[{\"@type\":\"WebPage\",\"@id\":\"https:\/\/www.stockmanparis.fr\/product\/buste-b485\/\",\"url\":\"https:\/\/www.stockmanparis.fr\/product\/buste-b485\/\",\"name\":\"Buste B485 | Stockman Paris\",\"isPartOf\":{\"@id\":\"https:\/\/www.stockmanparis.fr\/#website\"},\"primaryImageOfPage\":{\"@id\":\"https:\/\/www.stockmanparis.fr\/product\/buste-b485\/#primaryimage\"},\"image\":{\"@id\":\"https:\/\/www.stockmanparis.fr\/product\/buste-b485\/#primaryimage\"},\"thumbnailUrl\":\"https:\/\/www.stockmanparis.fr\/wp-content\/uploads\/2013\/04\/B485.png\",\"datePublished\":\"2024-06-28T02:50:21+00:00\",\"dateModified\":\"2024-12-05T20:14:47+00:00\",\"breadcrumb\":{\"@id\":\"https:\/\/www.stockmanparis.fr\/product\/buste-b485\/#breadcrumb\"},\"inLanguage\":\"en-US\",\"potentialAction\":[{\"@type\":\"ReadAction\",\"target\":[\"https:\/\/www.stockmanparis.fr\/product\/buste-b485\/\"]}]},{\"@type\":\"ImageObject\",\"inLanguage\":\"en-US\",\"@id\":\"https:\/\/www.stockmanparis.fr\/product\/buste-b485\/#primaryimage\",\"url\":\"https:\/\/www.stockmanparis.fr\/wp-content\/uploads\/2013\/04\/B485.png\",\"contentUrl\":\"https:\/\/www.stockmanparis.fr\/wp-content\/uploads\/2013\/04\/B485.png\",\"width\":456,\"height\":700},{\"@type\":\"BreadcrumbList\",\"@id\":\"https:\/\/www.stockmanparis.fr\/product\/buste-b485\/#breadcrumb\",\"itemListElement\":[{\"@type\":\"ListItem\",\"position\":1,\"name\":\"Home\",\"item\":\"https:\/\/www.stockmanparis.fr\/\"},{\"@type\":\"ListItem\",\"position\":2,\"name\":\"Boutique\",\"item\":\"https:\/\/www.stockmanparis.fr\/boutique\/\"},{\"@type\":\"ListItem\",\"position\":3,\"name\":\"Buste B485\"}]},{\"@type\":\"WebSite\",\"@id\":\"https:\/\/www.stockmanparis.fr\/#website\",\"url\":\"https:\/\/www.stockmanparis.fr\/\",\"name\":\"Stockman Paris\",\"description\":\"Bustes et Mannequins Stockman pour la outure et les boutiques\",\"publisher\":{\"@id\":\"https:\/\/www.stockmanparis.fr\/#organization\"},\"potentialAction\":[{\"@type\":\"SearchAction\",\"target\":{\"@type\":\"EntryPoint\",\"urlTemplate\":\"https:\/\/www.stockmanparis.fr\/?s={search_term_string}\"},\"query-input\":\"required name=search_term_string\"}],\"inLanguage\":\"en-US\"},{\"@type\":\"Organization\",\"@id\":\"https:\/\/www.stockmanparis.fr\/#organization\",\"name\":\"Stockman Paris\",\"url\":\"https:\/\/www.stockmanparis.fr\/\",\"logo\":{\"@type\":\"ImageObject\",\"inLanguage\":\"en-US\",\"@id\":\"https:\/\/www.stockmanparis.fr\/#\/schema\/logo\/image\/\",\"url\":\"https:\/\/www.stockmanparis.fr\/wp-content\/uploads\/2013\/04\/logo.png\",\"contentUrl\":\"https:\/\/www.stockmanparis.fr\/wp-content\/uploads\/2013\/04\/logo.png\",\"width\":300,\"height\":132,\"caption\":\"Stockman Paris\"},\"image\":{\"@id\":\"https:\/\/www.stockmanparis.fr\/#\/schema\/logo\/image\/\"}}]}<\/script>\n<!-- \/ Yoast SEO plugin. -->","yoast_head_json":{"title":"Buste B485 | Stockman Paris","robots":{"index":"index","follow":"follow","max-snippet":"max-snippet:-1","max-image-preview":"max-image-preview:large","max-video-preview":"max-video-preview:-1"},"canonical":"https:\/\/www.stockmanparis.fr\/en\/product\/buste-b485\/","og_locale":"en_US","og_type":"article","og_title":"Buste B485 | Stockman Paris","og_description":"Cr\u00e9\u00e9 en 2009 en collaboration avec un grande nombre de studios des marques Homme haut de gamme de Paris, le buste B485 convient particuli\u00e8rement aux collections destin\u00e9es aux hommes \u00e2g\u00e9s de 20 \u00e0 35 ans. Sa particularit\u00e9 est d\u2018avoir une taille et des hanches relativement fines et une longueur taille dos tr\u00e8s importante (45 cm [&hellip;]","og_url":"https:\/\/www.stockmanparis.fr\/en\/product\/buste-b485\/","og_site_name":"Stockman Paris","article_modified_time":"2024-12-05T20:14:47+00:00","og_image":[{"width":456,"height":700,"url":"https:\/\/www.stockmanparis.fr\/wp-content\/uploads\/2013\/04\/B485.png","type":"image\/png"}],"twitter_card":"summary_large_image","schema":{"@context":"https:\/\/schema.org","@graph":[{"@type":"WebPage","@id":"https:\/\/www.stockmanparis.fr\/product\/buste-b485\/","url":"https:\/\/www.stockmanparis.fr\/product\/buste-b485\/","name":"Buste B485 | Stockman Paris","isPartOf":{"@id":"https:\/\/www.stockmanparis.fr\/#website"},"primaryImageOfPage":{"@id":"https:\/\/www.stockmanparis.fr\/product\/buste-b485\/#primaryimage"},"image":{"@id":"https:\/\/www.stockmanparis.fr\/product\/buste-b485\/#primaryimage"},"thumbnailUrl":"https:\/\/www.stockmanparis.fr\/wp-content\/uploads\/2013\/04\/B485.png","datePublished":"2024-06-28T02:50:21+00:00","dateModified":"2024-12-05T20:14:47+00:00","breadcrumb":{"@id":"https:\/\/www.stockmanparis.fr\/product\/buste-b485\/#breadcrumb"},"inLanguage":"en-US","potentialAction":[{"@type":"ReadAction","target":["https:\/\/www.stockmanparis.fr\/product\/buste-b485\/"]}]},{"@type":"ImageObject","inLanguage":"en-US","@id":"https:\/\/www.stockmanparis.fr\/product\/buste-b485\/#primaryimage","url":"https:\/\/www.stockmanparis.fr\/wp-content\/uploads\/2013\/04\/B485.png","contentUrl":"https:\/\/www.stockmanparis.fr\/wp-content\/uploads\/2013\/04\/B485.png","width":456,"height":700},{"@type":"BreadcrumbList","@id":"https:\/\/www.stockmanparis.fr\/product\/buste-b485\/#breadcrumb","itemListElement":[{"@type":"ListItem","position":1,"name":"Home","item":"https:\/\/www.stockmanparis.fr\/"},{"@type":"ListItem","position":2,"name":"Boutique","item":"https:\/\/www.stockmanparis.fr\/boutique\/"},{"@type":"ListItem","position":3,"name":"Buste B485"}]},{"@type":"WebSite","@id":"https:\/\/www.stockmanparis.fr\/#website","url":"https:\/\/www.stockmanparis.fr\/","name":"Stockman Paris","description":"Bustes et Mannequins Stockman pour la outure et les boutiques","publisher":{"@id":"https:\/\/www.stockmanparis.fr\/#organization"},"potentialAction":[{"@type":"SearchAction","target":{"@type":"EntryPoint","urlTemplate":"https:\/\/www.stockmanparis.fr\/?s={search_term_string}"},"query-input":"required name=search_term_string"}],"inLanguage":"en-US"},{"@type":"Organization","@id":"https:\/\/www.stockmanparis.fr\/#organization","name":"Stockman Paris","url":"https:\/\/www.stockmanparis.fr\/","logo":{"@type":"ImageObject","inLanguage":"en-US","@id":"https:\/\/www.stockmanparis.fr\/#\/schema\/logo\/image\/","url":"https:\/\/www.stockmanparis.fr\/wp-content\/uploads\/2013\/04\/logo.png","contentUrl":"https:\/\/www.stockmanparis.fr\/wp-content\/uploads\/2013\/04\/logo.png","width":300,"height":132,"caption":"Stockman Paris"},"image":{"@id":"https:\/\/www.stockmanparis.fr\/#\/schema\/logo\/image\/"}}]}},"_links":{"self":[{"href":"https:\/\/www.stockmanparis.fr\/en\/wp-json\/wp\/v2\/product\/1601"}],"collection":[{"href":"https:\/\/www.stockmanparis.fr\/en\/wp-json\/wp\/v2\/product"}],"about":[{"href":"https:\/\/www.stockmanparis.fr\/en\/wp-json\/wp\/v2\/types\/product"}],"replies":[{"embeddable":true,"href":"https:\/\/www.stockmanparis.fr\/en\/wp-json\/wp\/v2\/comments?post=1601"}],"wp:featuredmedia":[{"embeddable":true,"href":"https:\/\/www.stockmanparis.fr\/en\/wp-json\/wp\/v2\/media\/47"}],"wp:attachment":[{"href":"https:\/\/www.stockmanparis.fr\/en\/wp-json\/wp\/v2\/media?parent=1601"}],"wp:term":[{"taxonomy":"product_cat","embeddable":true,"href":"https:\/\/www.stockmanparis.fr\/en\/wp-json\/wp\/v2\/product_cat?post=1601"},{"taxonomy":"product_tag","embeddable":true,"href":"https:\/\/www.stockmanparis.fr\/en\/wp-json\/wp\/v2\/product_tag?post=1601"}],"curies":[{"name":"wp","href":"https:\/\/api.w.org\/{rel}","templated":true}]}}