{"id":1600,"date":"2024-06-28T03:49:37","date_gmt":"2024-06-28T02:49:37","guid":{"rendered":"https:\/\/www.stockmanparis.fr\/?post_type=product&#038;p=1600"},"modified":"2025-01-16T12:07:15","modified_gmt":"2025-01-16T11:07:15","slug":"buste-b463","status":"publish","type":"product","link":"https:\/\/www.stockmanparis.fr\/en\/product\/buste-b463\/","title":{"rendered":"BUST B463"},"content":{"rendered":"<p style=\"text-align: justify;\">Created in the 80s, the B463 dressmaker's mannequin is still in high demand, particularly among designers who want to work with a relatively slim waist and a long waist-back length (42 cm in size 38). It is therefore well suited to collections designed for slender women.<\/p>\n<p style=\"text-align: justify;\"><img fetchpriority=\"high\" decoding=\"async\" class=\"alignnone size-full wp-image-227\" style=\"margin-top: 20px; margin-bottom: 0px;\" alt=\"B463-cotations\" src=\"http:\/\/www.stockmanparis.fr\/wp-content\/uploads\/2013\/04\/B463-cotations.png\" width=\"458\" height=\"153\" srcset=\"https:\/\/www.stockmanparis.fr\/wp-content\/uploads\/2013\/04\/B463-cotations.png 461w, https:\/\/www.stockmanparis.fr\/wp-content\/uploads\/2013\/04\/B463-cotations-300x100.png 300w\" sizes=\"(max-width: 458px) 100vw, 458px\" \/><br \/>\n<span style=\"font-size: 10px; line-height: 0.5;\"><em>* Considering the reactions of the paper and the work by hand, a deviation of approximately 1 cm can be observed compared to these measurements.<\/em><\/span><\/p>","protected":false},"excerpt":{"rendered":"<p>Cr\u00e9\u00e9 dans les ann\u00e9es 80, le mannequin de couture B463 est encore beaucoup demand\u00e9, notamment par les mod\u00e9listes qui tiennent \u00e0 travailler une taille relativement fine et une longueur taille dos importante (42 cm en taille 38). Il convient donc bien \u00e0 des collections destin\u00e9es aux femmes \u00e9lanc\u00e9es. * Compte tenu des r\u00e9actions du papier [&hellip;]<\/p>","protected":false},"featured_media":45,"comment_status":"open","ping_status":"closed","template":"","meta":[],"product_cat":[68,75],"product_tag":[],"class_list":{"0":"post-1600","1":"product","2":"type-product","3":"status-publish","4":"has-post-thumbnail","6":"product_cat-atelier","7":"product_cat-femme","9":"first","10":"instock","11":"shipping-taxable","12":"product-type-simple"},"yoast_head":"<!-- This site is optimized with the Yoast SEO plugin v23.3 - https:\/\/yoast.com\/wordpress\/plugins\/seo\/ -->\n<title>Buste B463 | Stockman Paris<\/title>\n<meta name=\"robots\" content=\"index, follow, max-snippet:-1, max-image-preview:large, max-video-preview:-1\" \/>\n<link rel=\"canonical\" href=\"https:\/\/www.stockmanparis.fr\/en\/product\/buste-b463\/\" \/>\n<meta property=\"og:locale\" content=\"en_US\" \/>\n<meta property=\"og:type\" content=\"article\" \/>\n<meta property=\"og:title\" content=\"Buste B463 | Stockman Paris\" \/>\n<meta property=\"og:description\" content=\"Cr\u00e9\u00e9 dans les ann\u00e9es 80, le mannequin de couture B463 est encore beaucoup demand\u00e9, notamment par les mod\u00e9listes qui tiennent \u00e0 travailler une taille relativement fine et une longueur taille dos importante (42 cm en taille 38). Il convient donc bien \u00e0 des collections destin\u00e9es aux femmes \u00e9lanc\u00e9es. * Compte tenu des r\u00e9actions du papier [&hellip;]\" \/>\n<meta property=\"og:url\" content=\"https:\/\/www.stockmanparis.fr\/en\/product\/buste-b463\/\" \/>\n<meta property=\"og:site_name\" content=\"Stockman Paris\" \/>\n<meta property=\"article:modified_time\" content=\"2025-01-16T11:07:15+00:00\" \/>\n<meta property=\"og:image\" content=\"https:\/\/www.stockmanparis.fr\/wp-content\/uploads\/2013\/04\/B4631.png\" \/>\n\t<meta property=\"og:image:width\" content=\"456\" \/>\n\t<meta property=\"og:image:height\" content=\"699\" \/>\n\t<meta property=\"og:image:type\" content=\"image\/png\" \/>\n<meta name=\"twitter:card\" content=\"summary_large_image\" \/>\n<script type=\"application\/ld+json\" class=\"yoast-schema-graph\">{\"@context\":\"https:\/\/schema.org\",\"@graph\":[{\"@type\":\"WebPage\",\"@id\":\"https:\/\/www.stockmanparis.fr\/product\/buste-b463\/\",\"url\":\"https:\/\/www.stockmanparis.fr\/product\/buste-b463\/\",\"name\":\"Buste B463 | Stockman Paris\",\"isPartOf\":{\"@id\":\"https:\/\/www.stockmanparis.fr\/#website\"},\"primaryImageOfPage\":{\"@id\":\"https:\/\/www.stockmanparis.fr\/product\/buste-b463\/#primaryimage\"},\"image\":{\"@id\":\"https:\/\/www.stockmanparis.fr\/product\/buste-b463\/#primaryimage\"},\"thumbnailUrl\":\"https:\/\/www.stockmanparis.fr\/wp-content\/uploads\/2013\/04\/B4631.png\",\"datePublished\":\"2024-06-28T02:49:37+00:00\",\"dateModified\":\"2025-01-16T11:07:15+00:00\",\"breadcrumb\":{\"@id\":\"https:\/\/www.stockmanparis.fr\/product\/buste-b463\/#breadcrumb\"},\"inLanguage\":\"en-US\",\"potentialAction\":[{\"@type\":\"ReadAction\",\"target\":[\"https:\/\/www.stockmanparis.fr\/product\/buste-b463\/\"]}]},{\"@type\":\"ImageObject\",\"inLanguage\":\"en-US\",\"@id\":\"https:\/\/www.stockmanparis.fr\/product\/buste-b463\/#primaryimage\",\"url\":\"https:\/\/www.stockmanparis.fr\/wp-content\/uploads\/2013\/04\/B4631.png\",\"contentUrl\":\"https:\/\/www.stockmanparis.fr\/wp-content\/uploads\/2013\/04\/B4631.png\",\"width\":456,\"height\":699},{\"@type\":\"BreadcrumbList\",\"@id\":\"https:\/\/www.stockmanparis.fr\/product\/buste-b463\/#breadcrumb\",\"itemListElement\":[{\"@type\":\"ListItem\",\"position\":1,\"name\":\"Home\",\"item\":\"https:\/\/www.stockmanparis.fr\/\"},{\"@type\":\"ListItem\",\"position\":2,\"name\":\"Boutique\",\"item\":\"https:\/\/www.stockmanparis.fr\/boutique\/\"},{\"@type\":\"ListItem\",\"position\":3,\"name\":\"Buste B463\"}]},{\"@type\":\"WebSite\",\"@id\":\"https:\/\/www.stockmanparis.fr\/#website\",\"url\":\"https:\/\/www.stockmanparis.fr\/\",\"name\":\"Stockman Paris\",\"description\":\"Bustes et Mannequins Stockman pour la outure et les boutiques\",\"publisher\":{\"@id\":\"https:\/\/www.stockmanparis.fr\/#organization\"},\"potentialAction\":[{\"@type\":\"SearchAction\",\"target\":{\"@type\":\"EntryPoint\",\"urlTemplate\":\"https:\/\/www.stockmanparis.fr\/?s={search_term_string}\"},\"query-input\":\"required name=search_term_string\"}],\"inLanguage\":\"en-US\"},{\"@type\":\"Organization\",\"@id\":\"https:\/\/www.stockmanparis.fr\/#organization\",\"name\":\"Stockman Paris\",\"url\":\"https:\/\/www.stockmanparis.fr\/\",\"logo\":{\"@type\":\"ImageObject\",\"inLanguage\":\"en-US\",\"@id\":\"https:\/\/www.stockmanparis.fr\/#\/schema\/logo\/image\/\",\"url\":\"https:\/\/www.stockmanparis.fr\/wp-content\/uploads\/2013\/04\/logo.png\",\"contentUrl\":\"https:\/\/www.stockmanparis.fr\/wp-content\/uploads\/2013\/04\/logo.png\",\"width\":300,\"height\":132,\"caption\":\"Stockman Paris\"},\"image\":{\"@id\":\"https:\/\/www.stockmanparis.fr\/#\/schema\/logo\/image\/\"}}]}<\/script>\n<!-- \/ Yoast SEO plugin. -->","yoast_head_json":{"title":"Buste B463 | Stockman Paris","robots":{"index":"index","follow":"follow","max-snippet":"max-snippet:-1","max-image-preview":"max-image-preview:large","max-video-preview":"max-video-preview:-1"},"canonical":"https:\/\/www.stockmanparis.fr\/en\/product\/buste-b463\/","og_locale":"en_US","og_type":"article","og_title":"Buste B463 | Stockman Paris","og_description":"Cr\u00e9\u00e9 dans les ann\u00e9es 80, le mannequin de couture B463 est encore beaucoup demand\u00e9, notamment par les mod\u00e9listes qui tiennent \u00e0 travailler une taille relativement fine et une longueur taille dos importante (42 cm en taille 38). Il convient donc bien \u00e0 des collections destin\u00e9es aux femmes \u00e9lanc\u00e9es. * Compte tenu des r\u00e9actions du papier [&hellip;]","og_url":"https:\/\/www.stockmanparis.fr\/en\/product\/buste-b463\/","og_site_name":"Stockman Paris","article_modified_time":"2025-01-16T11:07:15+00:00","og_image":[{"width":456,"height":699,"url":"https:\/\/www.stockmanparis.fr\/wp-content\/uploads\/2013\/04\/B4631.png","type":"image\/png"}],"twitter_card":"summary_large_image","schema":{"@context":"https:\/\/schema.org","@graph":[{"@type":"WebPage","@id":"https:\/\/www.stockmanparis.fr\/product\/buste-b463\/","url":"https:\/\/www.stockmanparis.fr\/product\/buste-b463\/","name":"Buste B463 | Stockman Paris","isPartOf":{"@id":"https:\/\/www.stockmanparis.fr\/#website"},"primaryImageOfPage":{"@id":"https:\/\/www.stockmanparis.fr\/product\/buste-b463\/#primaryimage"},"image":{"@id":"https:\/\/www.stockmanparis.fr\/product\/buste-b463\/#primaryimage"},"thumbnailUrl":"https:\/\/www.stockmanparis.fr\/wp-content\/uploads\/2013\/04\/B4631.png","datePublished":"2024-06-28T02:49:37+00:00","dateModified":"2025-01-16T11:07:15+00:00","breadcrumb":{"@id":"https:\/\/www.stockmanparis.fr\/product\/buste-b463\/#breadcrumb"},"inLanguage":"en-US","potentialAction":[{"@type":"ReadAction","target":["https:\/\/www.stockmanparis.fr\/product\/buste-b463\/"]}]},{"@type":"ImageObject","inLanguage":"en-US","@id":"https:\/\/www.stockmanparis.fr\/product\/buste-b463\/#primaryimage","url":"https:\/\/www.stockmanparis.fr\/wp-content\/uploads\/2013\/04\/B4631.png","contentUrl":"https:\/\/www.stockmanparis.fr\/wp-content\/uploads\/2013\/04\/B4631.png","width":456,"height":699},{"@type":"BreadcrumbList","@id":"https:\/\/www.stockmanparis.fr\/product\/buste-b463\/#breadcrumb","itemListElement":[{"@type":"ListItem","position":1,"name":"Home","item":"https:\/\/www.stockmanparis.fr\/"},{"@type":"ListItem","position":2,"name":"Boutique","item":"https:\/\/www.stockmanparis.fr\/boutique\/"},{"@type":"ListItem","position":3,"name":"Buste B463"}]},{"@type":"WebSite","@id":"https:\/\/www.stockmanparis.fr\/#website","url":"https:\/\/www.stockmanparis.fr\/","name":"Stockman Paris","description":"Bustes et Mannequins Stockman pour la outure et les boutiques","publisher":{"@id":"https:\/\/www.stockmanparis.fr\/#organization"},"potentialAction":[{"@type":"SearchAction","target":{"@type":"EntryPoint","urlTemplate":"https:\/\/www.stockmanparis.fr\/?s={search_term_string}"},"query-input":"required name=search_term_string"}],"inLanguage":"en-US"},{"@type":"Organization","@id":"https:\/\/www.stockmanparis.fr\/#organization","name":"Stockman Paris","url":"https:\/\/www.stockmanparis.fr\/","logo":{"@type":"ImageObject","inLanguage":"en-US","@id":"https:\/\/www.stockmanparis.fr\/#\/schema\/logo\/image\/","url":"https:\/\/www.stockmanparis.fr\/wp-content\/uploads\/2013\/04\/logo.png","contentUrl":"https:\/\/www.stockmanparis.fr\/wp-content\/uploads\/2013\/04\/logo.png","width":300,"height":132,"caption":"Stockman Paris"},"image":{"@id":"https:\/\/www.stockmanparis.fr\/#\/schema\/logo\/image\/"}}]}},"_links":{"self":[{"href":"https:\/\/www.stockmanparis.fr\/en\/wp-json\/wp\/v2\/product\/1600"}],"collection":[{"href":"https:\/\/www.stockmanparis.fr\/en\/wp-json\/wp\/v2\/product"}],"about":[{"href":"https:\/\/www.stockmanparis.fr\/en\/wp-json\/wp\/v2\/types\/product"}],"replies":[{"embeddable":true,"href":"https:\/\/www.stockmanparis.fr\/en\/wp-json\/wp\/v2\/comments?post=1600"}],"wp:featuredmedia":[{"embeddable":true,"href":"https:\/\/www.stockmanparis.fr\/en\/wp-json\/wp\/v2\/media\/45"}],"wp:attachment":[{"href":"https:\/\/www.stockmanparis.fr\/en\/wp-json\/wp\/v2\/media?parent=1600"}],"wp:term":[{"taxonomy":"product_cat","embeddable":true,"href":"https:\/\/www.stockmanparis.fr\/en\/wp-json\/wp\/v2\/product_cat?post=1600"},{"taxonomy":"product_tag","embeddable":true,"href":"https:\/\/www.stockmanparis.fr\/en\/wp-json\/wp\/v2\/product_tag?post=1600"}],"curies":[{"name":"wp","href":"https:\/\/api.w.org\/{rel}","templated":true}]}}