{"id":1590,"date":"2024-06-28T03:41:43","date_gmt":"2024-06-28T02:41:43","guid":{"rendered":"https:\/\/www.stockmanparis.fr\/?post_type=product&#038;p=1590"},"modified":"2025-03-08T02:02:28","modified_gmt":"2025-03-08T01:02:28","slug":"buste-b406","status":"publish","type":"product","link":"https:\/\/www.stockmanparis.fr\/en\/product\/buste-b406\/","title":{"rendered":"BUST B406"},"content":{"rendered":"<p style=\"text-align: justify;\">The B406 bust is the Haute Couture mannequin, the absolute symbol of the perfection of Stockman lines. With extremely fine measurements, it is very rarely used for the creation of today's Ready-to-Wear clothing.<\/p>\n<p style=\"text-align: justify;\"><img fetchpriority=\"high\" decoding=\"async\" src=\"http:\/\/www.stockmanparis.fr\/wp-content\/uploads\/2013\/04\/B406-cotations.png\" alt=\"B406-cotations\" width=\"458\" height=\"257\" class=\"alignnone size-full wp-image-229\" style=\"margin-top: 20px; margin-bottom: 0px;\" srcset=\"https:\/\/www.stockmanparis.fr\/wp-content\/uploads\/2013\/04\/B406-cotations.png 460w, https:\/\/www.stockmanparis.fr\/wp-content\/uploads\/2013\/04\/B406-cotations-300x168.png 300w\" sizes=\"(max-width: 458px) 100vw, 458px\" \/><\/a><br \/>\n<span style=\"font-size:10px;Line-Height: 0.5;\"><em>* Considering the reactions of the paper and the work by hand, a deviation of approximately 1 cm can be observed compared to these measurements.<\/em><\/span><\/p>","protected":false},"excerpt":{"rendered":"<p>Le buste B406 est le mannequin Haute-Couture, symbole absolu de la perfection des lignes Stockman. De mensurations extr\u00eamement fines, il est tr\u00e8s peu utilis\u00e9 pour la cr\u00e9ation des v\u00eatements Pr\u00eat \u00e0 Porter d\u2019aujourd\u2019hui. * Compte tenu des r\u00e9actions du papier et du travail \u00e0 la main, on peut constater un \u00e9cart de 1 cm environ [&hellip;]<\/p>","protected":false},"featured_media":89,"comment_status":"open","ping_status":"closed","template":"","meta":[],"product_cat":[68,75],"product_tag":[],"class_list":{"0":"post-1590","1":"product","2":"type-product","3":"status-publish","4":"has-post-thumbnail","6":"product_cat-atelier","7":"product_cat-femme","9":"first","10":"instock","11":"shipping-taxable","12":"product-type-simple"},"yoast_head":"<!-- This site is optimized with the Yoast SEO plugin v23.3 - https:\/\/yoast.com\/wordpress\/plugins\/seo\/ -->\n<title>Buste B406 | Stockman Paris<\/title>\n<meta name=\"robots\" content=\"index, follow, max-snippet:-1, max-image-preview:large, max-video-preview:-1\" \/>\n<link rel=\"canonical\" href=\"https:\/\/www.stockmanparis.fr\/en\/product\/buste-b406\/\" \/>\n<meta property=\"og:locale\" content=\"en_US\" \/>\n<meta property=\"og:type\" content=\"article\" \/>\n<meta property=\"og:title\" content=\"Buste B406 | Stockman Paris\" \/>\n<meta property=\"og:description\" content=\"Le buste B406 est le mannequin Haute-Couture, symbole absolu de la perfection des lignes Stockman. De mensurations extr\u00eamement fines, il est tr\u00e8s peu utilis\u00e9 pour la cr\u00e9ation des v\u00eatements Pr\u00eat \u00e0 Porter d\u2019aujourd\u2019hui. * Compte tenu des r\u00e9actions du papier et du travail \u00e0 la main, on peut constater un \u00e9cart de 1 cm environ [&hellip;]\" \/>\n<meta property=\"og:url\" content=\"https:\/\/www.stockmanparis.fr\/en\/product\/buste-b406\/\" \/>\n<meta property=\"og:site_name\" content=\"Stockman Paris\" \/>\n<meta property=\"article:modified_time\" content=\"2025-03-08T01:02:28+00:00\" \/>\n<meta property=\"og:image\" content=\"https:\/\/www.stockmanparis.fr\/wp-content\/uploads\/2013\/05\/B406.png\" \/>\n\t<meta property=\"og:image:width\" content=\"456\" \/>\n\t<meta property=\"og:image:height\" content=\"701\" \/>\n\t<meta property=\"og:image:type\" content=\"image\/png\" \/>\n<meta name=\"twitter:card\" content=\"summary_large_image\" \/>\n<script type=\"application\/ld+json\" class=\"yoast-schema-graph\">{\"@context\":\"https:\/\/schema.org\",\"@graph\":[{\"@type\":\"WebPage\",\"@id\":\"https:\/\/www.stockmanparis.fr\/product\/buste-b406\/\",\"url\":\"https:\/\/www.stockmanparis.fr\/product\/buste-b406\/\",\"name\":\"Buste B406 | Stockman Paris\",\"isPartOf\":{\"@id\":\"https:\/\/www.stockmanparis.fr\/#website\"},\"primaryImageOfPage\":{\"@id\":\"https:\/\/www.stockmanparis.fr\/product\/buste-b406\/#primaryimage\"},\"image\":{\"@id\":\"https:\/\/www.stockmanparis.fr\/product\/buste-b406\/#primaryimage\"},\"thumbnailUrl\":\"https:\/\/www.stockmanparis.fr\/wp-content\/uploads\/2013\/05\/B406.png\",\"datePublished\":\"2024-06-28T02:41:43+00:00\",\"dateModified\":\"2025-03-08T01:02:28+00:00\",\"breadcrumb\":{\"@id\":\"https:\/\/www.stockmanparis.fr\/product\/buste-b406\/#breadcrumb\"},\"inLanguage\":\"en-US\",\"potentialAction\":[{\"@type\":\"ReadAction\",\"target\":[\"https:\/\/www.stockmanparis.fr\/product\/buste-b406\/\"]}]},{\"@type\":\"ImageObject\",\"inLanguage\":\"en-US\",\"@id\":\"https:\/\/www.stockmanparis.fr\/product\/buste-b406\/#primaryimage\",\"url\":\"https:\/\/www.stockmanparis.fr\/wp-content\/uploads\/2013\/05\/B406.png\",\"contentUrl\":\"https:\/\/www.stockmanparis.fr\/wp-content\/uploads\/2013\/05\/B406.png\",\"width\":456,\"height\":701},{\"@type\":\"BreadcrumbList\",\"@id\":\"https:\/\/www.stockmanparis.fr\/product\/buste-b406\/#breadcrumb\",\"itemListElement\":[{\"@type\":\"ListItem\",\"position\":1,\"name\":\"Home\",\"item\":\"https:\/\/www.stockmanparis.fr\/\"},{\"@type\":\"ListItem\",\"position\":2,\"name\":\"Boutique\",\"item\":\"https:\/\/www.stockmanparis.fr\/boutique\/\"},{\"@type\":\"ListItem\",\"position\":3,\"name\":\"Buste B406\"}]},{\"@type\":\"WebSite\",\"@id\":\"https:\/\/www.stockmanparis.fr\/#website\",\"url\":\"https:\/\/www.stockmanparis.fr\/\",\"name\":\"Stockman Paris\",\"description\":\"Bustes et Mannequins Stockman pour la outure et les boutiques\",\"publisher\":{\"@id\":\"https:\/\/www.stockmanparis.fr\/#organization\"},\"potentialAction\":[{\"@type\":\"SearchAction\",\"target\":{\"@type\":\"EntryPoint\",\"urlTemplate\":\"https:\/\/www.stockmanparis.fr\/?s={search_term_string}\"},\"query-input\":\"required name=search_term_string\"}],\"inLanguage\":\"en-US\"},{\"@type\":\"Organization\",\"@id\":\"https:\/\/www.stockmanparis.fr\/#organization\",\"name\":\"Stockman Paris\",\"url\":\"https:\/\/www.stockmanparis.fr\/\",\"logo\":{\"@type\":\"ImageObject\",\"inLanguage\":\"en-US\",\"@id\":\"https:\/\/www.stockmanparis.fr\/#\/schema\/logo\/image\/\",\"url\":\"https:\/\/www.stockmanparis.fr\/wp-content\/uploads\/2013\/04\/logo.png\",\"contentUrl\":\"https:\/\/www.stockmanparis.fr\/wp-content\/uploads\/2013\/04\/logo.png\",\"width\":300,\"height\":132,\"caption\":\"Stockman Paris\"},\"image\":{\"@id\":\"https:\/\/www.stockmanparis.fr\/#\/schema\/logo\/image\/\"}}]}<\/script>\n<!-- \/ Yoast SEO plugin. -->","yoast_head_json":{"title":"Buste B406 | Stockman Paris","robots":{"index":"index","follow":"follow","max-snippet":"max-snippet:-1","max-image-preview":"max-image-preview:large","max-video-preview":"max-video-preview:-1"},"canonical":"https:\/\/www.stockmanparis.fr\/en\/product\/buste-b406\/","og_locale":"en_US","og_type":"article","og_title":"Buste B406 | Stockman Paris","og_description":"Le buste B406 est le mannequin Haute-Couture, symbole absolu de la perfection des lignes Stockman. De mensurations extr\u00eamement fines, il est tr\u00e8s peu utilis\u00e9 pour la cr\u00e9ation des v\u00eatements Pr\u00eat \u00e0 Porter d\u2019aujourd\u2019hui. * Compte tenu des r\u00e9actions du papier et du travail \u00e0 la main, on peut constater un \u00e9cart de 1 cm environ [&hellip;]","og_url":"https:\/\/www.stockmanparis.fr\/en\/product\/buste-b406\/","og_site_name":"Stockman Paris","article_modified_time":"2025-03-08T01:02:28+00:00","og_image":[{"width":456,"height":701,"url":"https:\/\/www.stockmanparis.fr\/wp-content\/uploads\/2013\/05\/B406.png","type":"image\/png"}],"twitter_card":"summary_large_image","schema":{"@context":"https:\/\/schema.org","@graph":[{"@type":"WebPage","@id":"https:\/\/www.stockmanparis.fr\/product\/buste-b406\/","url":"https:\/\/www.stockmanparis.fr\/product\/buste-b406\/","name":"Buste B406 | Stockman Paris","isPartOf":{"@id":"https:\/\/www.stockmanparis.fr\/#website"},"primaryImageOfPage":{"@id":"https:\/\/www.stockmanparis.fr\/product\/buste-b406\/#primaryimage"},"image":{"@id":"https:\/\/www.stockmanparis.fr\/product\/buste-b406\/#primaryimage"},"thumbnailUrl":"https:\/\/www.stockmanparis.fr\/wp-content\/uploads\/2013\/05\/B406.png","datePublished":"2024-06-28T02:41:43+00:00","dateModified":"2025-03-08T01:02:28+00:00","breadcrumb":{"@id":"https:\/\/www.stockmanparis.fr\/product\/buste-b406\/#breadcrumb"},"inLanguage":"en-US","potentialAction":[{"@type":"ReadAction","target":["https:\/\/www.stockmanparis.fr\/product\/buste-b406\/"]}]},{"@type":"ImageObject","inLanguage":"en-US","@id":"https:\/\/www.stockmanparis.fr\/product\/buste-b406\/#primaryimage","url":"https:\/\/www.stockmanparis.fr\/wp-content\/uploads\/2013\/05\/B406.png","contentUrl":"https:\/\/www.stockmanparis.fr\/wp-content\/uploads\/2013\/05\/B406.png","width":456,"height":701},{"@type":"BreadcrumbList","@id":"https:\/\/www.stockmanparis.fr\/product\/buste-b406\/#breadcrumb","itemListElement":[{"@type":"ListItem","position":1,"name":"Home","item":"https:\/\/www.stockmanparis.fr\/"},{"@type":"ListItem","position":2,"name":"Boutique","item":"https:\/\/www.stockmanparis.fr\/boutique\/"},{"@type":"ListItem","position":3,"name":"Buste B406"}]},{"@type":"WebSite","@id":"https:\/\/www.stockmanparis.fr\/#website","url":"https:\/\/www.stockmanparis.fr\/","name":"Stockman Paris","description":"Bustes et Mannequins Stockman pour la outure et les boutiques","publisher":{"@id":"https:\/\/www.stockmanparis.fr\/#organization"},"potentialAction":[{"@type":"SearchAction","target":{"@type":"EntryPoint","urlTemplate":"https:\/\/www.stockmanparis.fr\/?s={search_term_string}"},"query-input":"required name=search_term_string"}],"inLanguage":"en-US"},{"@type":"Organization","@id":"https:\/\/www.stockmanparis.fr\/#organization","name":"Stockman Paris","url":"https:\/\/www.stockmanparis.fr\/","logo":{"@type":"ImageObject","inLanguage":"en-US","@id":"https:\/\/www.stockmanparis.fr\/#\/schema\/logo\/image\/","url":"https:\/\/www.stockmanparis.fr\/wp-content\/uploads\/2013\/04\/logo.png","contentUrl":"https:\/\/www.stockmanparis.fr\/wp-content\/uploads\/2013\/04\/logo.png","width":300,"height":132,"caption":"Stockman Paris"},"image":{"@id":"https:\/\/www.stockmanparis.fr\/#\/schema\/logo\/image\/"}}]}},"_links":{"self":[{"href":"https:\/\/www.stockmanparis.fr\/en\/wp-json\/wp\/v2\/product\/1590"}],"collection":[{"href":"https:\/\/www.stockmanparis.fr\/en\/wp-json\/wp\/v2\/product"}],"about":[{"href":"https:\/\/www.stockmanparis.fr\/en\/wp-json\/wp\/v2\/types\/product"}],"replies":[{"embeddable":true,"href":"https:\/\/www.stockmanparis.fr\/en\/wp-json\/wp\/v2\/comments?post=1590"}],"wp:featuredmedia":[{"embeddable":true,"href":"https:\/\/www.stockmanparis.fr\/en\/wp-json\/wp\/v2\/media\/89"}],"wp:attachment":[{"href":"https:\/\/www.stockmanparis.fr\/en\/wp-json\/wp\/v2\/media?parent=1590"}],"wp:term":[{"taxonomy":"product_cat","embeddable":true,"href":"https:\/\/www.stockmanparis.fr\/en\/wp-json\/wp\/v2\/product_cat?post=1590"},{"taxonomy":"product_tag","embeddable":true,"href":"https:\/\/www.stockmanparis.fr\/en\/wp-json\/wp\/v2\/product_tag?post=1590"}],"curies":[{"name":"wp","href":"https:\/\/api.w.org\/{rel}","templated":true}]}}