{"id":1450,"date":"2024-06-27T04:58:53","date_gmt":"2024-06-27T03:58:53","guid":{"rendered":"https:\/\/www.stockmanparis.fr\/?post_type=product&#038;p=1450"},"modified":"2024-06-27T04:58:53","modified_gmt":"2024-06-27T03:58:53","slug":"le-buste-poulain-beige","status":"publish","type":"product","link":"https:\/\/www.stockmanparis.fr\/en\/product\/le-buste-poulain-beige\/","title":{"rendered":"Le Buste Poulain Beige"},"content":{"rendered":"<p>B306\/38 finition Poulain Beige n\u00b047<br \/>\nTone on tone neck<br \/>\nSHINY GOLD METAL TRIPOD P012<br \/>\nShiny gold tube 1m10 adjustable in height<br \/>\nThis bust does not allow you to put on pants, presentation only pinned.<br \/>\n<img fetchpriority=\"high\" decoding=\"async\" src=\"http:\/\/www.stockmanparis.fr\/wp-content\/uploads\/2013\/06\/Detail-Luxe-10.jpg\" alt=\"Detail Luxe 10\" width=\"425\" height=\"425\" class=\"alignnone size-full wp-image-643\" srcset=\"https:\/\/www.stockmanparis.fr\/wp-content\/uploads\/2013\/06\/Detail-Luxe-10.jpg 425w, https:\/\/www.stockmanparis.fr\/wp-content\/uploads\/2013\/06\/Detail-Luxe-10-300x300.jpg 300w, https:\/\/www.stockmanparis.fr\/wp-content\/uploads\/2013\/06\/Detail-Luxe-10-100x100.jpg 100w\" sizes=\"(max-width: 425px) 100vw, 425px\" \/><\/p>","protected":false},"excerpt":{"rendered":"<p>B306\/38 finition Poulain Beige n\u00b047 Cou ton sur ton Tr\u00e9pied m\u00e9tal Or brillant P012 Tube Or brillant 1m10 r\u00e9glable en hauteur Ce buste ne permet pas d\u2019enfiler des pantalons, pr\u00e9sentation uniquement \u00e9pingl\u00e9e.<\/p>","protected":false},"featured_media":644,"comment_status":"open","ping_status":"closed","template":"","meta":[],"product_cat":[75,79],"product_tag":[],"class_list":{"0":"post-1450","1":"product","2":"type-product","3":"status-publish","4":"has-post-thumbnail","6":"product_cat-femme","7":"product_cat-luxe","9":"first","10":"instock","11":"shipping-taxable","12":"product-type-simple"},"yoast_head":"<!-- This site is optimized with the Yoast SEO plugin v23.3 - https:\/\/yoast.com\/wordpress\/plugins\/seo\/ -->\n<title>Le Buste Poulain Beige | Stockman Paris<\/title>\n<meta name=\"robots\" content=\"index, follow, max-snippet:-1, max-image-preview:large, max-video-preview:-1\" \/>\n<link rel=\"canonical\" href=\"https:\/\/www.stockmanparis.fr\/en\/product\/le-buste-poulain-beige\/\" \/>\n<meta property=\"og:locale\" content=\"en_US\" \/>\n<meta property=\"og:type\" content=\"article\" \/>\n<meta property=\"og:title\" content=\"Le Buste Poulain Beige | Stockman Paris\" \/>\n<meta property=\"og:description\" content=\"B306\/38 finition Poulain Beige n\u00b047 Cou ton sur ton Tr\u00e9pied m\u00e9tal Or brillant P012 Tube Or brillant 1m10 r\u00e9glable en hauteur Ce buste ne permet pas d\u2019enfiler des pantalons, pr\u00e9sentation uniquement \u00e9pingl\u00e9e.\" \/>\n<meta property=\"og:url\" content=\"https:\/\/www.stockmanparis.fr\/en\/product\/le-buste-poulain-beige\/\" \/>\n<meta property=\"og:site_name\" content=\"Stockman Paris\" \/>\n<meta property=\"og:image\" content=\"https:\/\/www.stockmanparis.fr\/wp-content\/uploads\/2013\/06\/Luxe-10.jpg\" \/>\n\t<meta property=\"og:image:width\" content=\"456\" \/>\n\t<meta property=\"og:image:height\" content=\"700\" \/>\n\t<meta property=\"og:image:type\" content=\"image\/jpeg\" \/>\n<meta name=\"twitter:card\" content=\"summary_large_image\" \/>\n<script type=\"application\/ld+json\" class=\"yoast-schema-graph\">{\"@context\":\"https:\/\/schema.org\",\"@graph\":[{\"@type\":\"WebPage\",\"@id\":\"https:\/\/www.stockmanparis.fr\/product\/le-buste-poulain-beige\/\",\"url\":\"https:\/\/www.stockmanparis.fr\/product\/le-buste-poulain-beige\/\",\"name\":\"Le Buste Poulain Beige | Stockman Paris\",\"isPartOf\":{\"@id\":\"https:\/\/www.stockmanparis.fr\/#website\"},\"primaryImageOfPage\":{\"@id\":\"https:\/\/www.stockmanparis.fr\/product\/le-buste-poulain-beige\/#primaryimage\"},\"image\":{\"@id\":\"https:\/\/www.stockmanparis.fr\/product\/le-buste-poulain-beige\/#primaryimage\"},\"thumbnailUrl\":\"https:\/\/www.stockmanparis.fr\/wp-content\/uploads\/2013\/06\/Luxe-10.jpg\",\"datePublished\":\"2024-06-27T03:58:53+00:00\",\"dateModified\":\"2024-06-27T03:58:53+00:00\",\"breadcrumb\":{\"@id\":\"https:\/\/www.stockmanparis.fr\/product\/le-buste-poulain-beige\/#breadcrumb\"},\"inLanguage\":\"en-US\",\"potentialAction\":[{\"@type\":\"ReadAction\",\"target\":[\"https:\/\/www.stockmanparis.fr\/product\/le-buste-poulain-beige\/\"]}]},{\"@type\":\"ImageObject\",\"inLanguage\":\"en-US\",\"@id\":\"https:\/\/www.stockmanparis.fr\/product\/le-buste-poulain-beige\/#primaryimage\",\"url\":\"https:\/\/www.stockmanparis.fr\/wp-content\/uploads\/2013\/06\/Luxe-10.jpg\",\"contentUrl\":\"https:\/\/www.stockmanparis.fr\/wp-content\/uploads\/2013\/06\/Luxe-10.jpg\",\"width\":456,\"height\":700},{\"@type\":\"BreadcrumbList\",\"@id\":\"https:\/\/www.stockmanparis.fr\/product\/le-buste-poulain-beige\/#breadcrumb\",\"itemListElement\":[{\"@type\":\"ListItem\",\"position\":1,\"name\":\"Home\",\"item\":\"https:\/\/www.stockmanparis.fr\/\"},{\"@type\":\"ListItem\",\"position\":2,\"name\":\"Boutique\",\"item\":\"https:\/\/www.stockmanparis.fr\/boutique\/\"},{\"@type\":\"ListItem\",\"position\":3,\"name\":\"Le Buste Poulain Beige\"}]},{\"@type\":\"WebSite\",\"@id\":\"https:\/\/www.stockmanparis.fr\/#website\",\"url\":\"https:\/\/www.stockmanparis.fr\/\",\"name\":\"Stockman Paris\",\"description\":\"Bustes et Mannequins Stockman pour la outure et les boutiques\",\"publisher\":{\"@id\":\"https:\/\/www.stockmanparis.fr\/#organization\"},\"potentialAction\":[{\"@type\":\"SearchAction\",\"target\":{\"@type\":\"EntryPoint\",\"urlTemplate\":\"https:\/\/www.stockmanparis.fr\/?s={search_term_string}\"},\"query-input\":\"required name=search_term_string\"}],\"inLanguage\":\"en-US\"},{\"@type\":\"Organization\",\"@id\":\"https:\/\/www.stockmanparis.fr\/#organization\",\"name\":\"Stockman Paris\",\"url\":\"https:\/\/www.stockmanparis.fr\/\",\"logo\":{\"@type\":\"ImageObject\",\"inLanguage\":\"en-US\",\"@id\":\"https:\/\/www.stockmanparis.fr\/#\/schema\/logo\/image\/\",\"url\":\"https:\/\/www.stockmanparis.fr\/wp-content\/uploads\/2013\/04\/logo.png\",\"contentUrl\":\"https:\/\/www.stockmanparis.fr\/wp-content\/uploads\/2013\/04\/logo.png\",\"width\":300,\"height\":132,\"caption\":\"Stockman Paris\"},\"image\":{\"@id\":\"https:\/\/www.stockmanparis.fr\/#\/schema\/logo\/image\/\"}}]}<\/script>\n<!-- \/ Yoast SEO plugin. -->","yoast_head_json":{"title":"Le Buste Poulain Beige | Stockman Paris","robots":{"index":"index","follow":"follow","max-snippet":"max-snippet:-1","max-image-preview":"max-image-preview:large","max-video-preview":"max-video-preview:-1"},"canonical":"https:\/\/www.stockmanparis.fr\/en\/product\/le-buste-poulain-beige\/","og_locale":"en_US","og_type":"article","og_title":"Le Buste Poulain Beige | Stockman Paris","og_description":"B306\/38 finition Poulain Beige n\u00b047 Cou ton sur ton Tr\u00e9pied m\u00e9tal Or brillant P012 Tube Or brillant 1m10 r\u00e9glable en hauteur Ce buste ne permet pas d\u2019enfiler des pantalons, pr\u00e9sentation uniquement \u00e9pingl\u00e9e.","og_url":"https:\/\/www.stockmanparis.fr\/en\/product\/le-buste-poulain-beige\/","og_site_name":"Stockman Paris","og_image":[{"width":456,"height":700,"url":"https:\/\/www.stockmanparis.fr\/wp-content\/uploads\/2013\/06\/Luxe-10.jpg","type":"image\/jpeg"}],"twitter_card":"summary_large_image","schema":{"@context":"https:\/\/schema.org","@graph":[{"@type":"WebPage","@id":"https:\/\/www.stockmanparis.fr\/product\/le-buste-poulain-beige\/","url":"https:\/\/www.stockmanparis.fr\/product\/le-buste-poulain-beige\/","name":"Le Buste Poulain Beige | Stockman Paris","isPartOf":{"@id":"https:\/\/www.stockmanparis.fr\/#website"},"primaryImageOfPage":{"@id":"https:\/\/www.stockmanparis.fr\/product\/le-buste-poulain-beige\/#primaryimage"},"image":{"@id":"https:\/\/www.stockmanparis.fr\/product\/le-buste-poulain-beige\/#primaryimage"},"thumbnailUrl":"https:\/\/www.stockmanparis.fr\/wp-content\/uploads\/2013\/06\/Luxe-10.jpg","datePublished":"2024-06-27T03:58:53+00:00","dateModified":"2024-06-27T03:58:53+00:00","breadcrumb":{"@id":"https:\/\/www.stockmanparis.fr\/product\/le-buste-poulain-beige\/#breadcrumb"},"inLanguage":"en-US","potentialAction":[{"@type":"ReadAction","target":["https:\/\/www.stockmanparis.fr\/product\/le-buste-poulain-beige\/"]}]},{"@type":"ImageObject","inLanguage":"en-US","@id":"https:\/\/www.stockmanparis.fr\/product\/le-buste-poulain-beige\/#primaryimage","url":"https:\/\/www.stockmanparis.fr\/wp-content\/uploads\/2013\/06\/Luxe-10.jpg","contentUrl":"https:\/\/www.stockmanparis.fr\/wp-content\/uploads\/2013\/06\/Luxe-10.jpg","width":456,"height":700},{"@type":"BreadcrumbList","@id":"https:\/\/www.stockmanparis.fr\/product\/le-buste-poulain-beige\/#breadcrumb","itemListElement":[{"@type":"ListItem","position":1,"name":"Home","item":"https:\/\/www.stockmanparis.fr\/"},{"@type":"ListItem","position":2,"name":"Boutique","item":"https:\/\/www.stockmanparis.fr\/boutique\/"},{"@type":"ListItem","position":3,"name":"Le Buste Poulain Beige"}]},{"@type":"WebSite","@id":"https:\/\/www.stockmanparis.fr\/#website","url":"https:\/\/www.stockmanparis.fr\/","name":"Stockman Paris","description":"Bustes et Mannequins Stockman pour la outure et les boutiques","publisher":{"@id":"https:\/\/www.stockmanparis.fr\/#organization"},"potentialAction":[{"@type":"SearchAction","target":{"@type":"EntryPoint","urlTemplate":"https:\/\/www.stockmanparis.fr\/?s={search_term_string}"},"query-input":"required name=search_term_string"}],"inLanguage":"en-US"},{"@type":"Organization","@id":"https:\/\/www.stockmanparis.fr\/#organization","name":"Stockman Paris","url":"https:\/\/www.stockmanparis.fr\/","logo":{"@type":"ImageObject","inLanguage":"en-US","@id":"https:\/\/www.stockmanparis.fr\/#\/schema\/logo\/image\/","url":"https:\/\/www.stockmanparis.fr\/wp-content\/uploads\/2013\/04\/logo.png","contentUrl":"https:\/\/www.stockmanparis.fr\/wp-content\/uploads\/2013\/04\/logo.png","width":300,"height":132,"caption":"Stockman Paris"},"image":{"@id":"https:\/\/www.stockmanparis.fr\/#\/schema\/logo\/image\/"}}]}},"_links":{"self":[{"href":"https:\/\/www.stockmanparis.fr\/en\/wp-json\/wp\/v2\/product\/1450"}],"collection":[{"href":"https:\/\/www.stockmanparis.fr\/en\/wp-json\/wp\/v2\/product"}],"about":[{"href":"https:\/\/www.stockmanparis.fr\/en\/wp-json\/wp\/v2\/types\/product"}],"replies":[{"embeddable":true,"href":"https:\/\/www.stockmanparis.fr\/en\/wp-json\/wp\/v2\/comments?post=1450"}],"wp:featuredmedia":[{"embeddable":true,"href":"https:\/\/www.stockmanparis.fr\/en\/wp-json\/wp\/v2\/media\/644"}],"wp:attachment":[{"href":"https:\/\/www.stockmanparis.fr\/en\/wp-json\/wp\/v2\/media?parent=1450"}],"wp:term":[{"taxonomy":"product_cat","embeddable":true,"href":"https:\/\/www.stockmanparis.fr\/en\/wp-json\/wp\/v2\/product_cat?post=1450"},{"taxonomy":"product_tag","embeddable":true,"href":"https:\/\/www.stockmanparis.fr\/en\/wp-json\/wp\/v2\/product_tag?post=1450"}],"curies":[{"name":"wp","href":"https:\/\/api.w.org\/{rel}","templated":true}]}}