{"id":1443,"date":"2024-06-27T04:38:41","date_gmt":"2024-06-27T03:38:41","guid":{"rendered":"https:\/\/www.stockmanparis.fr\/?post_type=product&#038;p=1443"},"modified":"2024-06-27T04:38:41","modified_gmt":"2024-06-27T03:38:41","slug":"buste-haute-couture-no-future","status":"publish","type":"product","link":"https:\/\/www.stockmanparis.fr\/en\/product\/buste-haute-couture-no-future\/","title":{"rendered":"Buste Haute Couture No Future"},"content":{"rendered":"<p>B306\/38 finition T\u00eate de mort n\u00b052 Coloris Noir<br \/>\nTone on tone neck<br \/>\nTr\u00e9pied m\u00e9tal Chrome noir P013<br \/>\nTube Chrome noir 1m10 r\u00e9glable en hauteur<br \/>\nThis bust does not allow you to put on pants, presentation only pinned.<br \/>\n<img fetchpriority=\"high\" decoding=\"async\" src=\"http:\/\/www.stockmanparis.fr\/wp-content\/uploads\/2013\/06\/Detail-Deco-10.jpg\" alt=\"Detail Deco 10\" width=\"425\" height=\"425\" class=\"alignnone size-full wp-image-661\" srcset=\"https:\/\/www.stockmanparis.fr\/wp-content\/uploads\/2013\/06\/Detail-Deco-10.jpg 425w, https:\/\/www.stockmanparis.fr\/wp-content\/uploads\/2013\/06\/Detail-Deco-10-300x300.jpg 300w, https:\/\/www.stockmanparis.fr\/wp-content\/uploads\/2013\/06\/Detail-Deco-10-100x100.jpg 100w\" sizes=\"(max-width: 425px) 100vw, 425px\" \/><\/p>","protected":false},"excerpt":{"rendered":"<p>B306\/38 finition T\u00eate de mort n\u00b052 Coloris Noir Cou ton sur ton Tr\u00e9pied m\u00e9tal Chrome noir P013 Tube Chrome noir 1m10 r\u00e9glable en hauteur Ce buste ne permet pas d\u2019enfiler des pantalons, pr\u00e9sentation uniquement \u00e9pingl\u00e9e.<\/p>","protected":false},"featured_media":660,"comment_status":"open","ping_status":"closed","template":"","meta":[],"product_cat":[73,75],"product_tag":[],"class_list":{"0":"post-1443","1":"product","2":"type-product","3":"status-publish","4":"has-post-thumbnail","6":"product_cat-deco","7":"product_cat-femme","9":"first","10":"instock","11":"shipping-taxable","12":"product-type-simple"},"yoast_head":"<!-- This site is optimized with the Yoast SEO plugin v23.3 - https:\/\/yoast.com\/wordpress\/plugins\/seo\/ -->\n<title>Buste Haute Couture No Future | Stockman Paris<\/title>\n<meta name=\"robots\" content=\"index, follow, max-snippet:-1, max-image-preview:large, max-video-preview:-1\" \/>\n<link rel=\"canonical\" href=\"https:\/\/www.stockmanparis.fr\/en\/product\/buste-haute-couture-no-future\/\" \/>\n<meta property=\"og:locale\" content=\"en_US\" \/>\n<meta property=\"og:type\" content=\"article\" \/>\n<meta property=\"og:title\" content=\"Buste Haute Couture No Future | Stockman Paris\" \/>\n<meta property=\"og:description\" content=\"B306\/38 finition T\u00eate de mort n\u00b052 Coloris Noir Cou ton sur ton Tr\u00e9pied m\u00e9tal Chrome noir P013 Tube Chrome noir 1m10 r\u00e9glable en hauteur Ce buste ne permet pas d\u2019enfiler des pantalons, pr\u00e9sentation uniquement \u00e9pingl\u00e9e.\" \/>\n<meta property=\"og:url\" content=\"https:\/\/www.stockmanparis.fr\/en\/product\/buste-haute-couture-no-future\/\" \/>\n<meta property=\"og:site_name\" content=\"Stockman Paris\" \/>\n<meta property=\"og:image\" content=\"https:\/\/www.stockmanparis.fr\/wp-content\/uploads\/2013\/06\/Deco-10.jpg\" \/>\n\t<meta property=\"og:image:width\" content=\"456\" \/>\n\t<meta property=\"og:image:height\" content=\"700\" \/>\n\t<meta property=\"og:image:type\" content=\"image\/jpeg\" \/>\n<meta name=\"twitter:card\" content=\"summary_large_image\" \/>\n<script type=\"application\/ld+json\" class=\"yoast-schema-graph\">{\"@context\":\"https:\/\/schema.org\",\"@graph\":[{\"@type\":\"WebPage\",\"@id\":\"https:\/\/www.stockmanparis.fr\/product\/buste-haute-couture-no-future\/\",\"url\":\"https:\/\/www.stockmanparis.fr\/product\/buste-haute-couture-no-future\/\",\"name\":\"Buste Haute Couture No Future | Stockman Paris\",\"isPartOf\":{\"@id\":\"https:\/\/www.stockmanparis.fr\/#website\"},\"primaryImageOfPage\":{\"@id\":\"https:\/\/www.stockmanparis.fr\/product\/buste-haute-couture-no-future\/#primaryimage\"},\"image\":{\"@id\":\"https:\/\/www.stockmanparis.fr\/product\/buste-haute-couture-no-future\/#primaryimage\"},\"thumbnailUrl\":\"https:\/\/www.stockmanparis.fr\/wp-content\/uploads\/2013\/06\/Deco-10.jpg\",\"datePublished\":\"2024-06-27T03:38:41+00:00\",\"dateModified\":\"2024-06-27T03:38:41+00:00\",\"breadcrumb\":{\"@id\":\"https:\/\/www.stockmanparis.fr\/product\/buste-haute-couture-no-future\/#breadcrumb\"},\"inLanguage\":\"en-US\",\"potentialAction\":[{\"@type\":\"ReadAction\",\"target\":[\"https:\/\/www.stockmanparis.fr\/product\/buste-haute-couture-no-future\/\"]}]},{\"@type\":\"ImageObject\",\"inLanguage\":\"en-US\",\"@id\":\"https:\/\/www.stockmanparis.fr\/product\/buste-haute-couture-no-future\/#primaryimage\",\"url\":\"https:\/\/www.stockmanparis.fr\/wp-content\/uploads\/2013\/06\/Deco-10.jpg\",\"contentUrl\":\"https:\/\/www.stockmanparis.fr\/wp-content\/uploads\/2013\/06\/Deco-10.jpg\",\"width\":456,\"height\":700},{\"@type\":\"BreadcrumbList\",\"@id\":\"https:\/\/www.stockmanparis.fr\/product\/buste-haute-couture-no-future\/#breadcrumb\",\"itemListElement\":[{\"@type\":\"ListItem\",\"position\":1,\"name\":\"Home\",\"item\":\"https:\/\/www.stockmanparis.fr\/\"},{\"@type\":\"ListItem\",\"position\":2,\"name\":\"Boutique\",\"item\":\"https:\/\/www.stockmanparis.fr\/boutique\/\"},{\"@type\":\"ListItem\",\"position\":3,\"name\":\"Buste Haute Couture No Future\"}]},{\"@type\":\"WebSite\",\"@id\":\"https:\/\/www.stockmanparis.fr\/#website\",\"url\":\"https:\/\/www.stockmanparis.fr\/\",\"name\":\"Stockman Paris\",\"description\":\"Bustes et Mannequins Stockman pour la outure et les boutiques\",\"publisher\":{\"@id\":\"https:\/\/www.stockmanparis.fr\/#organization\"},\"potentialAction\":[{\"@type\":\"SearchAction\",\"target\":{\"@type\":\"EntryPoint\",\"urlTemplate\":\"https:\/\/www.stockmanparis.fr\/?s={search_term_string}\"},\"query-input\":\"required name=search_term_string\"}],\"inLanguage\":\"en-US\"},{\"@type\":\"Organization\",\"@id\":\"https:\/\/www.stockmanparis.fr\/#organization\",\"name\":\"Stockman Paris\",\"url\":\"https:\/\/www.stockmanparis.fr\/\",\"logo\":{\"@type\":\"ImageObject\",\"inLanguage\":\"en-US\",\"@id\":\"https:\/\/www.stockmanparis.fr\/#\/schema\/logo\/image\/\",\"url\":\"https:\/\/www.stockmanparis.fr\/wp-content\/uploads\/2013\/04\/logo.png\",\"contentUrl\":\"https:\/\/www.stockmanparis.fr\/wp-content\/uploads\/2013\/04\/logo.png\",\"width\":300,\"height\":132,\"caption\":\"Stockman Paris\"},\"image\":{\"@id\":\"https:\/\/www.stockmanparis.fr\/#\/schema\/logo\/image\/\"}}]}<\/script>\n<!-- \/ Yoast SEO plugin. -->","yoast_head_json":{"title":"Buste Haute Couture No Future | Stockman Paris","robots":{"index":"index","follow":"follow","max-snippet":"max-snippet:-1","max-image-preview":"max-image-preview:large","max-video-preview":"max-video-preview:-1"},"canonical":"https:\/\/www.stockmanparis.fr\/en\/product\/buste-haute-couture-no-future\/","og_locale":"en_US","og_type":"article","og_title":"Buste Haute Couture No Future | Stockman Paris","og_description":"B306\/38 finition T\u00eate de mort n\u00b052 Coloris Noir Cou ton sur ton Tr\u00e9pied m\u00e9tal Chrome noir P013 Tube Chrome noir 1m10 r\u00e9glable en hauteur Ce buste ne permet pas d\u2019enfiler des pantalons, pr\u00e9sentation uniquement \u00e9pingl\u00e9e.","og_url":"https:\/\/www.stockmanparis.fr\/en\/product\/buste-haute-couture-no-future\/","og_site_name":"Stockman Paris","og_image":[{"width":456,"height":700,"url":"https:\/\/www.stockmanparis.fr\/wp-content\/uploads\/2013\/06\/Deco-10.jpg","type":"image\/jpeg"}],"twitter_card":"summary_large_image","schema":{"@context":"https:\/\/schema.org","@graph":[{"@type":"WebPage","@id":"https:\/\/www.stockmanparis.fr\/product\/buste-haute-couture-no-future\/","url":"https:\/\/www.stockmanparis.fr\/product\/buste-haute-couture-no-future\/","name":"Buste Haute Couture No Future | Stockman Paris","isPartOf":{"@id":"https:\/\/www.stockmanparis.fr\/#website"},"primaryImageOfPage":{"@id":"https:\/\/www.stockmanparis.fr\/product\/buste-haute-couture-no-future\/#primaryimage"},"image":{"@id":"https:\/\/www.stockmanparis.fr\/product\/buste-haute-couture-no-future\/#primaryimage"},"thumbnailUrl":"https:\/\/www.stockmanparis.fr\/wp-content\/uploads\/2013\/06\/Deco-10.jpg","datePublished":"2024-06-27T03:38:41+00:00","dateModified":"2024-06-27T03:38:41+00:00","breadcrumb":{"@id":"https:\/\/www.stockmanparis.fr\/product\/buste-haute-couture-no-future\/#breadcrumb"},"inLanguage":"en-US","potentialAction":[{"@type":"ReadAction","target":["https:\/\/www.stockmanparis.fr\/product\/buste-haute-couture-no-future\/"]}]},{"@type":"ImageObject","inLanguage":"en-US","@id":"https:\/\/www.stockmanparis.fr\/product\/buste-haute-couture-no-future\/#primaryimage","url":"https:\/\/www.stockmanparis.fr\/wp-content\/uploads\/2013\/06\/Deco-10.jpg","contentUrl":"https:\/\/www.stockmanparis.fr\/wp-content\/uploads\/2013\/06\/Deco-10.jpg","width":456,"height":700},{"@type":"BreadcrumbList","@id":"https:\/\/www.stockmanparis.fr\/product\/buste-haute-couture-no-future\/#breadcrumb","itemListElement":[{"@type":"ListItem","position":1,"name":"Home","item":"https:\/\/www.stockmanparis.fr\/"},{"@type":"ListItem","position":2,"name":"Boutique","item":"https:\/\/www.stockmanparis.fr\/boutique\/"},{"@type":"ListItem","position":3,"name":"Buste Haute Couture No Future"}]},{"@type":"WebSite","@id":"https:\/\/www.stockmanparis.fr\/#website","url":"https:\/\/www.stockmanparis.fr\/","name":"Stockman Paris","description":"Bustes et Mannequins Stockman pour la outure et les boutiques","publisher":{"@id":"https:\/\/www.stockmanparis.fr\/#organization"},"potentialAction":[{"@type":"SearchAction","target":{"@type":"EntryPoint","urlTemplate":"https:\/\/www.stockmanparis.fr\/?s={search_term_string}"},"query-input":"required name=search_term_string"}],"inLanguage":"en-US"},{"@type":"Organization","@id":"https:\/\/www.stockmanparis.fr\/#organization","name":"Stockman Paris","url":"https:\/\/www.stockmanparis.fr\/","logo":{"@type":"ImageObject","inLanguage":"en-US","@id":"https:\/\/www.stockmanparis.fr\/#\/schema\/logo\/image\/","url":"https:\/\/www.stockmanparis.fr\/wp-content\/uploads\/2013\/04\/logo.png","contentUrl":"https:\/\/www.stockmanparis.fr\/wp-content\/uploads\/2013\/04\/logo.png","width":300,"height":132,"caption":"Stockman Paris"},"image":{"@id":"https:\/\/www.stockmanparis.fr\/#\/schema\/logo\/image\/"}}]}},"_links":{"self":[{"href":"https:\/\/www.stockmanparis.fr\/en\/wp-json\/wp\/v2\/product\/1443"}],"collection":[{"href":"https:\/\/www.stockmanparis.fr\/en\/wp-json\/wp\/v2\/product"}],"about":[{"href":"https:\/\/www.stockmanparis.fr\/en\/wp-json\/wp\/v2\/types\/product"}],"replies":[{"embeddable":true,"href":"https:\/\/www.stockmanparis.fr\/en\/wp-json\/wp\/v2\/comments?post=1443"}],"wp:featuredmedia":[{"embeddable":true,"href":"https:\/\/www.stockmanparis.fr\/en\/wp-json\/wp\/v2\/media\/660"}],"wp:attachment":[{"href":"https:\/\/www.stockmanparis.fr\/en\/wp-json\/wp\/v2\/media?parent=1443"}],"wp:term":[{"taxonomy":"product_cat","embeddable":true,"href":"https:\/\/www.stockmanparis.fr\/en\/wp-json\/wp\/v2\/product_cat?post=1443"},{"taxonomy":"product_tag","embeddable":true,"href":"https:\/\/www.stockmanparis.fr\/en\/wp-json\/wp\/v2\/product_tag?post=1443"}],"curies":[{"name":"wp","href":"https:\/\/api.w.org\/{rel}","templated":true}]}}