{"id":36,"date":"2013-04-28T14:56:33","date_gmt":"2013-04-28T13:56:33","guid":{"rendered":"http:\/\/www.stockmanparis.fr\/?page_id=36"},"modified":"2024-08-20T03:45:52","modified_gmt":"2024-08-20T02:45:52","slug":"histoire","status":"publish","type":"page","link":"https:\/\/www.stockmanparis.fr\/en\/histoire\/","title":{"rendered":"HISTORY"},"content":{"rendered":"<div class=\"wp-block-group alignfull has-base-2-background-color has-background is-layout-flow wp-block-group-is-layout-flow\" style=\"padding-top:6vw;padding-right:6vw;padding-bottom:6vw;padding-left:6vw\"><div class=\"wp-block-group alignwide is-vertical is-content-justification-center is-nowrap is-layout-flex wp-container-core-group-is-layout-1 wp-block-group-is-layout-flex\" style=\"margin-top:0;margin-bottom:0;padding-top:0;padding-right:0;padding-bottom:0;padding-left:0\"><div class=\"wp-block-columns alignwide is-layout-flex wp-container-core-columns-is-layout-1 wp-block-columns-is-layout-flex\"><div class=\"wp-block-column is-layout-flow wp-block-column-is-layout-flow\" style=\"flex-basis:50%\"><p class=\"has-text-color has-medium-font-size\" style=\"color:#000000;padding-right:0;padding-left:0\"><strong>The Stockman bust was created in 1867 by Fr\u00e9d\u00e9ric Stockman<\/strong>, jeune sculpteur ancien \u00e9l\u00e8ve de Lavigne, inventeur du buste en papier m\u00e2ch\u00e9.&nbsp;Malgr\u00e9 des d\u00e9buts modestes, visionnaire, Fr\u00e9d\u00e9ric Stockman comprend tr\u00e8s vite que des bustes repr\u00e9sentant des gabarits pr\u00e9-\u00e9tablis seront d\u2019une grande utilit\u00e9 pour les tailleurs.<\/p>\n\n<p class=\"has-medium-font-size\" style=\"padding-right:0;padding-left:0\">Little by little the company grew and settled in the 17th arrondissement in Paris, at 150 rue Legendre. Since the beginning, Stockman busts have been made entirely by hand using the technique of embossed or hollow molded papier-m\u00e2ch\u00e9, before being stapled, sanded, then padded and covered with linen or cotton canvas. The bust is then marked with the Stockman logo and the model and size indications.<\/p>\n\n<div style=\"height:31px\" aria-hidden=\"true\" class=\"wp-block-spacer\"><\/div><\/div>\n\n<div class=\"wp-block-column is-layout-flow wp-block-column-is-layout-flow\" style=\"flex-basis:25%\"><figure class=\"wp-block-image size-full is-resized\"><img fetchpriority=\"high\" decoding=\"async\" width=\"174\" height=\"300\" src=\"https:\/\/www.stockmanparis.fr\/wp-content\/uploads\/2013\/04\/FredericStockman.png\" alt=\"\" class=\"wp-image-147\" style=\"width:270px;height:auto\"\/><\/figure><\/div>\n\n<div class=\"wp-block-column is-layout-flow wp-block-column-is-layout-flow\" style=\"flex-basis:25%\"><figure class=\"wp-block-image size-full is-resized\"><img decoding=\"async\" width=\"174\" height=\"262\" src=\"https:\/\/www.stockmanparis.fr\/wp-content\/uploads\/2013\/04\/Agrafage-stockman.jpg\" alt=\"\" class=\"wp-image-159\" style=\"width:312px;height:auto\"\/><\/figure><\/div><\/div>\n\n<div class=\"wp-block-columns alignwide is-layout-flex wp-container-core-columns-is-layout-2 wp-block-columns-is-layout-flex\"><div class=\"wp-block-column is-layout-flow wp-block-column-is-layout-flow\" style=\"flex-basis:60%\"><figure class=\"wp-block-image size-full is-resized\"><img decoding=\"async\" width=\"671\" height=\"434\" src=\"https:\/\/www.stockmanparis.fr\/wp-content\/uploads\/2013\/04\/Cariole-Stockman.jpg\" alt=\"\" class=\"wp-image-149\" style=\"width:635px;height:auto\" srcset=\"https:\/\/www.stockmanparis.fr\/wp-content\/uploads\/2013\/04\/Cariole-Stockman.jpg 671w, https:\/\/www.stockmanparis.fr\/wp-content\/uploads\/2013\/04\/Cariole-Stockman-300x194.jpg 300w, https:\/\/www.stockmanparis.fr\/wp-content\/uploads\/2013\/04\/Cariole-Stockman-601x389.jpg 601w\" sizes=\"(max-width: 671px) 100vw, 671px\" \/><\/figure><\/div>\n\n<div class=\"wp-block-column is-vertically-aligned-center is-layout-flow wp-block-column-is-layout-flow\" style=\"flex-basis:30%\"><div style=\"height:2vw\" aria-hidden=\"true\" class=\"wp-block-spacer\"><\/div>\n\n<p class=\"has-text-color has-medium-font-size\" style=\"color:#000000;padding-right:0;padding-left:0\">En 1900, Stockman, s\u2019appuyant sur le d\u00e9veloppement de la confection et de la consommation, vend environ 30.000 bustes par an.&nbsp;Quelques ann\u00e9es auparavant, Fr\u00e9d\u00e9ric Stockman s\u2019est associ\u00e9 avec Monsieur Siegel, sp\u00e9cialiste des mannequins r\u00e9alistes et des porte accessoires en m\u00e9tal. La soci\u00e9t\u00e9 devient alors \u00ab&nbsp;SIEGEL &amp; STOCKMAN&nbsp;\u00bb et s\u2019installe \u00e0 Saint-Ouen, \u00e0 c\u00f4t\u00e9 de Paris, dans une grande usine.<\/p><\/div><\/div>\n\n<div class=\"wp-block-columns alignwide is-layout-flex wp-container-core-columns-is-layout-3 wp-block-columns-is-layout-flex\"><div class=\"wp-block-column is-layout-flow wp-block-column-is-layout-flow\" style=\"flex-basis:100%\"><div style=\"height:19px\" aria-hidden=\"true\" class=\"wp-block-spacer\"><\/div>\n\n<p class=\"has-text-color has-medium-font-size\" style=\"color:#000000;padding-right:0;padding-left:0\">The SIEGEL brand particularly distinguished itself during the Art Deco period. The 1920s and 1930s were very prosperous and Siegel equipped most of the Parisian stores. At the same time, Stockman supplied busts to all the emerging fashion houses and notably created, in 1947, the Dior bust that would accompany the entire famous New Look collection. Crossing the decades, and largely outliving its founders, the SIEGEL &amp; STOCKMAN company experienced the few adventures that make up the anecdotes of the great houses (among others, two spectacular fires).<\/p>\n\n<p class=\"has-medium-font-size\" style=\"padding-right:0;padding-left:0\">In the early 1980s, the company set up its workshops in Gennevilliers, in the Hauts de Seine, near Paris. The showroom, after rue R\u00e9aumur and Boulevard Voltaire in Paris, settled permanently at 163 rue du faubourg Saint-Honor\u00e9 in the 8th arrondissement, a prestigious district of the capital. This is where Stockman brilliantly began the 21st century. Around twenty experienced workers, who passionately pass on their know-how to new generations, ensure the continuity of the Stockman brand.<\/p>\n\n<p style=\"padding-right:0;padding-left:0\"><strong>Siegel &amp; Stockman f\u00eatera en 2017 ses 150 ans d\u2019existence&nbsp;!<\/strong><\/p><\/div><\/div><\/div><\/div>","protected":false},"excerpt":{"rendered":"<p>Le buste Stockman a \u00e9t\u00e9 cr\u00e9\u00e9 en 1867 par Fr\u00e9d\u00e9ric Stockman, jeune sculpteur ancien \u00e9l\u00e8ve de Lavigne, inventeur du buste en papier m\u00e2ch\u00e9.&nbsp;Malgr\u00e9 des d\u00e9buts modestes, visionnaire, Fr\u00e9d\u00e9ric Stockman comprend tr\u00e8s vite que des bustes repr\u00e9sentant des gabarits pr\u00e9-\u00e9tablis seront d\u2019une grande utilit\u00e9 pour les tailleurs. Peu \u00e0 peu l\u2019entreprise grandit et s\u2019installe dans le [&hellip;]<\/p>","protected":false},"author":1,"featured_media":0,"parent":0,"menu_order":0,"comment_status":"open","ping_status":"open","template":"","meta":{"footnotes":""},"class_list":["post-36","page","type-page","status-publish","hentry"],"yoast_head":"<!-- This site is optimized with the Yoast SEO plugin v23.3 - https:\/\/yoast.com\/wordpress\/plugins\/seo\/ -->\n<title>Histoire | Stockman Paris<\/title>\n<meta name=\"robots\" content=\"index, follow, max-snippet:-1, max-image-preview:large, max-video-preview:-1\" \/>\n<link rel=\"canonical\" href=\"https:\/\/www.stockmanparis.fr\/en\/histoire\/\" \/>\n<meta property=\"og:locale\" content=\"en_US\" \/>\n<meta property=\"og:type\" content=\"article\" \/>\n<meta property=\"og:title\" content=\"Histoire | Stockman Paris\" \/>\n<meta property=\"og:description\" content=\"Le buste Stockman a \u00e9t\u00e9 cr\u00e9\u00e9 en 1867 par Fr\u00e9d\u00e9ric Stockman, jeune sculpteur ancien \u00e9l\u00e8ve de Lavigne, inventeur du buste en papier m\u00e2ch\u00e9.&nbsp;Malgr\u00e9 des d\u00e9buts modestes, visionnaire, Fr\u00e9d\u00e9ric Stockman comprend tr\u00e8s vite que des bustes repr\u00e9sentant des gabarits pr\u00e9-\u00e9tablis seront d\u2019une grande utilit\u00e9 pour les tailleurs. Peu \u00e0 peu l\u2019entreprise grandit et s\u2019installe dans le [&hellip;]\" \/>\n<meta property=\"og:url\" content=\"https:\/\/www.stockmanparis.fr\/en\/histoire\/\" \/>\n<meta property=\"og:site_name\" content=\"Stockman Paris\" \/>\n<meta property=\"article:modified_time\" content=\"2024-08-20T02:45:52+00:00\" \/>\n<meta property=\"og:image\" content=\"https:\/\/www.stockmanparis.fr\/wp-content\/uploads\/2013\/04\/FredericStockman.png\" \/>\n<meta name=\"twitter:card\" content=\"summary_large_image\" \/>\n<meta name=\"twitter:label1\" content=\"Est. reading time\" \/>\n\t<meta name=\"twitter:data1\" content=\"3 minutes\" \/>\n<script type=\"application\/ld+json\" class=\"yoast-schema-graph\">{\"@context\":\"https:\/\/schema.org\",\"@graph\":[{\"@type\":\"WebPage\",\"@id\":\"https:\/\/www.stockmanparis.fr\/histoire\/\",\"url\":\"https:\/\/www.stockmanparis.fr\/histoire\/\",\"name\":\"Histoire | Stockman Paris\",\"isPartOf\":{\"@id\":\"https:\/\/www.stockmanparis.fr\/#website\"},\"primaryImageOfPage\":{\"@id\":\"https:\/\/www.stockmanparis.fr\/histoire\/#primaryimage\"},\"image\":{\"@id\":\"https:\/\/www.stockmanparis.fr\/histoire\/#primaryimage\"},\"thumbnailUrl\":\"https:\/\/www.stockmanparis.fr\/wp-content\/uploads\/2013\/04\/FredericStockman.png\",\"datePublished\":\"2013-04-28T13:56:33+00:00\",\"dateModified\":\"2024-08-20T02:45:52+00:00\",\"breadcrumb\":{\"@id\":\"https:\/\/www.stockmanparis.fr\/histoire\/#breadcrumb\"},\"inLanguage\":\"en-US\",\"potentialAction\":[{\"@type\":\"ReadAction\",\"target\":[\"https:\/\/www.stockmanparis.fr\/histoire\/\"]}]},{\"@type\":\"ImageObject\",\"inLanguage\":\"en-US\",\"@id\":\"https:\/\/www.stockmanparis.fr\/histoire\/#primaryimage\",\"url\":\"https:\/\/www.stockmanparis.fr\/wp-content\/uploads\/2013\/04\/FredericStockman.png\",\"contentUrl\":\"https:\/\/www.stockmanparis.fr\/wp-content\/uploads\/2013\/04\/FredericStockman.png\"},{\"@type\":\"BreadcrumbList\",\"@id\":\"https:\/\/www.stockmanparis.fr\/histoire\/#breadcrumb\",\"itemListElement\":[{\"@type\":\"ListItem\",\"position\":1,\"name\":\"Home\",\"item\":\"https:\/\/www.stockmanparis.fr\/\"},{\"@type\":\"ListItem\",\"position\":2,\"name\":\"Histoire\"}]},{\"@type\":\"WebSite\",\"@id\":\"https:\/\/www.stockmanparis.fr\/#website\",\"url\":\"https:\/\/www.stockmanparis.fr\/\",\"name\":\"Stockman Paris\",\"description\":\"Bustes et Mannequins Stockman pour la outure et les boutiques\",\"publisher\":{\"@id\":\"https:\/\/www.stockmanparis.fr\/#organization\"},\"potentialAction\":[{\"@type\":\"SearchAction\",\"target\":{\"@type\":\"EntryPoint\",\"urlTemplate\":\"https:\/\/www.stockmanparis.fr\/?s={search_term_string}\"},\"query-input\":\"required name=search_term_string\"}],\"inLanguage\":\"en-US\"},{\"@type\":\"Organization\",\"@id\":\"https:\/\/www.stockmanparis.fr\/#organization\",\"name\":\"Stockman Paris\",\"url\":\"https:\/\/www.stockmanparis.fr\/\",\"logo\":{\"@type\":\"ImageObject\",\"inLanguage\":\"en-US\",\"@id\":\"https:\/\/www.stockmanparis.fr\/#\/schema\/logo\/image\/\",\"url\":\"https:\/\/www.stockmanparis.fr\/wp-content\/uploads\/2013\/04\/logo.png\",\"contentUrl\":\"https:\/\/www.stockmanparis.fr\/wp-content\/uploads\/2013\/04\/logo.png\",\"width\":300,\"height\":132,\"caption\":\"Stockman Paris\"},\"image\":{\"@id\":\"https:\/\/www.stockmanparis.fr\/#\/schema\/logo\/image\/\"}}]}<\/script>\n<!-- \/ Yoast SEO plugin. -->","yoast_head_json":{"title":"Histoire | Stockman Paris","robots":{"index":"index","follow":"follow","max-snippet":"max-snippet:-1","max-image-preview":"max-image-preview:large","max-video-preview":"max-video-preview:-1"},"canonical":"https:\/\/www.stockmanparis.fr\/en\/histoire\/","og_locale":"en_US","og_type":"article","og_title":"Histoire | Stockman Paris","og_description":"Le buste Stockman a \u00e9t\u00e9 cr\u00e9\u00e9 en 1867 par Fr\u00e9d\u00e9ric Stockman, jeune sculpteur ancien \u00e9l\u00e8ve de Lavigne, inventeur du buste en papier m\u00e2ch\u00e9.&nbsp;Malgr\u00e9 des d\u00e9buts modestes, visionnaire, Fr\u00e9d\u00e9ric Stockman comprend tr\u00e8s vite que des bustes repr\u00e9sentant des gabarits pr\u00e9-\u00e9tablis seront d\u2019une grande utilit\u00e9 pour les tailleurs. Peu \u00e0 peu l\u2019entreprise grandit et s\u2019installe dans le [&hellip;]","og_url":"https:\/\/www.stockmanparis.fr\/en\/histoire\/","og_site_name":"Stockman Paris","article_modified_time":"2024-08-20T02:45:52+00:00","og_image":[{"url":"https:\/\/www.stockmanparis.fr\/wp-content\/uploads\/2013\/04\/FredericStockman.png"}],"twitter_card":"summary_large_image","twitter_misc":{"Est. reading time":"3 minutes"},"schema":{"@context":"https:\/\/schema.org","@graph":[{"@type":"WebPage","@id":"https:\/\/www.stockmanparis.fr\/histoire\/","url":"https:\/\/www.stockmanparis.fr\/histoire\/","name":"Histoire | Stockman Paris","isPartOf":{"@id":"https:\/\/www.stockmanparis.fr\/#website"},"primaryImageOfPage":{"@id":"https:\/\/www.stockmanparis.fr\/histoire\/#primaryimage"},"image":{"@id":"https:\/\/www.stockmanparis.fr\/histoire\/#primaryimage"},"thumbnailUrl":"https:\/\/www.stockmanparis.fr\/wp-content\/uploads\/2013\/04\/FredericStockman.png","datePublished":"2013-04-28T13:56:33+00:00","dateModified":"2024-08-20T02:45:52+00:00","breadcrumb":{"@id":"https:\/\/www.stockmanparis.fr\/histoire\/#breadcrumb"},"inLanguage":"en-US","potentialAction":[{"@type":"ReadAction","target":["https:\/\/www.stockmanparis.fr\/histoire\/"]}]},{"@type":"ImageObject","inLanguage":"en-US","@id":"https:\/\/www.stockmanparis.fr\/histoire\/#primaryimage","url":"https:\/\/www.stockmanparis.fr\/wp-content\/uploads\/2013\/04\/FredericStockman.png","contentUrl":"https:\/\/www.stockmanparis.fr\/wp-content\/uploads\/2013\/04\/FredericStockman.png"},{"@type":"BreadcrumbList","@id":"https:\/\/www.stockmanparis.fr\/histoire\/#breadcrumb","itemListElement":[{"@type":"ListItem","position":1,"name":"Home","item":"https:\/\/www.stockmanparis.fr\/"},{"@type":"ListItem","position":2,"name":"Histoire"}]},{"@type":"WebSite","@id":"https:\/\/www.stockmanparis.fr\/#website","url":"https:\/\/www.stockmanparis.fr\/","name":"Stockman Paris","description":"Bustes et Mannequins Stockman pour la outure et les boutiques","publisher":{"@id":"https:\/\/www.stockmanparis.fr\/#organization"},"potentialAction":[{"@type":"SearchAction","target":{"@type":"EntryPoint","urlTemplate":"https:\/\/www.stockmanparis.fr\/?s={search_term_string}"},"query-input":"required name=search_term_string"}],"inLanguage":"en-US"},{"@type":"Organization","@id":"https:\/\/www.stockmanparis.fr\/#organization","name":"Stockman Paris","url":"https:\/\/www.stockmanparis.fr\/","logo":{"@type":"ImageObject","inLanguage":"en-US","@id":"https:\/\/www.stockmanparis.fr\/#\/schema\/logo\/image\/","url":"https:\/\/www.stockmanparis.fr\/wp-content\/uploads\/2013\/04\/logo.png","contentUrl":"https:\/\/www.stockmanparis.fr\/wp-content\/uploads\/2013\/04\/logo.png","width":300,"height":132,"caption":"Stockman Paris"},"image":{"@id":"https:\/\/www.stockmanparis.fr\/#\/schema\/logo\/image\/"}}]}},"_links":{"self":[{"href":"https:\/\/www.stockmanparis.fr\/en\/wp-json\/wp\/v2\/pages\/36"}],"collection":[{"href":"https:\/\/www.stockmanparis.fr\/en\/wp-json\/wp\/v2\/pages"}],"about":[{"href":"https:\/\/www.stockmanparis.fr\/en\/wp-json\/wp\/v2\/types\/page"}],"author":[{"embeddable":true,"href":"https:\/\/www.stockmanparis.fr\/en\/wp-json\/wp\/v2\/users\/1"}],"replies":[{"embeddable":true,"href":"https:\/\/www.stockmanparis.fr\/en\/wp-json\/wp\/v2\/comments?post=36"}],"version-history":[{"count":74,"href":"https:\/\/www.stockmanparis.fr\/en\/wp-json\/wp\/v2\/pages\/36\/revisions"}],"predecessor-version":[{"id":2279,"href":"https:\/\/www.stockmanparis.fr\/en\/wp-json\/wp\/v2\/pages\/36\/revisions\/2279"}],"wp:attachment":[{"href":"https:\/\/www.stockmanparis.fr\/en\/wp-json\/wp\/v2\/media?parent=36"}],"curies":[{"name":"wp","href":"https:\/\/api.w.org\/{rel}","templated":true}]}}