{"id":11,"date":"2013-04-27T07:51:12","date_gmt":"2013-04-27T06:51:12","guid":{"rendered":"http:\/\/www.stockmanparis.fr\/?page_id=11"},"modified":"2024-08-17T04:25:12","modified_gmt":"2024-08-17T03:25:12","slug":"stockman-p","status":"publish","type":"page","link":"https:\/\/www.stockmanparis.fr\/en\/","title":{"rendered":"HOME"},"content":{"rendered":"<div class=\"wp-block-group alignfull has-global-padding is-layout-constrained wp-container-core-group-is-layout-2 wp-block-group-is-layout-constrained\" style=\"padding-top:var(--wp--preset--spacing--40);padding-right:var(--wp--preset--spacing--50);padding-bottom:var(--wp--preset--spacing--40);padding-left:var(--wp--preset--spacing--50)\"><div class=\"wp-block-group has-global-padding is-layout-constrained wp-container-core-group-is-layout-1 wp-block-group-is-layout-constrained\"><h1 class=\"wp-block-heading has-text-align-center has-x-large-font-size\"><strong>Siegel &amp; Stockman<\/strong><\/h1>\n\n<div style=\"height:1.25rem\" aria-hidden=\"true\" class=\"wp-block-spacer\"><\/div>\n\n<p class=\"has-text-align-center\">has been designing and manufacturing mannequins for seamstresses, dressmakers and window displays, stylish mannequins and accessory displays since 1867.<\/p><\/div>\n\n<div style=\"height:var(--wp--preset--spacing--30)\" aria-hidden=\"true\" class=\"wp-block-spacer\"><\/div>\n\n<figure class=\"wp-block-image alignwide size-full is-style-rounded is-style-rounded--28f1379127483727f5269cd67e8618e6\"><img fetchpriority=\"high\" decoding=\"async\" width=\"2000\" height=\"600\" src=\"https:\/\/www.stockmanparis.fr\/wp-content\/uploads\/2013\/04\/home-bg3.jpg\" alt=\"\" class=\"wp-image-62\" srcset=\"https:\/\/www.stockmanparis.fr\/wp-content\/uploads\/2013\/04\/home-bg3.jpg 2000w, https:\/\/www.stockmanparis.fr\/wp-content\/uploads\/2013\/04\/home-bg3-300x90.jpg 300w, https:\/\/www.stockmanparis.fr\/wp-content\/uploads\/2013\/04\/home-bg3-601x180.jpg 601w\" sizes=\"(max-width: 2000px) 100vw, 2000px\" \/><\/figure><\/div><div class=\"wp-block-group alignfull has-global-padding is-layout-constrained wp-container-core-group-is-layout-5 wp-block-group-is-layout-constrained\" style=\"margin-top:0;margin-bottom:0;padding-top:var(--wp--preset--spacing--10);padding-right:var(--wp--preset--spacing--50);padding-bottom:var(--wp--preset--spacing--10);padding-left:var(--wp--preset--spacing--50)\"><div class=\"wp-block-group is-vertical is-content-justification-center is-layout-flex wp-container-core-group-is-layout-3 wp-block-group-is-layout-flex\"><p class=\"has-text-align-center\">Known worldwide thanks to the unique know-how of the House transmitted from generation to generation, Stockman mannequins are used by the biggest names in Haute-Couture and the fashion industry. Handmade in the workshop located near Paris, Stockman busts have the elegance and refinement of French know-how.<\/p><\/div>\n\n<div class=\"wp-block-group alignwide has-global-padding is-layout-constrained wp-container-core-group-is-layout-4 wp-block-group-is-layout-constrained\"><div style=\"height:var(--wp--preset--spacing--40)\" aria-hidden=\"true\" class=\"wp-block-spacer\"><\/div>\n\n<div class=\"wp-block-columns alignwide is-layout-flex wp-container-core-columns-is-layout-1 wp-block-columns-is-layout-flex\"><div class=\"wp-block-column is-vertically-aligned-center is-layout-flow wp-block-column-is-layout-flow\" style=\"flex-basis:40%\"><h3 class=\"wp-block-heading is-style-asterisk has-medium-font-size\">A specialist in dressmaker's mannequins, Stockman has accompanied the evolution of the morphologies of men, women and children for 150 years. The papier-m\u00e2ch\u00e9 construction gives the Stockman mannequin the longevity, strength and charm of a heritage item. Siegel &amp; Stockman also obtained the Living Heritage Company label in 2012.<\/h3><\/div>\n\n<div class=\"wp-block-column is-layout-flow wp-block-column-is-layout-flow\" style=\"flex-basis:50%\"><figure class=\"wp-block-image size-full is-style-rounded is-style-rounded--01d8814385aa211b232662728e02b8af\"><img decoding=\"async\" width=\"2000\" height=\"600\" src=\"https:\/\/www.stockmanparis.fr\/wp-content\/uploads\/2013\/04\/home-bg11.jpg\" alt=\"\" class=\"wp-image-58\" srcset=\"https:\/\/www.stockmanparis.fr\/wp-content\/uploads\/2013\/04\/home-bg11.jpg 2000w, https:\/\/www.stockmanparis.fr\/wp-content\/uploads\/2013\/04\/home-bg11-300x90.jpg 300w, https:\/\/www.stockmanparis.fr\/wp-content\/uploads\/2013\/04\/home-bg11-601x180.jpg 601w\" sizes=\"(max-width: 2000px) 100vw, 2000px\" \/><\/figure><\/div><\/div>\n\n<div style=\"height:var(--wp--preset--spacing--40)\" aria-hidden=\"true\" class=\"wp-block-spacer\"><\/div>\n\n<div class=\"wp-block-columns alignwide is-layout-flex wp-container-core-columns-is-layout-2 wp-block-columns-is-layout-flex\"><div class=\"wp-block-column is-layout-flow wp-block-column-is-layout-flow\" style=\"flex-basis:50%\"><figure class=\"wp-block-image size-full is-style-rounded is-style-rounded--40032e9782c23eb252698349a46210bb\"><img decoding=\"async\" width=\"2000\" height=\"600\" src=\"https:\/\/www.stockmanparis.fr\/wp-content\/uploads\/2013\/04\/Bustes-Vitrine-bg.jpg\" alt=\"\" class=\"wp-image-77\" srcset=\"https:\/\/www.stockmanparis.fr\/wp-content\/uploads\/2013\/04\/Bustes-Vitrine-bg.jpg 2000w, https:\/\/www.stockmanparis.fr\/wp-content\/uploads\/2013\/04\/Bustes-Vitrine-bg-300x90.jpg 300w, https:\/\/www.stockmanparis.fr\/wp-content\/uploads\/2013\/04\/Bustes-Vitrine-bg-601x180.jpg 601w\" sizes=\"(max-width: 2000px) 100vw, 2000px\" \/><\/figure><\/div>\n\n<div class=\"wp-block-column is-vertically-aligned-center is-layout-flow wp-block-column-is-layout-flow\" style=\"flex-basis:40%\"><h3 class=\"wp-block-heading is-style-asterisk has-medium-font-size\">A large part of Stockman's activity is carried out in the field of busts and window mannequins for the layout of shops and the presentation of clothing and accessories. Most of the major international luxury houses, the largest stores and the most influential concept stores in the world equip their points of sale with Stockman mannequins and accessory holders.<\/h3><\/div><\/div><\/div><\/div><div style=\"height:62px\" aria-hidden=\"true\" class=\"wp-block-spacer\"><\/div>","protected":false},"excerpt":{"rendered":"<p>Siegel &amp; Stockman cr\u00e9\u00e9 et fabrique des mannequins pour les couturi\u00e8res, les ateliers de couture et pour la vitrine, des mannequins stylis\u00e9s et des pr\u00e9sentoirs pour les accessoires depuis 1867. Mondialement connus gr\u00e2ce au savoir faire unique de la Maison transmis de g\u00e9n\u00e9ration en g\u00e9n\u00e9ration, les mannequins Stockman sont utilis\u00e9s par les plus grands noms [&hellip;]<\/p>","protected":false},"author":1,"featured_media":0,"parent":0,"menu_order":0,"comment_status":"closed","ping_status":"open","template":"","meta":{"footnotes":""},"class_list":["post-11","page","type-page","status-publish","hentry"],"yoast_head":"<!-- This site is optimized with the Yoast SEO plugin v23.3 - https:\/\/yoast.com\/wordpress\/plugins\/seo\/ -->\n<title>Stockman Paris | Bustes et Mannequins Stockman pour la outure et les boutiques<\/title>\n<meta name=\"description\" content=\"cr\u00e9\u00e9 et fabrique des mannequins pour les couturi\u00e8res, les ateliers de couture et pour la vitrine, des mannequins stylis\u00e9s et des pr\u00e9sentoirs pour les accessoires depuis 1867.\" \/>\n<meta name=\"robots\" content=\"index, follow, max-snippet:-1, max-image-preview:large, max-video-preview:-1\" \/>\n<link rel=\"canonical\" href=\"https:\/\/www.stockmanparis.fr\/en\/\" \/>\n<meta property=\"og:locale\" content=\"en_US\" \/>\n<meta property=\"og:type\" content=\"article\" \/>\n<meta property=\"og:title\" content=\"Stockman Paris | Bustes et Mannequins Stockman pour la outure et les boutiques\" \/>\n<meta property=\"og:description\" content=\"cr\u00e9\u00e9 et fabrique des mannequins pour les couturi\u00e8res, les ateliers de couture et pour la vitrine, des mannequins stylis\u00e9s et des pr\u00e9sentoirs pour les accessoires depuis 1867.\" \/>\n<meta property=\"og:url\" content=\"https:\/\/www.stockmanparis.fr\/en\/\" \/>\n<meta property=\"og:site_name\" content=\"Stockman Paris\" \/>\n<meta property=\"article:modified_time\" content=\"2024-08-17T03:25:12+00:00\" \/>\n<meta property=\"og:image\" content=\"https:\/\/www.stockmanparis.fr\/wp-content\/uploads\/2013\/04\/home-bg3.jpg\" \/>\n<meta name=\"twitter:card\" content=\"summary_large_image\" \/>\n<meta name=\"twitter:label1\" content=\"Est. reading time\" \/>\n\t<meta name=\"twitter:data1\" content=\"2 minutes\" \/>\n<script type=\"application\/ld+json\" class=\"yoast-schema-graph\">{\"@context\":\"https:\/\/schema.org\",\"@graph\":[{\"@type\":\"WebPage\",\"@id\":\"https:\/\/www.stockmanparis.fr\/\",\"url\":\"https:\/\/www.stockmanparis.fr\/\",\"name\":\"Stockman Paris | Bustes et Mannequins Stockman pour la outure et les boutiques\",\"isPartOf\":{\"@id\":\"https:\/\/www.stockmanparis.fr\/#website\"},\"primaryImageOfPage\":{\"@id\":\"https:\/\/www.stockmanparis.fr\/#primaryimage\"},\"image\":{\"@id\":\"https:\/\/www.stockmanparis.fr\/#primaryimage\"},\"thumbnailUrl\":\"https:\/\/www.stockmanparis.fr\/wp-content\/uploads\/2013\/04\/home-bg3.jpg\",\"datePublished\":\"2013-04-27T06:51:12+00:00\",\"dateModified\":\"2024-08-17T03:25:12+00:00\",\"description\":\"cr\u00e9\u00e9 et fabrique des mannequins pour les couturi\u00e8res, les ateliers de couture et pour la vitrine, des mannequins stylis\u00e9s et des pr\u00e9sentoirs pour les accessoires depuis 1867.\",\"breadcrumb\":{\"@id\":\"https:\/\/www.stockmanparis.fr\/#breadcrumb\"},\"inLanguage\":\"en-US\",\"potentialAction\":[{\"@type\":\"ReadAction\",\"target\":[\"https:\/\/www.stockmanparis.fr\/\"]}]},{\"@type\":\"ImageObject\",\"inLanguage\":\"en-US\",\"@id\":\"https:\/\/www.stockmanparis.fr\/#primaryimage\",\"url\":\"https:\/\/www.stockmanparis.fr\/wp-content\/uploads\/2013\/04\/home-bg3.jpg\",\"contentUrl\":\"https:\/\/www.stockmanparis.fr\/wp-content\/uploads\/2013\/04\/home-bg3.jpg\"},{\"@type\":\"BreadcrumbList\",\"@id\":\"https:\/\/www.stockmanparis.fr\/#breadcrumb\",\"itemListElement\":[{\"@type\":\"ListItem\",\"position\":1,\"name\":\"Home\",\"item\":\"https:\/\/www.stockmanparis.fr\/\"},{\"@type\":\"ListItem\",\"position\":2,\"name\":\"Accueil\"}]},{\"@type\":\"WebSite\",\"@id\":\"https:\/\/www.stockmanparis.fr\/#website\",\"url\":\"https:\/\/www.stockmanparis.fr\/\",\"name\":\"Stockman Paris\",\"description\":\"Bustes et Mannequins Stockman pour la outure et les boutiques\",\"publisher\":{\"@id\":\"https:\/\/www.stockmanparis.fr\/#organization\"},\"potentialAction\":[{\"@type\":\"SearchAction\",\"target\":{\"@type\":\"EntryPoint\",\"urlTemplate\":\"https:\/\/www.stockmanparis.fr\/?s={search_term_string}\"},\"query-input\":\"required name=search_term_string\"}],\"inLanguage\":\"en-US\"},{\"@type\":\"Organization\",\"@id\":\"https:\/\/www.stockmanparis.fr\/#organization\",\"name\":\"Stockman Paris\",\"url\":\"https:\/\/www.stockmanparis.fr\/\",\"logo\":{\"@type\":\"ImageObject\",\"inLanguage\":\"en-US\",\"@id\":\"https:\/\/www.stockmanparis.fr\/#\/schema\/logo\/image\/\",\"url\":\"https:\/\/www.stockmanparis.fr\/wp-content\/uploads\/2013\/04\/logo.png\",\"contentUrl\":\"https:\/\/www.stockmanparis.fr\/wp-content\/uploads\/2013\/04\/logo.png\",\"width\":300,\"height\":132,\"caption\":\"Stockman Paris\"},\"image\":{\"@id\":\"https:\/\/www.stockmanparis.fr\/#\/schema\/logo\/image\/\"}}]}<\/script>\n<!-- \/ Yoast SEO plugin. -->","yoast_head_json":{"title":"Stockman Paris | Bustes et Mannequins Stockman pour la outure et les boutiques","description":"cr\u00e9\u00e9 et fabrique des mannequins pour les couturi\u00e8res, les ateliers de couture et pour la vitrine, des mannequins stylis\u00e9s et des pr\u00e9sentoirs pour les accessoires depuis 1867.","robots":{"index":"index","follow":"follow","max-snippet":"max-snippet:-1","max-image-preview":"max-image-preview:large","max-video-preview":"max-video-preview:-1"},"canonical":"https:\/\/www.stockmanparis.fr\/en\/","og_locale":"en_US","og_type":"article","og_title":"Stockman Paris | Bustes et Mannequins Stockman pour la outure et les boutiques","og_description":"cr\u00e9\u00e9 et fabrique des mannequins pour les couturi\u00e8res, les ateliers de couture et pour la vitrine, des mannequins stylis\u00e9s et des pr\u00e9sentoirs pour les accessoires depuis 1867.","og_url":"https:\/\/www.stockmanparis.fr\/en\/","og_site_name":"Stockman Paris","article_modified_time":"2024-08-17T03:25:12+00:00","og_image":[{"url":"https:\/\/www.stockmanparis.fr\/wp-content\/uploads\/2013\/04\/home-bg3.jpg"}],"twitter_card":"summary_large_image","twitter_misc":{"Est. reading time":"2 minutes"},"schema":{"@context":"https:\/\/schema.org","@graph":[{"@type":"WebPage","@id":"https:\/\/www.stockmanparis.fr\/","url":"https:\/\/www.stockmanparis.fr\/","name":"Stockman Paris | Bustes et Mannequins Stockman pour la outure et les boutiques","isPartOf":{"@id":"https:\/\/www.stockmanparis.fr\/#website"},"primaryImageOfPage":{"@id":"https:\/\/www.stockmanparis.fr\/#primaryimage"},"image":{"@id":"https:\/\/www.stockmanparis.fr\/#primaryimage"},"thumbnailUrl":"https:\/\/www.stockmanparis.fr\/wp-content\/uploads\/2013\/04\/home-bg3.jpg","datePublished":"2013-04-27T06:51:12+00:00","dateModified":"2024-08-17T03:25:12+00:00","description":"cr\u00e9\u00e9 et fabrique des mannequins pour les couturi\u00e8res, les ateliers de couture et pour la vitrine, des mannequins stylis\u00e9s et des pr\u00e9sentoirs pour les accessoires depuis 1867.","breadcrumb":{"@id":"https:\/\/www.stockmanparis.fr\/#breadcrumb"},"inLanguage":"en-US","potentialAction":[{"@type":"ReadAction","target":["https:\/\/www.stockmanparis.fr\/"]}]},{"@type":"ImageObject","inLanguage":"en-US","@id":"https:\/\/www.stockmanparis.fr\/#primaryimage","url":"https:\/\/www.stockmanparis.fr\/wp-content\/uploads\/2013\/04\/home-bg3.jpg","contentUrl":"https:\/\/www.stockmanparis.fr\/wp-content\/uploads\/2013\/04\/home-bg3.jpg"},{"@type":"BreadcrumbList","@id":"https:\/\/www.stockmanparis.fr\/#breadcrumb","itemListElement":[{"@type":"ListItem","position":1,"name":"Home","item":"https:\/\/www.stockmanparis.fr\/"},{"@type":"ListItem","position":2,"name":"Accueil"}]},{"@type":"WebSite","@id":"https:\/\/www.stockmanparis.fr\/#website","url":"https:\/\/www.stockmanparis.fr\/","name":"Stockman Paris","description":"Bustes et Mannequins Stockman pour la outure et les boutiques","publisher":{"@id":"https:\/\/www.stockmanparis.fr\/#organization"},"potentialAction":[{"@type":"SearchAction","target":{"@type":"EntryPoint","urlTemplate":"https:\/\/www.stockmanparis.fr\/?s={search_term_string}"},"query-input":"required name=search_term_string"}],"inLanguage":"en-US"},{"@type":"Organization","@id":"https:\/\/www.stockmanparis.fr\/#organization","name":"Stockman Paris","url":"https:\/\/www.stockmanparis.fr\/","logo":{"@type":"ImageObject","inLanguage":"en-US","@id":"https:\/\/www.stockmanparis.fr\/#\/schema\/logo\/image\/","url":"https:\/\/www.stockmanparis.fr\/wp-content\/uploads\/2013\/04\/logo.png","contentUrl":"https:\/\/www.stockmanparis.fr\/wp-content\/uploads\/2013\/04\/logo.png","width":300,"height":132,"caption":"Stockman Paris"},"image":{"@id":"https:\/\/www.stockmanparis.fr\/#\/schema\/logo\/image\/"}}]}},"_links":{"self":[{"href":"https:\/\/www.stockmanparis.fr\/en\/wp-json\/wp\/v2\/pages\/11"}],"collection":[{"href":"https:\/\/www.stockmanparis.fr\/en\/wp-json\/wp\/v2\/pages"}],"about":[{"href":"https:\/\/www.stockmanparis.fr\/en\/wp-json\/wp\/v2\/types\/page"}],"author":[{"embeddable":true,"href":"https:\/\/www.stockmanparis.fr\/en\/wp-json\/wp\/v2\/users\/1"}],"replies":[{"embeddable":true,"href":"https:\/\/www.stockmanparis.fr\/en\/wp-json\/wp\/v2\/comments?post=11"}],"version-history":[{"count":58,"href":"https:\/\/www.stockmanparis.fr\/en\/wp-json\/wp\/v2\/pages\/11\/revisions"}],"predecessor-version":[{"id":2156,"href":"https:\/\/www.stockmanparis.fr\/en\/wp-json\/wp\/v2\/pages\/11\/revisions\/2156"}],"wp:attachment":[{"href":"https:\/\/www.stockmanparis.fr\/en\/wp-json\/wp\/v2\/media?parent=11"}],"curies":[{"name":"wp","href":"https:\/\/api.w.org\/{rel}","templated":true}]}}